{"id":12815,"date":"2025-03-06T11:23:14","date_gmt":"2025-03-06T10:23:14","guid":{"rendered":"https:\/\/www.slovozivota.sk\/?page_id=12815"},"modified":"2025-03-06T11:23:14","modified_gmt":"2025-03-06T10:23:14","slug":"kto-sme","status":"publish","type":"page","link":"https:\/\/www.slovozivota.sk\/en\/kto-sme\/","title":{"rendered":"Kto sme"},"content":{"rendered":"<h1>Kto sme<\/h1>\n<p>Sme kres\u0165ania, ktor\u00ed pre\u017eili osobn\u00e9 obr\u00e1tenie k Bohu. Slovami franc\u00fazskeho fyzika Blaise Pascala: \u201eBoh stvoril ka\u017ed\u00e9ho \u010dloveka s\u00a0pr\u00e1zdnom v\u00a0tvare Boha\u201c. Nech to pr\u00e1zdno nap\u013a\u0148ame \u010d\u00edmko\u013evek, nikdy ho v\u00a0skuto\u010dnosti nezapln\u00edme; naozajstn\u00e9 uspokojenie n\u00e1jdeme len v\u00a0poznan\u00ed n\u00e1\u0161ho Stvorite\u013ea.<\/p>\n<p>Dovo\u013ete mi p\u00e1r slov o n\u00e1s. Ka\u017ed\u00fd m\u00e1me \u201evlastn\u00fd pr\u00edbeh\u201c, ale to, \u010do n\u00e1s sp\u00e1ja, je viera v Sv\u00e4t\u00e9 p\u00edsmo a t\u00fa\u017eba nasledova\u0165 Je\u017ei\u0161a Krista. Pre\u017eili sme nie\u010do podobn\u00e9, \u010do popisuje C.S.Lewis vo svojej knihe \u201eZasko\u010den\u00fd rados\u0165ou\u201c. Ke\u010f sa obr\u00e1til ku Kristovi, naplnila ho rados\u0165, ktor\u00fa v\u00f4bec neo\u010dak\u00e1val. Bol vzdelan\u00fdm profesorom v\u00fdznamn\u00fdch univerz\u00edt a\u00a0kres\u0165anstvo si sp\u00e1jal so v\u0161etk\u00fdm mo\u017en\u00fdm, len nie s\u00a0rados\u0165ou. Ke\u010f v\u0161ak v\u00a0modlitbe po\u017eiadal Je\u017ei\u0161a, aby vst\u00fapil do jeho \u017eivota, pre\u017eil odpustenie hriechov a\u00a0jeho \u017eivot z\u00edskal nov\u00fd rozmer.<\/p>\n<iframe loading=\"lazy\"  id=\"_ytid_42974\"  width=\"1170\" height=\"658\"  data-origwidth=\"1170\" data-origheight=\"658\" src=\"https:\/\/www.youtube.com\/embed\/gliyIkdU7nI?enablejsapi=1&autoplay=0&cc_load_policy=0&cc_lang_pref=&iv_load_policy=1&loop=0&modestbranding=0&rel=1&fs=1&playsinline=0&autohide=2&theme=dark&color=red&controls=1&\" class=\"__youtube_prefs__  no-lazyload\" title=\"YouTube player\"  allow=\"fullscreen; accelerometer; autoplay; clipboard-write; encrypted-media; gyroscope; picture-in-picture\" allowfullscreen data-no-lazy=\"1\" data-skipgform_ajax_framebjll=\"\"><\/iframe>\n<p>&nbsp;<\/p>\n<p>Samozrejme, podobne ako ktoko\u013evek in\u00fd, aj kres\u0165ania vo svojom \u017eivote prech\u00e1dzaj\u00fa ne\u013eahk\u00fdmi situ\u00e1ciami. Rozdiel je v\u00a0tom, \u017ee nimi m\u00f4\u017eu prech\u00e1dza\u0165 s\u00a0vedom\u00edm, \u017ee Boh je s\u00a0nimi. Ke\u010f raz ist\u00fd veriaci prech\u00e1dzal \u017eivotnou sk\u00fa\u0161kou a\u00a0s\u0165a\u017eoval sa Bohu, vo svojom vn\u00fatri po\u010dul tak\u00fato odpove\u010f. \u201eNikdy som nepovedal, \u017ee \u017eivot so mnou je \u013eahk\u00fd, ale \u017eivot bezo m\u0148a je ove\u013ea \u0165a\u017e\u0161\u00ed.\u201c<\/p>\n<p>Svet sa v\u0161ak z\u010faleka neto\u010d\u00ed len okolo n\u00e1s. Mali by sme pom\u00e1ha\u0165 druh\u00fdm. Kr\u00ed\u017e, na ktorom umieral Bo\u017e\u00ed Syn, mal dve brvn\u00e1; jedno vertik\u00e1lne, ktor\u00e9 ukazuje na zmierenie Boha a\u00a0\u010dloveka, druh\u00e9 horizont\u00e1lne, ktor\u00e9 symbolizuje zmierenie s\u00a0\u013eu\u010fmi okolo n\u00e1s. Aj preto ver\u00edme v d\u00f4le\u017eitos\u0165 priate\u013estva, budovania vz\u0165ahov a komunity. Srde\u010dne v\u00e1s poz\u00fdvame do n\u00e1\u0161ho spolo\u010denstva, ponuka je celkom \u0161irok\u00e1: Program pre deti v\u00a0r\u00e1mci nede\u013enej bohoslu\u017eby, skvel\u00e9 letn\u00e9 t\u00e1bory pre deti a ml\u00e1de\u017e, v\u00fdborn\u00e1 komunita t\u00edned\u017eerov a\u00a0mlad\u00fdch \u013eud\u00ed, bohoslu\u017eby, predn\u00e1\u0161ky, gospel, \u010di r\u00f4zne aktivity pre rodiny, ale aj seniorov.<\/p>\n<p>V\u00e1\u017eim si, \u017ee ste si na\u0161li \u010das na na\u0161u internetov\u00fa str\u00e1nku, no uis\u0165ujem v\u00e1s, \u017ee n\u00e1m bude pote\u0161en\u00edm spozna\u0165 v\u00e1s aj osobne.<\/p>\n<p>&nbsp;<\/p>\n","protected":false},"excerpt":{"rendered":"<p>Kto sme Sme kres\u0165ania, ktor\u00ed pre\u017eili osobn\u00e9 obr\u00e1tenie k Bohu. Slovami franc\u00fazskeho fyzika Blaise Pascala: \u201eBoh stvoril ka\u017ed\u00e9ho \u010dloveka s\u00a0pr\u00e1zdnom v\u00a0tvare Boha\u201c. Nech to pr\u00e1zdno nap\u013a\u0148ame \u010d\u00edmko\u013evek, nikdy ho v\u00a0skuto\u010dnosti [&hellip;]<\/p>\n","protected":false},"author":109,"featured_media":0,"parent":0,"menu_order":0,"comment_status":"closed","ping_status":"closed","template":"","meta":{"episode_type":"","audio_file":"","cover_image":"","cover_image_id":"","duration":"","filesize":"","date_recorded":"","explicit":"","block":"","filesize_raw":"","footnotes":""},"class_list":["post-12815","page","type-page","status-publish","hentry"],"_links":{"self":[{"href":"https:\/\/www.slovozivota.sk\/en\/wp-json\/wp\/v2\/pages\/12815","targetHints":{"allow":["GET"]}}],"collection":[{"href":"https:\/\/www.slovozivota.sk\/en\/wp-json\/wp\/v2\/pages"}],"about":[{"href":"https:\/\/www.slovozivota.sk\/en\/wp-json\/wp\/v2\/types\/page"}],"author":[{"embeddable":true,"href":"https:\/\/www.slovozivota.sk\/en\/wp-json\/wp\/v2\/users\/109"}],"replies":[{"embeddable":true,"href":"https:\/\/www.slovozivota.sk\/en\/wp-json\/wp\/v2\/comments?post=12815"}],"version-history":[{"count":1,"href":"https:\/\/www.slovozivota.sk\/en\/wp-json\/wp\/v2\/pages\/12815\/revisions"}],"predecessor-version":[{"id":12816,"href":"https:\/\/www.slovozivota.sk\/en\/wp-json\/wp\/v2\/pages\/12815\/revisions\/12816"}],"wp:attachment":[{"href":"https:\/\/www.slovozivota.sk\/en\/wp-json\/wp\/v2\/media?parent=12815"}],"curies":[{"name":"wp","href":"https:\/\/api.w.org\/{rel}","templated":true}]}}