{"id":4163,"date":"2019-09-30T22:47:56","date_gmt":"2019-09-30T20:47:56","guid":{"rendered":"https:\/\/new.slovozivota.sk\/?page_id=4163"},"modified":"2026-01-27T17:23:38","modified_gmt":"2026-01-27T16:23:38","slug":"kontakt","status":"publish","type":"page","link":"https:\/\/www.slovozivota.sk\/en\/kontakt\/","title":{"rendered":"Contact"},"content":{"rendered":"<p>[vc_row full_width=&#8221;stretch_row_content_no_spaces&#8221;][vc_column][vc_gmaps link=&#8221;#E-8_JTNDaWZyYW1lJTIwc3JjJTNEJTIyaHR0cHMlM0ElMkYlMkZ3d3cuZ29vZ2xlLmNvbSUyRm1hcHMlMkZlbWJlZCUzRnBiJTNEJTIxMW0xOCUyMTFtMTIlMjExbTMlMjExZDEzMzAuNTkyODMzMjk3MDIwNyUyMTJkMTcuMTUzMzMyNjU4MjIzNjc1JTIxM2Q0OC4xNjQ1MDI3ODM4MjUwNSUyMTJtMyUyMTFmMCUyMTJmMCUyMTNmMCUyMTNtMiUyMTFpMTAyNCUyMTJpNzY4JTIxNGYxMy4xJTIxM20zJTIxMW0yJTIxMXMweDAlMjUzQTB4MCUyMTJ6TkRqQ3NEQTVKelV5TGpJaVRpQXhOOEt3TURrbk1UVXVPU0pGJTIxNWUwJTIxM20yJTIxMXNzayUyMTJzc2slMjE0djE1Njk4NzY4OTk1ODclMjE1bTIlMjExc3NrJTIxMnNzayUyMiUyMCUyMGhlaWdodCUzRCUyMjMwMCUyMiUyMGZyYW1lYm9yZGVyJTNEJTIyMCUyMiUyMHN0eWxlJTNEJTIyYm9yZGVyJTNBMCUzQiUyMiUyMGFsbG93ZnVsbHNjcmVlbiUzRCUyMiUyMiUzRSUzQyUyRmlmcmFtZSUzRQ==&#8221; size=&#8221;300&#8243;][vc_empty_space][vc_column_text]<\/p>\n<h1 style=\"text-align: center;\">Slovo \u017eivota international Bratislava<\/h1>\n<p style=\"text-align: center;\">[\/vc_column_text][\/vc_column][\/vc_row][vc_row][vc_column width=&#8221;1\/2&#8243;][vc_column_text]<\/p>\n<h3>Contact information:<\/h3>\n<p>Slovo \u017eivota international Bratislava<br \/>\nTom\u00e1\u0161ikova 30<br \/>\n821 01\u00a0 Bratislava<\/p>\n<p>Omnia premises, top floor<\/p>\n<p>E-mail: slovozivota@slovozivota.sk<br \/>\nPublish house: huncar@slovozivota.sk<\/p>\n<p>I\u010cO: 30839998<br \/>\nDI\u010c: 2020992237<br \/>\nI\u010c DPH: SK2020992237<br \/>\nIBAN: SK87 0200 0000 0000 6843 4112<br \/>\nSwift: SUBASKBX<br \/>\nAccount name: SLOVO ZIVOTA INTERNATIONAL BRATISLAVA<\/p>\n<h3>Christian meetings:<\/h3>\n<p>Sunday services \u2013 Sunday \u2013 10:00<br \/>\nPrayer meetings \u2013 Monday \u2013 18:30<br \/>\nSpark (young adults meetings) \u2013 <span class=\"tlid-translation translation\" lang=\"en\"><span class=\"\" title=\"\">Thursday<\/span><\/span> \u2013 18:00<br \/>\nG1 (youth meetings) \u2013 Friday &#8211; odd week \u2013 17:30<\/p>\n<p><span class=\"tlid-translation translation\" lang=\"en\"><span class=\"\" title=\"\">You can find current information about the meeting time<\/span><\/span> <a href=\"https:\/\/www.slovozivota.sk\/en\/kalendar\/\">in the calendar<\/a>.[\/vc_column_text][\/vc_column][vc_column width=&#8221;1\/2&#8243;][vc_column_text]<\/p>\n<h3><span class=\"tlid-translation translation\" lang=\"en\"><span class=\"\" title=\"\">Public Transport<\/span><\/span>:<\/h3>\n<ul>\n<li>stop Habursk\u00e1 (on the street Tom\u00e1\u0161ikova): 50, 96, N61<\/li>\n<li>stop Trnavsk\u00e1 cesta (on the street Trnavsk\u00e1 cesta): 39, 63, 163, N74<\/li>\n<li>stop Klientsk\u00e9 centrum (on the street Trnavsk\u00e1 cesta): 39, 53, 61, 63, N74<\/li>\n<\/ul>\n<p>Timetables: <a href=\"https:\/\/imhd.sk\/ba\/journey-planner\" target=\"_blank\" rel=\"noopener\">https:\/\/imhd.sk\/ba\/journey-planner<\/a>[\/vc_column_text][vc_empty_space][vc_column_text]<\/p>\n<h3>Parking:<\/h3>\n<p>[\/vc_column_text][vc_empty_space][vc_single_image image=&#8221;12825&#8243; img_size=&#8221;large&#8221;][\/vc_column][vc_column][\/vc_column][\/vc_row][vc_row][vc_column][vc_empty_space][\/vc_column][\/vc_row][vc_row][vc_column width=&#8221;2\/3&#8243;][vc_column_text]<\/p>\n<h2 style=\"text-align: left;\"><span class=\"tlid-translation translation\" lang=\"en\"><span class=\"\" title=\"\">We are also in other towns<\/span><\/span><\/h2>\n<p>[\/vc_column_text][vc_empty_space]<div class=\"sc_accordion sc_accordion_style_2\" data-active=\"-1\"><div class=\"sc_accordion_item odd first\"><h5 class=\"sc_accordion_title\"><span class=\"first-letter-accordion\"><\/span><span class=\"sc_accordion_addtional\"><span class=\"sc_accordion_icon sc_accordion_icon_closed icon-plus\"><\/span><span class=\"sc_accordion_icon sc_accordion_icon_opened icon-minus\"><\/span>Bansk\u00e1 Bystrica<\/span><\/h5><div class=\"sc_accordion_content\">[vc_column_text]Miesto: Kuku\u010d\u00ednova 8 (Dom techniky)<br \/>\nUtorok: od 17:30 &#8211; Biblick\u00e9 z\u00e1klady<br \/>\nNede\u013ea: od 16:00 do 20:00 \u2013 Bohoslu\u017eby<\/p>\n<p>Kontakt: Martin Hun\u010d\u00e1r<br \/>\nTel.: 0903440480<br \/>\nE-mail: huncar@slovozivota.sk<\/p>\n<p><iframe loading=\"lazy\" style=\"border: 0;\" src=\"https:\/\/www.google.com\/maps\/embed?pb=!1m18!1m12!1m3!1d2631.177013775535!2d19.153069351166724!3d48.74031531686572!2m3!1f0!2f0!3f0!3m2!1i1024!2i768!4f13.1!3m3!1m2!1s0x4715160170158e49%3A0xe924ced39854b060!2zS3VrdcSNw61ub3ZhIDE5MTIvOCwgOTc0IDAxIEJhbnNrw6EgQnlzdHJpY2E!5e0!3m2!1ssk!2ssk!4v1569878939204!5m2!1ssk!2ssk\" width=\"1000\" height=\"300\" frameborder=\"0\" allowfullscreen=\"allowfullscreen\"><\/iframe>[\/vc_column_text]<\/div><\/div><div class=\"sc_accordion_item even\"><h5 class=\"sc_accordion_title\"><span class=\"first-letter-accordion\"><\/span><span class=\"sc_accordion_addtional\"><span class=\"sc_accordion_icon sc_accordion_icon_closed icon-plus\"><\/span><span class=\"sc_accordion_icon sc_accordion_icon_opened icon-minus\"><\/span>Bansk\u00e1 \u0160tiavnica<\/span><\/h5><div class=\"sc_accordion_content\">[vc_column_text]Miesto: Kri\u017eovatka 12\/A, Bansk\u00e1 \u0160tiavnica<br \/>\nVerejn\u00e9 zhroma\u017edenia: nede\u013ea o 10:00<\/p>\n<p>Ved\u00faci: Juraj Michel\u00edk,<br \/>\nTel.: 0951 612 736<br \/>\nE-mail: juraj.michelik@gmail.com<br \/>\nWeb: <a href=\"https:\/\/stiavnica.slovozivota.sk\" target=\"_blank\" rel=\"noopener noreferrer\">stiavnica.slovozivota.sk<\/a><\/p>\n<p>&nbsp;<\/p>\n<p><iframe loading=\"lazy\" style=\"border: 0;\" src=\"https:\/\/www.google.com\/maps\/embed?pb=!1m18!1m12!1m3!1d2646.41030198916!2d18.904444176139915!3d48.448656629453765!2m3!1f0!2f0!3f0!3m2!1i1024!2i768!4f13.1!3m3!1m2!1s0x4715332c95fefbb1%3A0xa8a10697ab758cdb!2sKri%C5%BEovatka%201808%2F12A%2C%20969%2001%20Bansk%C3%A1%20%C5%A0tiavnica!5e0!3m2!1ssk!2ssk!4v1712661318374!5m2!1ssk!2ssk\" width=\"1000\" height=\"300\" allowfullscreen=\"allowfullscreen\"><\/iframe>[\/vc_column_text]<\/div><\/div><div id=\"sc_accordion_item_1569878961591_0\" class=\"sc_accordion_item odd\"><h5 class=\"sc_accordion_title\"><span class=\"first-letter-accordion\"><\/span><span class=\"sc_accordion_addtional\"><span class=\"sc_accordion_icon sc_accordion_icon_closed icon-plus\"><\/span><span class=\"sc_accordion_icon sc_accordion_icon_opened icon-minus\"><\/span>Kom\u00e1rno<\/span><\/h5><div class=\"sc_accordion_content\">[vc_column_text]Temporary contact: <a href=\"mailto:slovozivota@slovozivota.sk\">slovozivota@slovozivota.sk<\/a><\/p>\n<p>&nbsp;<\/p>\n<p>[\/vc_column_text]<\/div><\/div><div id=\"sc_accordion_item_1570066178411_0\" class=\"sc_accordion_item even\"><h5 class=\"sc_accordion_title\"><span class=\"first-letter-accordion\"><\/span><span class=\"sc_accordion_addtional\"><span class=\"sc_accordion_icon sc_accordion_icon_closed icon-plus\"><\/span><span class=\"sc_accordion_icon sc_accordion_icon_opened icon-minus\"><\/span>Michalovce<\/span><\/h5><div class=\"sc_accordion_content\">[vc_column_text]Miesto: Mo\u010darianska 3 (1. poschodie v\u013eavo, vchod 3 Trade ved\u013ea predajne) <br class=\"\" \/>Zhroma\u017edenia: ka\u017ed\u00fd druh\u00fd piatok\/sobota\/nede\u013ea o 17:00 h<br class=\"\" \/><br class=\"\" \/>Ved\u00faca: Svetlana Lechv\u00e1rov\u00e1<br class=\"\" \/>E-mail: svetlanale153@gmail.com<br class=\"\" \/>Tel.: 0907 709 123<br class=\"\" \/>Kontaktn\u00e1 osoba: Iveta Halapiov\u00e1<br class=\"\" \/>Tel.: 0905 771 052<\/p>\n<p><iframe loading=\"lazy\" style=\"border: 0;\" src=\"https:\/\/www.google.com\/maps\/embed?pb=!1m12!1m8!1m3!1d5261.832560486977!2d21.899368!3d48.745296!3m2!1i1024!2i768!4f13.1!2m1!1sMo%C4%8Darianska%201451%2F3%20071%2001%20Michalovce!5e0!3m2!1ssk!2ssk!4v1668506116431!5m2!1ssk!2ssk\" width=\"1000\" height=\"300\" frameborder=\"0\" allowfullscreen=\"allowfullscreen\"><\/iframe>[\/vc_column_text]<\/div><\/div><div id=\"sc_accordion_item_1569879022655_4\" class=\"sc_accordion_item odd\"><h5 class=\"sc_accordion_title\"><span class=\"first-letter-accordion\"><\/span><span class=\"sc_accordion_addtional\"><span class=\"sc_accordion_icon sc_accordion_icon_closed icon-plus\"><\/span><span class=\"sc_accordion_icon sc_accordion_icon_opened icon-minus\"><\/span>Nitra<\/span><\/h5><div class=\"sc_accordion_content\">[vc_column_text]Miesto: Mari\u00e1nska dolina 14<br \/>\n(zelen\u00e1 br\u00e1na, vo dvore, na pr\u00edzem\u00ed budovy), nach\u00e1dza sa pod Kalv\u00e1riou, uli\u010dka za re\u0161taur\u00e1ciou Hoffer, parkovanie na ul. Kalv\u00e1rska<\/p>\n<p>Verejn\u00e9 zhroma\u017edenia: nede\u013ea 10:00<br \/>\nPastor: Jaroslav Min\u00e1r<br \/>\nTel.: 0903715925<br \/>\nE-mail: <a href=\"mailto:szkcoaza@gmail.com\">szkcoaza@gmail.com<\/a><br \/>\nWeb: <a href=\"http:\/\/www.slovozivotanitra.sk\" target=\"_blank\" rel=\"noopener noreferrer\">www.slovozivotanitra.sk<\/a><br \/>\nFaceBook: <a href=\"https:\/\/www.facebook.com\/SlovoZivotaNitra\" target=\"_blank\" rel=\"noopener noreferrer\">www.facebook.com\/SlovoZivotaNitra<\/a><\/p>\n<p>&nbsp;<\/p>\n<p><iframe loading=\"lazy\" style=\"border: 0;\" src=\"https:\/\/www.google.com\/maps\/embed?pb=!1m18!1m12!1m3!1d2654.1211031769094!2d18.087867351152887!3d48.30052224767514!2m3!1f0!2f0!3f0!3m2!1i1024!2i768!4f13.1!3m3!1m2!1s0x476b3efa14d3b62b%3A0x2a76d953d59f7059!2sMari%C3%A1nska%20dolina%202819%2F14%2C%20949%2001%20Nitra!5e0!3m2!1ssk!2ssk!4v1569879059274!5m2!1ssk!2ssk\" width=\"1000\" height=\"300\" frameborder=\"0\" allowfullscreen=\"allowfullscreen\"><\/iframe>[\/vc_column_text]<\/div><\/div><div id=\"sc_accordion_item_1569879075547_4\" class=\"sc_accordion_item even\"><h5 class=\"sc_accordion_title\"><span class=\"first-letter-accordion\"><\/span><span class=\"sc_accordion_addtional\"><span class=\"sc_accordion_icon sc_accordion_icon_closed icon-plus\"><\/span><span class=\"sc_accordion_icon sc_accordion_icon_opened icon-minus\"><\/span>Prievidza<\/span><\/h5><div class=\"sc_accordion_content\">[vc_column_text]Miesto: A. Mi\u0161\u00fata 32, 1. poschodie OD L\u00faky<\/p>\n<p>Zhroma\u017edenia:<br \/>\nNede\u013ea 9:30 &#8211; bohoslu\u017eby<br \/>\nPiatok 18:00 &#8211; \u0161t\u00fadium Biblie<\/p>\n<p>Pastor: Milan Ko\u0161a<br \/>\nTel.: 0948 978 432<br \/>\nE-mail: skrestanovpd@gmail.com<br \/>\nWeb: <a href=\"https:\/\/www.domnaskale.sk\" target=\"_blank\" rel=\"noopener noreferrer\">www.domnaskale.sk<\/a><\/p>\n<p>&nbsp;<\/p>\n<p><iframe loading=\"lazy\" style=\"border: 0;\" src=\"https:\/\/www.google.com\/maps\/embed?pb=!1m18!1m12!1m3!1d2629.1118268446558!2d18.615137351167892!3d48.77975531409283!2m3!1f0!2f0!3f0!3m2!1i1024!2i768!4f13.1!3m3!1m2!1s0x4714dce438244617%3A0xf02124db591bf9e3!2sA.%20Mi%C5%A1%C3%BAta%2032%2C%20971%2001%20Prievidza!5e0!3m2!1ssk!2ssk!4v1569879131371!5m2!1ssk!2ssk\" width=\"1000\" height=\"300\" frameborder=\"0\" allowfullscreen=\"allowfullscreen\"><\/iframe>[\/vc_column_text]<\/div><\/div><div id=\"sc_accordion_item_1569879483834_9\" class=\"sc_accordion_item odd\"><h5 class=\"sc_accordion_title\"><span class=\"first-letter-accordion\"><\/span><span class=\"sc_accordion_addtional\"><span class=\"sc_accordion_icon sc_accordion_icon_closed icon-plus\"><\/span><span class=\"sc_accordion_icon sc_accordion_icon_opened icon-minus\"><\/span>Sere\u010f<\/span><\/h5><div class=\"sc_accordion_content\">[vc_column_text]Miesto: Dom kult\u00fary Sere\u010f, \u0160kolsk\u00e1 118\/1, 1. poschodie<br \/>\nVerejn\u00e9 zhroma\u017edenia: nede\u013ea 9:30<\/p>\n<p>Pastor: Pavol Varga<br \/>\nTel.: 0918526383, 031-7894 267<\/p>\n<p>&nbsp;<\/p>\n<p><iframe loading=\"lazy\" style=\"border: 0;\" src=\"https:\/\/www.google.com\/maps\/embed?pb=!1m18!1m12!1m3!1d2654.9694991038123!2d17.736236051152304!3d48.284202648814365!2m3!1f0!2f0!3f0!3m2!1i1024!2i768!4f13.1!3m3!1m2!1s0x476b67bf4e3c1643%3A0x4862490c8c1e234f!2sDom%20kult%C3%BAry!5e0!3m2!1ssk!2ssk!4v1569879520576!5m2!1ssk!2ssk\" width=\"1000\" height=\"300\" frameborder=\"0\" allowfullscreen=\"allowfullscreen\"><\/iframe>[\/vc_column_text]<\/div><\/div><\/div>[\/vc_column][vc_column width=&#8221;1\/3&#8243;][vc_raw_html]JTNDYSUyMG5hbWUlM0QlMjJrb250YWt0JTIyJTNFJTNDJTJGYSUzRQ==[\/vc_raw_html][vc_column_text]<\/p>\n<h2 style=\"text-align: left;\">Contact us<\/h2>\n<p>[\/vc_column_text][vc_empty_space]\n<div class=\"wpcf7 no-js\" id=\"wpcf7-f4097-o1\" lang=\"sk-SK\" dir=\"ltr\" data-wpcf7-id=\"4097\">\n<div class=\"screen-reader-response\"><p role=\"status\" aria-live=\"polite\" aria-atomic=\"true\"><\/p> <ul><\/ul><\/div>\n<form action=\"\/en\/wp-json\/wp\/v2\/pages\/4163#wpcf7-f4097-o1\" method=\"post\" class=\"wpcf7-form init\" aria-label=\"Kontaktn\u00fd formul\u00e1r\" novalidate=\"novalidate\" data-status=\"init\">\n<div style=\"display: none;\">\n<input type=\"hidden\" name=\"_wpcf7\" value=\"4097\" \/>\n<input type=\"hidden\" name=\"_wpcf7_version\" value=\"6.0.4\" \/>\n<input type=\"hidden\" name=\"_wpcf7_locale\" value=\"sk_SK\" \/>\n<input type=\"hidden\" name=\"_wpcf7_unit_tag\" value=\"wpcf7-f4097-o1\" \/>\n<input type=\"hidden\" name=\"_wpcf7_container_post\" value=\"0\" \/>\n<input type=\"hidden\" name=\"_wpcf7_posted_data_hash\" value=\"\" \/>\n<input type=\"hidden\" name=\"lang\" value=\"en\" \/>\n<input type=\"hidden\" name=\"_wpcf7_recaptcha_response\" value=\"\" \/>\n<\/div>\n<p><label> Your name<br \/>\n<span class=\"wpcf7-form-control-wrap\" data-name=\"your-name\"><input size=\"40\" maxlength=\"400\" class=\"wpcf7-form-control wpcf7-text wpcf7-validates-as-required\" aria-required=\"true\" aria-invalid=\"false\" value=\"\" type=\"text\" name=\"your-name\" \/><\/span> <\/label>\n<\/p>\n<p><label> Your e-mail<br \/>\n<span class=\"wpcf7-form-control-wrap\" data-name=\"your-email\"><input size=\"40\" maxlength=\"400\" class=\"wpcf7-form-control wpcf7-email wpcf7-validates-as-required wpcf7-text wpcf7-validates-as-email\" aria-required=\"true\" aria-invalid=\"false\" value=\"\" type=\"email\" name=\"your-email\" \/><\/span> <\/label>\n<\/p>\n<p><label> Subject<br \/>\n<span class=\"wpcf7-form-control-wrap\" data-name=\"your-subject\"><input size=\"40\" maxlength=\"400\" class=\"wpcf7-form-control wpcf7-text\" aria-invalid=\"false\" value=\"\" type=\"text\" name=\"your-subject\" \/><\/span> <\/label>\n<\/p>\n<p><label> Your message<br \/>\n<span class=\"wpcf7-form-control-wrap\" data-name=\"your-message\"><textarea cols=\"40\" rows=\"10\" maxlength=\"2000\" class=\"wpcf7-form-control wpcf7-textarea\" aria-invalid=\"false\" name=\"your-message\"><\/textarea><\/span> <\/label>\n<\/p>\n<p>[wpgdprc \"S\u00fahlas\u00edm so spracovan\u00edm osobn\u00fdch \u00fadajov\"]\n<\/p>\n<p><input class=\"wpcf7-form-control wpcf7-submit has-spinner\" type=\"submit\" value=\"Send\" \/>\n<\/p><div class=\"wpcf7-response-output\" aria-hidden=\"true\"><\/div>\n<\/form>\n<\/div>\n[\/vc_column][\/vc_row][vc_row][vc_column][vc_empty_space][\/vc_column][\/vc_row][vc_row][vc_column width=&#8221;1\/2&#8243;][\/vc_column][vc_column width=&#8221;1\/2&#8243;][\/vc_column][\/vc_row][vc_row][vc_column][vc_empty_space][\/vc_column][\/vc_row]<\/p>\n","protected":false},"excerpt":{"rendered":"<p>[vc_row full_width=&#8221;stretch_row_content_no_spaces&#8221;][vc_column][vc_gmaps link=&#8221;#E-8_JTNDaWZyYW1lJTIwc3JjJTNEJTIyaHR0cHMlM0ElMkYlMkZ3d3cuZ29vZ2xlLmNvbSUyRm1hcHMlMkZlbWJlZCUzRnBiJTNEJTIxMW0xOCUyMTFtMTIlMjExbTMlMjExZDEzMzAuNTkyODMzMjk3MDIwNyUyMTJkMTcuMTUzMzMyNjU4MjIzNjc1JTIxM2Q0OC4xNjQ1MDI3ODM4MjUwNSUyMTJtMyUyMTFmMCUyMTJmMCUyMTNmMCUyMTNtMiUyMTFpMTAyNCUyMTJpNzY4JTIxNGYxMy4xJTIxM20zJTIxMW0yJTIxMXMweDAlMjUzQTB4MCUyMTJ6TkRqQ3NEQTVKelV5TGpJaVRpQXhOOEt3TURrbk1UVXVPU0pGJTIxNWUwJTIxM20yJTIxMXNzayUyMTJzc2slMjE0djE1Njk4NzY4OTk1ODclMjE1bTIlMjExc3NrJTIxMnNzayUyMiUyMCUyMGhlaWdodCUzRCUyMjMwMCUyMiUyMGZyYW1lYm9yZGVyJTNEJTIyMCUyMiUyMHN0eWxlJTNEJTIyYm9yZGVyJTNBMCUzQiUyMiUyMGFsbG93ZnVsbHNjcmVlbiUzRCUyMiUyMiUzRSUzQyUyRmlmcmFtZSUzRQ==&#8221; size=&#8221;300&#8243;][vc_empty_space][vc_column_text] Slovo \u017eivota international Bratislava [\/vc_column_text][\/vc_column][\/vc_row][vc_row][vc_column width=&#8221;1\/2&#8243;][vc_column_text] Contact information: Slovo \u017eivota international Bratislava Tom\u00e1\u0161ikova 30 821 01\u00a0 Bratislava Omnia premises, top floor E-mail: slovozivota@slovozivota.sk Publish house: huncar@slovozivota.sk [&hellip;]<\/p>\n","protected":false},"author":1,"featured_media":0,"parent":0,"menu_order":0,"comment_status":"closed","ping_status":"closed","template":"page.php","meta":{"episode_type":"","audio_file":"","cover_image":"","cover_image_id":"","duration":"","filesize":"","date_recorded":"","explicit":"","block":"","filesize_raw":"","footnotes":""},"class_list":["post-4163","page","type-page","status-publish","hentry"],"_links":{"self":[{"href":"https:\/\/www.slovozivota.sk\/en\/wp-json\/wp\/v2\/pages\/4163","targetHints":{"allow":["GET"]}}],"collection":[{"href":"https:\/\/www.slovozivota.sk\/en\/wp-json\/wp\/v2\/pages"}],"about":[{"href":"https:\/\/www.slovozivota.sk\/en\/wp-json\/wp\/v2\/types\/page"}],"author":[{"embeddable":true,"href":"https:\/\/www.slovozivota.sk\/en\/wp-json\/wp\/v2\/users\/1"}],"replies":[{"embeddable":true,"href":"https:\/\/www.slovozivota.sk\/en\/wp-json\/wp\/v2\/comments?post=4163"}],"version-history":[{"count":30,"href":"https:\/\/www.slovozivota.sk\/en\/wp-json\/wp\/v2\/pages\/4163\/revisions"}],"predecessor-version":[{"id":13741,"href":"https:\/\/www.slovozivota.sk\/en\/wp-json\/wp\/v2\/pages\/4163\/revisions\/13741"}],"wp:attachment":[{"href":"https:\/\/www.slovozivota.sk\/en\/wp-json\/wp\/v2\/media?parent=4163"}],"curies":[{"name":"wp","href":"https:\/\/api.w.org\/{rel}","templated":true}]}}