{"id":4252,"date":"2019-10-02T16:10:45","date_gmt":"2019-10-02T14:10:45","guid":{"rendered":"https:\/\/new.slovozivota.sk\/?page_id=4252"},"modified":"2026-04-11T21:08:58","modified_gmt":"2026-04-11T19:08:58","slug":"spark","status":"publish","type":"page","link":"https:\/\/www.slovozivota.sk\/en\/spark\/","title":{"rendered":"SPARK"},"content":{"rendered":"<p>[vc_row full_width=&#8221;stretch_row&#8221; css=&#8221;.vc_custom_1565861659899{margin-top: 5% !important;margin-bottom: 5% !important;}&#8221;][vc_column width=&#8221;1\/2&#8243;]<div class=\"sc_section\" style=\"clear: both;\"><div class=\"sc_section_inner\"><\/div><\/div>[vc_column_text el_class=&#8221;color_light&#8221;]<\/p>\n<h1><span style=\"color: #ecad00;\"><strong>SPARK:<\/strong><\/span><\/h1>\n<p><em>What does Spark mean? What should Spark share?<br \/>\n<\/em>Spark means that you are on fire for God, that you are full of Him. No luke-warm Christianity. \ud83d\ude42<\/p>\n<p><strong>>>\u00a0 It is the place for students and young adults in the age group 16-28<br \/>\n<\/strong>In God\u00b4s word we often see that God uses young people. During our activities and meetings we try to create a space where young adults can know God personally and at the same time can use their potential, that He put into them, to serve him and those around them.<\/p>\n<p><strong>>> Regular Meetings<br \/>\n<\/strong>Every Thursday from 6:00 pm at Tom\u00e1\u0161ikova 30<\/p>\n<p><strong>>> Tun Time<br \/>\n<\/strong>The life of a Sparker, apart from regular Thursday meetings, includes various trips, short mission trips, stays in a cottage, camps and many other creative activities where their talents and abilities can be used and developed.[\/vc_column_text][vc_empty_space][vc_cta h2=&#8221;Regular meetings each Thursday (during the school year)&#8221; h4=&#8221;each Thursdy at 6:00 pm, Tom\u00e1\u0161ikova 30&#8243; txt_align=&#8221;center&#8221; style=&#8221;flat&#8221; color=&#8221;orange&#8221;][\/vc_cta][\/vc_column][vc_column width=&#8221;1\/2&#8243; css=&#8221;.vc_custom_1565250094142{padding-right: 10% !important;}&#8221;][vc_btn title=&#8221;Spark Bratislava podcasts are available on iTunes, Spotify, Podcast Go&#8230;&#8221; style=&#8221;flat&#8221; color=&#8221;orange&#8221; size=&#8221;lg&#8221; align=&#8221;center&#8221; i_icon_fontawesome=&#8221;fa fa-podcast&#8221; button_block=&#8221;true&#8221; add_icon=&#8221;true&#8221; link=&#8221;url:https%3A%2F%2Fpodcasts.apple.com%2Fus%2Fpodcast%2Fid1482757662||target:%20_blank|&#8221;][vc_btn title=&#8221;Open SPARK calendar&#8221; style=&#8221;flat&#8221; size=&#8221;lg&#8221; align=&#8221;center&#8221; i_icon_fontawesome=&#8221;fa fa-calendar&#8221; button_block=&#8221;true&#8221; add_icon=&#8221;true&#8221; link=&#8221;url:%2Fkalendar%2Fcategory%2Fspark%2F|||&#8221;][vc_empty_space height=&#8221;10px&#8221;][vc_single_image image=&#8221;12772&#8243; img_size=&#8221;large&#8221; alignment=&#8221;center&#8221; onclick=&#8221;custom_link&#8221; img_link_target=&#8221;_blank&#8221; link=&#8221;https:\/\/www.instagram.com\/spark_sz\/&#8221;][vc_empty_space][vc_btn title=&#8221;Spark &#038; G1 camp&#8221; style=&#8221;flat&#8221; color=&#8221;orange&#8221; size=&#8221;lg&#8221; align=&#8221;center&#8221; i_type=&#8221;entypo&#8221; i_icon_entypo=&#8221;entypo-icon entypo-icon-suitcase&#8221; button_block=&#8221;true&#8221; add_icon=&#8221;true&#8221; link=&#8221;url:https%3A%2F%2Fwww.slovozivota.sk%2Fcamp%2F|||&#8221;][vc_empty_space][\/vc_column][\/vc_row][vc_row][vc_column][vc_column_text][\/vc_column_text][\/vc_column][\/vc_row][vc_row disable_element=&#8221;yes&#8221;][vc_column][vc_raw_html]JTNDYSUyMG5hbWUlM0QlMjJjYW1wJTIyJTNFJTNDJTJGYSUzRSUwQSUzQ2ElMjBuYW1lJTNEJTIyY2FtcCUyRiUyMiUzRSUzQyUyRmElM0U=[\/vc_raw_html][vc_column_text]<\/p>\n<h1>Spark &#038; G1 camp 2024<\/h1>\n<p>[\/vc_column_text][vc_empty_space][vc_single_image image=&#8221;11782&#8243; img_size=&#8221;full&#8221;][vc_empty_space][\/vc_column][\/vc_row][vc_row disable_element=&#8221;yes&#8221;][vc_column width=&#8221;1\/2&#8243;][vc_column_text]Zanechaj be\u017en\u00e9 aktivity a po\u010f s nami na <strong>Spark &#038; G1 camp<\/strong>. Nez\u00e1le\u017e\u00ed na tom, ak\u00e1 si osobnos\u0165, ak\u00e9 m\u00e1\u0161 kon\u00ed\u010dky \u010di z\u00e1\u013euby, ka\u017ed\u00fd si n\u00e1jde nie\u010do pre seba \u2013 \u0161porty, hry vonku a vn\u00fatri, v\u00fdlety, semin\u00e1re, chv\u00e1ly, workshopy a ve\u013ea \u010fal\u0161\u00edch aktiv\u00edt. Pri tom v\u0161etkom bude\u0161 m\u00f4c\u0165 navy\u0161e spozna\u0165 nov\u00fdch \u013eud\u00ed, rozv\u00edja\u0165 vz\u0165ahy s kres\u0165anmi a r\u00e1s\u0165 vo viere.<\/p>\n<h4>>>> T\u00e9ma: RADOS\u0164<\/h4>\n<p>Rados\u0165 P\u00e1nova je na\u0161ou silou.<\/p>\n<p>Rados\u0165 je z\u00e1rove\u0148 ovocie Ducha. Po du\u0161evnej str\u00e1nke je rados\u0165 spojen\u00e1 s uvol\u0148ovan\u00edm pozit\u00edvnych pocitov.<\/p>\n<p>Chceme sa venova\u0165 tejto t\u00e9me, preto\u017ee rados\u0165, ktor\u00fa d\u00e1va Boh, v\u0161etci potrebujeme vo svojom starter-packu. Sme si z\u00e1rove\u0148 vedom\u00ed toho, \u017ee s\u00fa\u010dasn\u00e1 gener\u00e1cia z\u00e1pas\u00ed s du\u0161evn\u00fdm zdrav\u00edm. Pr\u00e1ve preto sa na tomto t\u00e1bore chceme pevne postavi\u0165 na to, \u010do o n\u00e1s hovor\u00ed Bo\u017eie slovo. Chceme, aby na\u0161e vn\u00fatro bolo premenen\u00e9 Bohom a naplnen\u00e9 Jeho rados\u0165ou, ktor\u00e1 d\u00e1va \u017eivot, silu, slobodu a je n\u00e1kazliv\u00e1.<\/p>\n<p><strong>D\u00e1tum:<\/strong> 30. j\u00fana &#8211; 5. j\u00fala 2024<\/p>\n<p><strong>Miesto:<\/strong> Hotel M\u00fdto, Hlavn\u00e1 492, M\u00fdto pod \u010eumbierom<\/p>\n<p><strong>Cie\u013eov\u00e1 skupina:<\/strong> mlad\u00ed \u013eudia zo Slova \u017eivota a priatelia Slova \u017eivota vo veku 13 &#8211; 28 rokov (vek dov\u0155\u0161en\u00fd vek k 30.6.2024).<\/p>\n<p><strong>Doprava:<\/strong> NEBUDE zabezpe\u010den\u00e1 spolo\u010dn\u00e1 doprava, dopravu si ka\u017ed\u00fd zabezpe\u010d\u00ed individu\u00e1lne pod\u013ea svojich preferenci\u00ed a mo\u017enost\u00ed.<\/p>\n<p><strong>Cena:<\/strong> 175 \u20ac<\/p>\n<ul>\n<li>S\u00farodeneck\u00e1 z\u013eava je &#8211; 10 \u20ac ka\u017ed\u00e9ho platiaceho s\u00farodenca. Z\u013eava plat\u00ed aj v pr\u00edpade, \u017ee s\u00farodenec ide na n\u00e1\u0161 detsk\u00fd t\u00e1bor.<\/li>\n<li>Poplatok pros\u00edme uhradi\u0165 po tom, ako V\u00e1m odp\u00ed\u0161eme, \u017ee akceptujeme Va\u0161u registr\u00e1ciu.<\/li>\n<li>\u010c\u00edslo \u00fa\u010dtu: SK87 0200 0000 0000 6843 4112, variabiln\u00fd symbol: 55, do pozn\u00e1mky uve\u010fte meno \/ men\u00e1, za koho je poplatok hraden\u00fd.<\/li>\n<li>Poplatok je potrebn\u00e9 uhradi\u0165 do t\u00fd\u017ed\u0148a po potvrden\u00ed registr\u00e1cie, inak bude Va\u0161a registr\u00e1cia zru\u0161en\u00e1.<\/li>\n<li>Pozor! Prihl\u00e1\u0161ka je z\u00e1v\u00e4zn\u00e1, v pr\u00edpade \u017ee sa odhl\u00e1site p\u00e1r dn\u00ed pred t\u00e1borom, budeme pravdepodobne po\u017eadova\u0165 storno poplatok.<\/li>\n<\/ul>\n<p><strong>Kontakt:<\/strong>\u00a0<a href=\"mailto:camp.slovozivota@gmail.com\">camp.slovozivota@gmail.com<\/a><\/p>\n<p>Te\u0161\u00edme sa na teba.<\/p>\n<p>T\u00edm ved\u00facich G1 and Spark[\/vc_column_text][vc_empty_space][vc_column_text]<\/p>\n<h4>>>> <strong>Flashback<\/strong><\/h4>\n<p>[\/vc_column_text][vc_empty_space][vc_column_text]<span class=\"copycode\"><iframe loading=\"lazy\"  id=\"_ytid_51048\"  width=\"1170\" height=\"658\"  data-origwidth=\"1170\" data-origheight=\"658\" src=\"https:\/\/www.youtube.com\/embed\/kV9miF8t7qk?enablejsapi=1&autoplay=0&cc_load_policy=0&cc_lang_pref=&iv_load_policy=1&loop=0&modestbranding=0&rel=1&fs=1&playsinline=0&autohide=2&theme=dark&color=red&controls=1&\" class=\"__youtube_prefs__  no-lazyload\" title=\"YouTube player\"  allow=\"fullscreen; accelerometer; autoplay; clipboard-write; encrypted-media; gyroscope; picture-in-picture\" allowfullscreen data-no-lazy=\"1\" data-skipgform_ajax_framebjll=\"\"><\/iframe><\/span>[\/vc_column_text][vc_empty_space][vc_column_text]<iframe loading=\"lazy\"  id=\"_ytid_80584\"  width=\"1170\" height=\"658\"  data-origwidth=\"1170\" data-origheight=\"658\" src=\"https:\/\/www.youtube.com\/embed\/NF0WqlX5UNk?enablejsapi=1&autoplay=0&cc_load_policy=0&cc_lang_pref=&iv_load_policy=1&loop=0&modestbranding=0&rel=1&fs=1&playsinline=0&autohide=2&theme=dark&color=red&controls=1&\" class=\"__youtube_prefs__  no-lazyload\" title=\"YouTube player\"  allow=\"fullscreen; accelerometer; autoplay; clipboard-write; encrypted-media; gyroscope; picture-in-picture\" allowfullscreen data-no-lazy=\"1\" data-skipgform_ajax_framebjll=\"\"><\/iframe>[\/vc_column_text][\/vc_column][vc_column width=&#8221;1\/2&#8243;][vc_column_text]<\/p>\n<h4>>>> <strong>Z\u00e1v\u00e4zn\u00e1 prihl\u00e1\u0161ka<br \/>\n<\/strong><\/h4>\n<p><!--noptimize--><script type=\"text\/javascript\">\r\n    var captainformCustomVars = {};\r\n    var captainformThemeStyle = {};\r\n    var append_element = append_element || function(e){if(void 0==e)return!1;if(!(\"elementType\"in e))return!1;var n=null;if(n=e.following?e.following.parentElement:e.inside?e.inside:e.replacing?e.replacing.parentElement:\"script\"==e.elementType?document.head:document.body,null==n)return!1;var l=document.createElement(e.elementType);delete e.elementType,l=jQuery.extend(l,e),e.replacing?n.replaceChild(l,e.replacing):n.appendChild(l)};\r\n    var captainformDomReady = captainformDomReady || function(e){var t=!1,n=function(){document.addEventListener?(document.removeEventListener(\"DOMContentLoaded\",d),window.removeEventListener(\"load\",d)):(document.detachEvent(\"onreadystatechange\",d),window.detachEvent(\"onload\",d))},d=function(){t||!document.addEventListener&&\"load\"!==event.type&&\"complete\"!==document.readyState||(t=!0,n(),e())};if(\"complete\"===document.readyState)e();else if(document.addEventListener)document.addEventListener(\"DOMContentLoaded\",d),window.addEventListener(\"load\",d);else{document.attachEvent(\"onreadystatechange\",d),window.attachEvent(\"onload\",d);var o=!1;try{o=null==window.frameElement&&document.documentElement}catch(a){}o&&o.doScroll&&!function c(){if(!t){try{o.doScroll(\"left\")}catch(d){return setTimeout(c,50)}t=!0,n(),e()}}()}};\r\n    var readyStateOverflowInterval;\r\n    captainformDomReady(function() {\r\n        if (document.getElementById('captainform_js_global_vars') == null) {\r\n            append_element({\r\n                elementType: \"script\",\r\n                type: \"text\/javascript\",\r\n                id: \"captainform_js_global_vars\",\r\n                textContent: 'var frmRef=\"\"; try { frmRef=window.top.location.href; } catch(err) {}; var captainform_servicedomain=\"app.captainform.com\";var cfJsHost = \"https:\/\/\";',\r\n            });\r\n        }\r\n                try {\r\n            clearInterval(readyStateOverflowInterval);\r\n        }\r\n        catch(e) {\r\n            console.warn('[CaptainForm] Clear readyStateOverflowInterval error');\r\n        }\r\n        readyStateOverflowInterval = setInterval(function () {\r\n            try {\r\n                var elements = ['html', 'body'];\r\n                var foundElementWithOverflowHidden = false;\r\n                jQuery(elements).each(function (index, element) {\r\n                    if (jQuery(element).css('overflow-y') == 'hidden') {\r\n                        foundElementWithOverflowHidden = true;\r\n                        if(jQuery(element).height() > jQuery('window').height()){\r\n                            jQuery(window).resize();\r\n                        }\r\n                    }\r\n                    if(!foundElementWithOverflowHidden) {\r\n                        clearInterval(readyStateOverflowInterval);\r\n                    }\r\n                });\r\n            }\r\n            catch (e) {\r\n                console.warn('[CaptainForm] Overflow check error');\r\n            }\r\n        }, 300);\r\n            });\r\n<\/script><!--\/noptimize--><div id=\"1337932\"><\/div>\n<!--noptimize--><script type=\"text\/javascript\">\n    captainformCustomVars['1337932'] = '';\n    captainformThemeStyle['1337932'] = '';\n    captainformDomReady(function () {\n        if (document.getElementById('captainform_easyxdmjs') == null) {\n            append_element({\n                elementType: \"script\",\n                type: \"text\/javascript\",\n                id: \"captainform_easyxdmjs\",\n                src: cfJsHost + captainform_servicedomain + \"\/includes\/easyXDM.min.js\",\n            });\n        }\n        if (document.getElementById('iframeresizer_embedding_system') == null) {\n            append_element({\n                elementType: \"script\",\n                type: \"text\/javascript\",\n                id: \"iframeresizer_embedding_system\",\n                src: cfJsHost + captainform_servicedomain + \"\/modules\/captainform\/js\/iframe_resizer\/3.5\/iframeResizer.min.js\",\n            });\n        }\n        append_element({\n            elementType: \"script\",\n            type: \"text\/javascript\",\n            id: \"jsform-1337932\",\n            src: cfJsHost + captainform_servicedomain + \"\/jsform-1337932.js?\" + captainformCustomVars['1337932'] + captainformThemeStyle['1337932'],\n            replacing: document.getElementById(\"1337932\"),\n        });\n    });\n<\/script><!--\/noptimize-->[\/vc_column_text][\/vc_column][\/vc_row]<\/p>\n","protected":false},"excerpt":{"rendered":"<p>[vc_row full_width=&#8221;stretch_row&#8221; css=&#8221;.vc_custom_1565861659899{margin-top: 5% !important;margin-bottom: 5% !important;}&#8221;][vc_column width=&#8221;1\/2&#8243;][vc_column_text el_class=&#8221;color_light&#8221;] SPARK: What does Spark mean? What should Spark share? Spark means that you are on fire for God, that you are [&hellip;]<\/p>\n","protected":false},"author":1,"featured_media":0,"parent":0,"menu_order":0,"comment_status":"open","ping_status":"closed","template":"","meta":{"episode_type":"","audio_file":"","cover_image":"","cover_image_id":"","duration":"","filesize":"","date_recorded":"","explicit":"","block":"","filesize_raw":"","footnotes":""},"class_list":["post-4252","page","type-page","status-publish","hentry"],"_links":{"self":[{"href":"https:\/\/www.slovozivota.sk\/en\/wp-json\/wp\/v2\/pages\/4252","targetHints":{"allow":["GET"]}}],"collection":[{"href":"https:\/\/www.slovozivota.sk\/en\/wp-json\/wp\/v2\/pages"}],"about":[{"href":"https:\/\/www.slovozivota.sk\/en\/wp-json\/wp\/v2\/types\/page"}],"author":[{"embeddable":true,"href":"https:\/\/www.slovozivota.sk\/en\/wp-json\/wp\/v2\/users\/1"}],"replies":[{"embeddable":true,"href":"https:\/\/www.slovozivota.sk\/en\/wp-json\/wp\/v2\/comments?post=4252"}],"version-history":[{"count":137,"href":"https:\/\/www.slovozivota.sk\/en\/wp-json\/wp\/v2\/pages\/4252\/revisions"}],"predecessor-version":[{"id":14249,"href":"https:\/\/www.slovozivota.sk\/en\/wp-json\/wp\/v2\/pages\/4252\/revisions\/14249"}],"wp:attachment":[{"href":"https:\/\/www.slovozivota.sk\/en\/wp-json\/wp\/v2\/media?parent=4252"}],"curies":[{"name":"wp","href":"https:\/\/api.w.org\/{rel}","templated":true}]}}