{"id":4284,"date":"2019-10-02T20:24:28","date_gmt":"2019-10-02T18:24:28","guid":{"rendered":"https:\/\/new.slovozivota.sk\/?page_id=4284"},"modified":"2025-05-07T18:04:14","modified_gmt":"2025-05-07T16:04:14","slug":"g1","status":"publish","type":"page","link":"https:\/\/www.slovozivota.sk\/en\/g1\/","title":{"rendered":"G1"},"content":{"rendered":"<p>[vc_row full_width=&#8221;stretch_row&#8221; css=&#8221;.vc_custom_1565861659899{margin-top: 5% !important;margin-bottom: 5% !important;}&#8221;][vc_column width=&#8221;1\/2&#8243;]<div class=\"sc_section\" style=\"clear: both;\"><div class=\"sc_section_inner\"><\/div><\/div>[vc_column_text el_class=&#8221;color_light&#8221;]<img decoding=\"async\" class=\"alignleft wp-image-12003\" src=\"https:\/\/www.slovozivota.sk\/wp-content\/uploads\/2024\/07\/banner_g1_logo-300x300.png\" alt=\"\" width=\"230\" height=\"230\" srcset=\"https:\/\/www.slovozivota.sk\/wp-content\/uploads\/2024\/07\/banner_g1_logo-300x300.png 300w, https:\/\/www.slovozivota.sk\/wp-content\/uploads\/2024\/07\/banner_g1_logo-1024x1024.png 1024w, https:\/\/www.slovozivota.sk\/wp-content\/uploads\/2024\/07\/banner_g1_logo-150x150.png 150w, https:\/\/www.slovozivota.sk\/wp-content\/uploads\/2024\/07\/banner_g1_logo-768x768.png 768w, https:\/\/www.slovozivota.sk\/wp-content\/uploads\/2024\/07\/banner_g1_logo-600x600.png 600w, https:\/\/www.slovozivota.sk\/wp-content\/uploads\/2024\/07\/banner_g1_logo-870x870.png 870w, https:\/\/www.slovozivota.sk\/wp-content\/uploads\/2024\/07\/banner_g1_logo-390x390.png 390w, https:\/\/www.slovozivota.sk\/wp-content\/uploads\/2024\/07\/banner_g1_logo.png 1082w, https:\/\/www.slovozivota.sk\/wp-content\/uploads\/2024\/07\/banner_g1_logo-75x75.png 75w, https:\/\/www.slovozivota.sk\/wp-content\/uploads\/2024\/07\/banner_g1_logo-45x45.png 45w\" sizes=\"(max-width: 230px) 100vw, 230px\" \/>is the name of our youth group, that they themselves chose. It is a shortened form of God First, that speaks of our teenagers desire to have Jesus at the centre of their lives. It is an honourable desire, but in this sinful world it is not an easy task for anyone of us, and it is even harder for our teens, who are constantly being challenged by temptation.<\/p>\n<p>Our desire as a church is to stand by their side (together with their parents), support them, lead them and form friendships with them regardless of where they are on their journey, if they grew up in the church or not, or if they gave their life to Christ or are still seeking the right path.<br \/>\nIt is a critical time where they no longer rely upon the faith or opinions of their parents, but are becoming independent from them. We desire that they will stand firm in their faith during times of testing, just as Daniel and his friends did (Book of Daniel from The Bible).[\/vc_column_text][vc_empty_space][vc_single_image image=&#8221;6684&#8243; img_size=&#8221;large&#8221; alignment=&#8221;center&#8221;][vc_empty_space][vc_column_text]We meet every other Friday from 17.30 to 20.00, mostly in our church premises (we send more detailed information before each meeting to the youth through our G1 chat and parents via email). We start with refreshments and catching-up on life, then we continue with the main part of the programme, which is one of three types:<\/p>\n<ol>\n<li>Altogether \u2013 We meet as one group and a leader presents the main theme through discussion, activities and questions.<\/li>\n<li>Challenge \u2013 The teenagers are divided into smaller groups, where they discuss a theme in more detail and work together on a longer term project.<\/li>\n<li>Activity \u2013 We go outside, spend time together and get to know one another better whilst doing an activity for example sport, the cinema, adventure park and so on.<\/li>\n<\/ol>\n<p>[\/vc_column_text][vc_empty_space][\/vc_column][vc_column width=&#8221;1\/2&#8243; css=&#8221;.vc_custom_1576100880943{padding-top: 5% !important;padding-right: 10% !important;}&#8221;][vc_btn title=&#8221;Open G1 calendar&#8221; style=&#8221;classic&#8221; color=&#8221;orange&#8221; size=&#8221;lg&#8221; align=&#8221;center&#8221; i_icon_fontawesome=&#8221;fa fa-calendar&#8221; button_block=&#8221;true&#8221; add_icon=&#8221;true&#8221; link=&#8221;url:%2Fkalendar%2Fcategory%2Fg1%2F|||&#8221;][vc_empty_space][vc_single_image image=&#8221;13130&#8243; img_size=&#8221;large&#8221; alignment=&#8221;center&#8221; onclick=&#8221;custom_link&#8221; img_link_target=&#8221;_blank&#8221; link=&#8221;https:\/\/www.instagram.com\/godfirst_sz\/&#8221;][vc_empty_space][vc_cta h2=&#8221;Each Friday&#8221; h4=&#8221;from 6:00 pm till 7:00 pm via ZOOM (during meeting restrictions)&#8221; txt_align=&#8221;center&#8221; style=&#8221;flat&#8221; color=&#8221;orange&#8221;]Please check our calendar[\/vc_cta][vc_column_text]Each semester we focus upon a different theme. We try to think of a project connected to the theme that will enable the teens to work together, develop their talents and understand the theme more by exploring it also from their perspective.<br \/>\nApart from regular meetings we organise camps, small trips and we meet in small groups or individually.<\/p>\n<p>If you want to get more information then you can follow us on instagram or contact us via email: <a href=\"mailto:ivalau@gmail.com\">ivalau@gmail.com<\/a>[\/vc_column_text][vc_empty_space][vc_btn title=&#8221;Spark &#038; G1 camp&#8221; style=&#8221;classic&#8221; color=&#8221;orange&#8221; size=&#8221;lg&#8221; align=&#8221;center&#8221; i_type=&#8221;entypo&#8221; i_icon_entypo=&#8221;entypo-icon entypo-icon-suitcase&#8221; button_block=&#8221;true&#8221; add_icon=&#8221;true&#8221; link=&#8221;url:https%3A%2F%2Fwww.slovozivota.sk%2Fcamp%2F|title:Per%20mission%202024||&#8221;][vc_empty_space][\/vc_column][\/vc_row][vc_row][vc_column][vc_column_text][\/vc_column_text][\/vc_column][\/vc_row][vc_row disable_element=&#8221;yes&#8221;][vc_column][vc_raw_html]JTNDYSUyMG5hbWUlM0QlMjJjYW1wJTIyJTNFJTNDJTJGYSUzRSUwQSUzQ2ElMjBuYW1lJTNEJTIyY2FtcCUyRiUyMiUzRSUzQyUyRmElM0U=[\/vc_raw_html][vc_single_image image=&#8221;10512&#8243; img_size=&#8221;full&#8221; alignment=&#8221;center&#8221;][vc_empty_space][\/vc_column][\/vc_row][vc_row disable_element=&#8221;yes&#8221;][vc_column width=&#8221;1\/2&#8243;][vc_column_text]<\/p>\n<div class=\"wpb_text_column wpb_content_element \">\n<div class=\"wpb_wrapper\">\n<p>Zanechaj be\u017en\u00e9 aktivity a po\u010f s nami na <strong>Spark &#038; G1 camp<\/strong>. Nez\u00e1le\u017e\u00ed na tom, ak\u00e1 si osobnos\u0165, ak\u00e9 m\u00e1\u0161 kon\u00ed\u010dky \u010di z\u00e1\u013euby, ka\u017ed\u00fd si n\u00e1jde nie\u010do pre seba \u2013 \u0161porty, hry vonku a vn\u00fatri, v\u00fdlety, semin\u00e1re, chv\u00e1ly, workshopy a ve\u013ea \u010fal\u0161\u00edch aktiv\u00edt. Pri tom v\u0161etkom bude\u0161 m\u00f4c\u0165 navy\u0161e spozna\u0165 nov\u00fdch \u013eud\u00ed, rozv\u00edja\u0165 vz\u0165ahy s kres\u0165anmi a r\u00e1s\u0165 vo viere.<\/p>\n<h4>>>> T\u00e9ma: <strong>SEED<br \/>\n<\/strong><\/h4>\n<p>Mat\u00fa\u0161 13,31-32: <em>Predlo\u017eil im aj in\u00e9 podobenstvo: \u201eNebesk\u00e9 kr\u00e1\u013eovstvo je podobn\u00e9 hor\u010di\u010dn\u00e9mu zrnku, ktor\u00e9 \u010dlovek vzal a zasial na svojom poli. Hoci je zo v\u0161etk\u00fdch semienok najmen\u0161ie, ke\u010f vyrastie, je v\u00e4\u010d\u0161ie ako v\u0161etky in\u00e9 rastliny a st\u00e1va sa z neho strom, tak\u017ee prilietaj\u00fa nebesk\u00e9 vt\u00e1ky a hniezdia v jeho kon\u00e1roch.\u201c<\/em><\/p>\n<p><strong>D\u00e1tum:<\/strong> 1. \u2013 6. j\u00fala 2023<\/p>\n<p><strong>Miesto:<\/strong> <a href=\"https:\/\/hotelbartoska.sk\/\" target=\"_blank\" rel=\"noopener\">Horsk\u00fd hotel Barto\u0161ka<\/a>, \u010cremo\u0161n\u00e9 137, Tur\u010dianske Teplice<\/p>\n<p><strong>Cie\u013eov\u00e1 skupina:<\/strong> mlad\u00ed \u013eudia zo Slova \u017eivota a priatelia Slova \u017eivota vo veku 13 \u2013 28 rokov (vek dov\u0155\u0161en\u00fd vek k 1.7.2023).<\/p>\n<p><strong>Doprava:<\/strong> NEBUDE zabezpe\u010den\u00e1 spolo\u010dn\u00e1 doprava, dopravu si ka\u017ed\u00fd zabezpe\u010d\u00ed individu\u00e1lne pod\u013ea svojich preferenci\u00ed a mo\u017enost\u00ed.<\/p>\n<p><strong>Cena:<\/strong> 165 \u20ac<\/p>\n<ul>\n<li>S\u00farodeneck\u00e1 z\u013eava je \u2013 20 \u20ac na druh\u00e9ho a ka\u017ed\u00e9ho \u010fal\u0161ieho s\u00farodenca. V pr\u00edpade, \u017ee si chcete uplatni\u0165, uve\u010fte to v prihl\u00e1\u0161ke.<\/li>\n<li>Poplatok pros\u00edme uhradi\u0165 po tom, ako V\u00e1m odp\u00ed\u0161eme, \u017ee akceptujeme Va\u0161u registr\u00e1ciu.<\/li>\n<li>\u010c\u00edslo \u00fa\u010dtu: SK87 0200 0000 0000 6843 4112, variabiln\u00fd symbol: 55, do pozn\u00e1mky uve\u010fte meno \/ men\u00e1, za koho je poplatok hraden\u00fd.<\/li>\n<li>Poplatok je potrebn\u00e9 uhradi\u0165 do t\u00fd\u017ed\u0148a po potvrden\u00ed registr\u00e1cie, inak bude Va\u0161a registr\u00e1cia zru\u0161en\u00e1.<\/li>\n<li>Pozor! Prihl\u00e1\u0161ka je z\u00e1v\u00e4zn\u00e1, v pr\u00edpade \u017ee sa odhl\u00e1site p\u00e1r dn\u00ed pred t\u00e1borom, budeme pravdepodobne po\u017eadova\u0165 storno poplatok.<\/li>\n<\/ul>\n<p><strong>Kontakt:<\/strong>\u00a0<a href=\"mailto:camp.slovozivota@gmail.com\">camp.slovozivota@gmail.com<\/a><\/p>\n<p><strong>Registr\u00e1cia sa uzatv\u00e1ra 15. m\u00e1ja 2023<\/strong>, po tomto d\u00e1tume prihl\u00e1\u0161ky pravdepodobne nebud\u00fa akceptovan\u00e9.<\/p>\n<p>Te\u0161\u00edme sa na teba.<\/p>\n<p>T\u00edm ved\u00facich G1 and Spark<\/p>\n<\/div>\n<\/div>\n<div class=\"vc_empty_space\"><\/div>\n<p>[\/vc_column_text][vc_empty_space][vc_column_text]<\/p>\n<h4>>>> <strong>Flashback<\/strong><\/h4>\n<p>[\/vc_column_text][vc_empty_space][vc_column_text]<span class=\"copycode\"><iframe loading=\"lazy\"  id=\"_ytid_90739\"  width=\"1170\" height=\"658\"  data-origwidth=\"1170\" data-origheight=\"658\" src=\"https:\/\/www.youtube.com\/embed\/kV9miF8t7qk?enablejsapi=1&autoplay=0&cc_load_policy=0&cc_lang_pref=&iv_load_policy=1&loop=0&modestbranding=0&rel=1&fs=1&playsinline=0&autohide=2&theme=dark&color=red&controls=1&\" class=\"__youtube_prefs__  no-lazyload\" title=\"YouTube player\"  allow=\"fullscreen; accelerometer; autoplay; clipboard-write; encrypted-media; gyroscope; picture-in-picture\" allowfullscreen data-no-lazy=\"1\" data-skipgform_ajax_framebjll=\"\"><\/iframe><\/span>[\/vc_column_text][vc_empty_space][vc_column_text]<iframe loading=\"lazy\"  id=\"_ytid_15622\"  width=\"1170\" height=\"658\"  data-origwidth=\"1170\" data-origheight=\"658\" src=\"https:\/\/www.youtube.com\/embed\/NF0WqlX5UNk?enablejsapi=1&autoplay=0&cc_load_policy=0&cc_lang_pref=&iv_load_policy=1&loop=0&modestbranding=0&rel=1&fs=1&playsinline=0&autohide=2&theme=dark&color=red&controls=1&\" class=\"__youtube_prefs__  no-lazyload\" title=\"YouTube player\"  allow=\"fullscreen; accelerometer; autoplay; clipboard-write; encrypted-media; gyroscope; picture-in-picture\" allowfullscreen data-no-lazy=\"1\" data-skipgform_ajax_framebjll=\"\"><\/iframe>[\/vc_column_text][\/vc_column][vc_column width=&#8221;1\/2&#8243;][vc_column_text]<\/p>\n<h4>>>> <strong>Z\u00e1v\u00e4zn\u00e1 prihl\u00e1\u0161ka<\/strong><\/h4>\n<p><!--noptimize--><script type=\"text\/javascript\">\r\n    var captainformCustomVars = {};\r\n    var captainformThemeStyle = {};\r\n    var append_element = append_element || function(e){if(void 0==e)return!1;if(!(\"elementType\"in e))return!1;var n=null;if(n=e.following?e.following.parentElement:e.inside?e.inside:e.replacing?e.replacing.parentElement:\"script\"==e.elementType?document.head:document.body,null==n)return!1;var l=document.createElement(e.elementType);delete e.elementType,l=jQuery.extend(l,e),e.replacing?n.replaceChild(l,e.replacing):n.appendChild(l)};\r\n    var captainformDomReady = captainformDomReady || function(e){var t=!1,n=function(){document.addEventListener?(document.removeEventListener(\"DOMContentLoaded\",d),window.removeEventListener(\"load\",d)):(document.detachEvent(\"onreadystatechange\",d),window.detachEvent(\"onload\",d))},d=function(){t||!document.addEventListener&&\"load\"!==event.type&&\"complete\"!==document.readyState||(t=!0,n(),e())};if(\"complete\"===document.readyState)e();else if(document.addEventListener)document.addEventListener(\"DOMContentLoaded\",d),window.addEventListener(\"load\",d);else{document.attachEvent(\"onreadystatechange\",d),window.attachEvent(\"onload\",d);var o=!1;try{o=null==window.frameElement&&document.documentElement}catch(a){}o&&o.doScroll&&!function c(){if(!t){try{o.doScroll(\"left\")}catch(d){return setTimeout(c,50)}t=!0,n(),e()}}()}};\r\n    var readyStateOverflowInterval;\r\n    captainformDomReady(function() {\r\n        if (document.getElementById('captainform_js_global_vars') == null) {\r\n            append_element({\r\n                elementType: \"script\",\r\n                type: \"text\/javascript\",\r\n                id: \"captainform_js_global_vars\",\r\n                textContent: 'var frmRef=\"\"; try { frmRef=window.top.location.href; } catch(err) {}; var captainform_servicedomain=\"app.captainform.com\";var cfJsHost = \"https:\/\/\";',\r\n            });\r\n        }\r\n                try {\r\n            clearInterval(readyStateOverflowInterval);\r\n        }\r\n        catch(e) {\r\n            console.warn('[CaptainForm] Clear readyStateOverflowInterval error');\r\n        }\r\n        readyStateOverflowInterval = setInterval(function () {\r\n            try {\r\n                var elements = ['html', 'body'];\r\n                var foundElementWithOverflowHidden = false;\r\n                jQuery(elements).each(function (index, element) {\r\n                    if (jQuery(element).css('overflow-y') == 'hidden') {\r\n                        foundElementWithOverflowHidden = true;\r\n                        if(jQuery(element).height() > jQuery('window').height()){\r\n                            jQuery(window).resize();\r\n                        }\r\n                    }\r\n                    if(!foundElementWithOverflowHidden) {\r\n                        clearInterval(readyStateOverflowInterval);\r\n                    }\r\n                });\r\n            }\r\n            catch (e) {\r\n                console.warn('[CaptainForm] Overflow check error');\r\n            }\r\n        }, 300);\r\n            });\r\n<\/script><!--\/noptimize--><div id=\"1337932\"><\/div>\n<!--noptimize--><script type=\"text\/javascript\">\n    captainformCustomVars['1337932'] = '';\n    captainformThemeStyle['1337932'] = '';\n    captainformDomReady(function () {\n        if (document.getElementById('captainform_easyxdmjs') == null) {\n            append_element({\n                elementType: \"script\",\n                type: \"text\/javascript\",\n                id: \"captainform_easyxdmjs\",\n                src: cfJsHost + captainform_servicedomain + \"\/includes\/easyXDM.min.js\",\n            });\n        }\n        if (document.getElementById('iframeresizer_embedding_system') == null) {\n            append_element({\n                elementType: \"script\",\n                type: \"text\/javascript\",\n                id: \"iframeresizer_embedding_system\",\n                src: cfJsHost + captainform_servicedomain + \"\/modules\/captainform\/js\/iframe_resizer\/3.5\/iframeResizer.min.js\",\n            });\n        }\n        append_element({\n            elementType: \"script\",\n            type: \"text\/javascript\",\n            id: \"jsform-1337932\",\n            src: cfJsHost + captainform_servicedomain + \"\/jsform-1337932.js?\" + captainformCustomVars['1337932'] + captainformThemeStyle['1337932'],\n            replacing: document.getElementById(\"1337932\"),\n        });\n    });\n<\/script><!--\/noptimize-->[\/vc_column_text][\/vc_column][\/vc_row]<\/p>\n","protected":false},"excerpt":{"rendered":"<p>[vc_row full_width=&#8221;stretch_row&#8221; css=&#8221;.vc_custom_1565861659899{margin-top: 5% !important;margin-bottom: 5% !important;}&#8221;][vc_column width=&#8221;1\/2&#8243;][vc_column_text el_class=&#8221;color_light&#8221;]is the name of our youth group, that they themselves chose. It is a shortened form of God First, that speaks of [&hellip;]<\/p>\n","protected":false},"author":1,"featured_media":0,"parent":0,"menu_order":0,"comment_status":"open","ping_status":"closed","template":"","meta":{"episode_type":"","audio_file":"","cover_image":"","cover_image_id":"","duration":"","filesize":"","date_recorded":"","explicit":"","block":"","filesize_raw":"","footnotes":""},"class_list":["post-4284","page","type-page","status-publish","hentry"],"_links":{"self":[{"href":"https:\/\/www.slovozivota.sk\/en\/wp-json\/wp\/v2\/pages\/4284","targetHints":{"allow":["GET"]}}],"collection":[{"href":"https:\/\/www.slovozivota.sk\/en\/wp-json\/wp\/v2\/pages"}],"about":[{"href":"https:\/\/www.slovozivota.sk\/en\/wp-json\/wp\/v2\/types\/page"}],"author":[{"embeddable":true,"href":"https:\/\/www.slovozivota.sk\/en\/wp-json\/wp\/v2\/users\/1"}],"replies":[{"embeddable":true,"href":"https:\/\/www.slovozivota.sk\/en\/wp-json\/wp\/v2\/comments?post=4284"}],"version-history":[{"count":29,"href":"https:\/\/www.slovozivota.sk\/en\/wp-json\/wp\/v2\/pages\/4284\/revisions"}],"predecessor-version":[{"id":13132,"href":"https:\/\/www.slovozivota.sk\/en\/wp-json\/wp\/v2\/pages\/4284\/revisions\/13132"}],"wp:attachment":[{"href":"https:\/\/www.slovozivota.sk\/en\/wp-json\/wp\/v2\/media?parent=4284"}],"curies":[{"name":"wp","href":"https:\/\/api.w.org\/{rel}","templated":true}]}}