{"id":4694,"date":"2019-10-03T18:50:47","date_gmt":"2019-10-03T16:50:47","guid":{"rendered":"https:\/\/new.slovozivota.sk\/en\/?page_id=4694"},"modified":"2020-10-14T10:27:21","modified_gmt":"2020-10-14T08:27:21","slug":"uvod-rus-main","status":"publish","type":"page","link":"https:\/\/www.slovozivota.sk\/en\/uvod-rus-main\/","title":{"rendered":"\u00davod RUS MAIN"},"content":{"rendered":"<p>[vc_row full_width=&#8221;stretch_row&#8221; css=&#8221;.vc_custom_1565861659899{margin-top: 5% !important;margin-bottom: 5% !important;}&#8221;][vc_column width=&#8221;1\/2&#8243; css=&#8221;.vc_custom_1565250094142{padding-right: 10% !important;}&#8221;][vc_column_text]<iframe loading=\"lazy\"  id=\"_ytid_27087\"  width=\"1170\" height=\"658\"  data-origwidth=\"1170\" data-origheight=\"658\" src=\"https:\/\/www.youtube.com\/embed\/?enablejsapi=1&listType=playlist&list=PL5Mk6f9bOnq3TUGjKMJFl9Z66Q-StUEGi&autoplay=0&cc_load_policy=0&cc_lang_pref=&iv_load_policy=1&loop=0&modestbranding=0&rel=1&fs=1&playsinline=0&autohide=2&theme=dark&color=red&controls=1&\" class=\"__youtube_prefs__  no-lazyload\" title=\"YouTube player\"  allow=\"fullscreen; accelerometer; autoplay; clipboard-write; encrypted-media; gyroscope; picture-in-picture\" allowfullscreen data-no-lazy=\"1\" data-skipgform_ajax_framebjll=\"\"><\/iframe>[\/vc_column_text][\/vc_column][vc_column width=&#8221;1\/2&#8243;]<div class=\"sc_section\" style=\"clear: both;\"><div class=\"sc_section_inner\"><h6 class=\"sc_title sc_title_divider sc_align_left\" style=\"margin-top:0px;margin-bottom:0px;text-align:left;\"><span class=\"sc_title_divider_before\"><\/span>Nede\u013en\u00e9 k\u00e1zanie<span class=\"sc_title_divider_after\"><\/span><\/h6><\/div><\/div>[vc_column_text el_class=&#8221;color_light&#8221;]<\/p>\n<h3>Last video from Sunday<\/h3>\n<p>Pozrite si najnov\u0161ie vyu\u010dovanie z nede\u013enej bohoslu\u017eby, ktor\u00e9 m\u00e1vame ka\u017ed\u00fa nede\u013eu\u00a0o 10:00\u00a0na Tom\u00e1\u0161ikovej 30 v Bratislave. Video posolstv\u00e1 obsahuj\u00fa kompletn\u00fd arch\u00edv na\u0161ich video vyu\u010dovan\u00ed a priamych prenosov z bohoslu\u017eieb.[\/vc_column_text][vc_btn title=&#8221;V\u0160ETKY NEDE\u013dN\u00c9 K\u00c1ZNE&#8221; color=&#8221;orange&#8221; css=&#8221;.vc_custom_1570058352651{padding-top: 5% !important;}&#8221; link=&#8221;url:%2Fnedelne-kazne|title:Video%20posolstv%C3%A1||&#8221;][vc_btn title=&#8221;ONLINE VYSIELANIE&#8221; style=&#8221;outline&#8221; color=&#8221;orange&#8221; css=&#8221;.vc_custom_1570055703636{padding-top: 5% !important;padding-left: 3% !important;}&#8221; link=&#8221;url:%2Flive-stream%2F|title:Vysielanie%20na%C5%BEivo||&#8221;][\/vc_column][\/vc_row][vc_row full_width=&#8221;stretch_row&#8221; css=&#8221;.vc_custom_1565990834953{margin-top: 5% !important;}&#8221;][vc_column width=&#8221;1\/3&#8243; css=&#8221;.vc_custom_1565250094142{padding-right: 10% !important;}&#8221;]<h6 class=\"sc_title sc_title_divider sc_align_left\" style=\"margin-top:0px;margin-bottom:0px;text-align:left;\"><span class=\"sc_title_divider_before\"><\/span>Video<span class=\"sc_title_divider_after\"><\/span><\/h6>[vc_column_text]<\/p>\n<h3><a href=\"\/video-posolstva\/\">Videoz\u00e1znamy z bohoslu\u017eieb, konferenci\u00ed, t\u00e1borov<\/a><\/h3>\n<p>[\/vc_column_text][vc_btn title=&#8221;V\u0160ETKY VIDE\u00c1&#8221; style=&#8221;outline&#8221; color=&#8221;orange&#8221; size=&#8221;sm&#8221; css=&#8221;.vc_custom_1569313381683{padding-top: 5% !important;}&#8221; link=&#8221;url:https%3A%2F%2Fnew.slovozivota.sk%2Fvideo-posolstva|||&#8221;][\/vc_column][vc_column width=&#8221;1\/3&#8243;]<div class=\"sc_section\" style=\"clear: both;\"><div class=\"sc_section_inner\"><h6 class=\"sc_title sc_title_divider sc_align_left\" style=\"margin-top:0px;margin-bottom:0px;text-align:left;\"><span class=\"sc_title_divider_before\"><\/span>Podcast<span class=\"sc_title_divider_after\"><\/span><\/h6>[vc_column_text]<\/p>\n<h3><div class=\"display-posts-listing\"><div class=\"listing-item\"><a class=\"title\" href=\"https:\/\/www.slovozivota.sk\/en\/2017\/08\/audiokazne-2017\/\">\u010co v\u0161etko Boh rob\u00ed pred pov\u00fd\u0161en\u00edm?<\/a><\/div><\/div><\/h3>\n<p>[\/vc_column_text][vc_btn title=&#8221;V\u0160ETKY PODCASTY&#8221; style=&#8221;outline&#8221; color=&#8221;orange&#8221; size=&#8221;sm&#8221; css=&#8221;.vc_custom_1568040520065{padding-top: 5% !important;}&#8221; link=&#8221;url:https%3A%2F%2Fnew.slovozivota.sk%2Fkategorie%2Fpodcast|||&#8221;]<\/div><\/div>[\/vc_column][vc_column width=&#8221;1\/3&#8243;]<h6 class=\"sc_title sc_title_divider sc_align_left\" style=\"margin-top:0px;margin-bottom:0px;text-align:left;\"><span class=\"sc_title_divider_before\"><\/span>Blog<span class=\"sc_title_divider_after\"><\/span><\/h6>[vc_column_text]<\/p>\n<h3><div class=\"display-posts-listing\"><div class=\"listing-item\"><a class=\"title\" href=\"https:\/\/www.slovozivota.sk\/en\/2024\/07\/zazitky-z-detskeho-tabora-ovocinoland\/\">Z\u00e1\u017eitky z detsk\u00e9ho t\u00e1bora Ovocinoland<\/a><\/div><\/div><\/h3>\n<p>[\/vc_column_text][vc_btn title=&#8221;V\u0160ETKY BLOGY&#8221; style=&#8221;outline&#8221; color=&#8221;orange&#8221; size=&#8221;sm&#8221; css=&#8221;.vc_custom_1568040936027{padding-top: 5% !important;}&#8221; link=&#8221;url:https%3A%2F%2Fnew.slovozivota.sk%2Fkategorie%2Fblog|||&#8221;][\/vc_column][\/vc_row][vc_row css=&#8221;.vc_custom_1565990866112{margin-top: 3% !important;margin-bottom: 4% !important;}&#8221;][vc_column]<h6 class=\"sc_title sc_title_divider sc_align_left\" style=\"margin-bottom:3%;text-align:left;\"><span class=\"sc_title_divider_before\"><\/span>\u010co je nov\u00e9<span class=\"sc_title_divider_after\"><\/span><\/h6><div id=\"sc_blogger_523232401\" class=\"sc_blogger layout_classic_3 template_masonry  sc_blogger_horizontal no_description\"><div class=\"isotope_wrap\" data-columns=\"3\">\t\t<div class=\"isotope_item isotope_item_classic isotope_item_classic_3 isotope_column_3\t\t\t\t\t\">\n\t\t\t<div class=\"post_item post_item_classic post_item_classic_3\t\t\t\t  post_format_standard odd\">\n\n\n\n\t\t\t\t\n\t\t\t\t\t\t\t\t\t<div class=\"post_featured\">\n                                                    <div class=\"post_info_item post_info_posted\">\n                                <div class=\"day\">12<\/div>\n                                <div class=\"month_year\">Apr ,26<\/div>\n                            <\/div>\n                        \t\t\t\t\t\t\t\t\t\t\t\t<div class=\"post_thumb\" data-image=\"https:\/\/www.slovozivota.sk\/wp-content\/uploads\/2026\/04\/banner_camp_hlada_sa_hrdina_aktual-1.jpg\" data-title=\"Spark &amp; G1 camp 2026\">\n\t\t\t\t\t\t<a class=\"hover_icon hover_icon_link\" href=\"https:\/\/www.slovozivota.sk\/en\/2026\/04\/spark-g1-camp-2026\/\"><img decoding=\"async\" class=\"wp-post-image\" width=\"370\" height=\"250\" alt=\"Spark &amp; G1 camp 2026\" src=\"https:\/\/www.slovozivota.sk\/wp-content\/uploads\/2026\/04\/banner_camp_hlada_sa_hrdina_aktual-1-740x500.jpg\"><\/a>\t\t\t\t\t\t<\/div>\n\t\t\t\t\t\t\t\t\t\t\t<\/div>\n\t\t\t\t\n              <div class=\"massonry_border\">\n                                                <h5 class=\"post_title\"><a href=\"https:\/\/www.slovozivota.sk\/en\/2026\/04\/spark-g1-camp-2026\/\">Spark &#038; G1 camp 2026<\/a><\/h5>\n                        \n\n\n                    <div class=\"post_content isotope_item_content\">\n\n\n                        <div class=\"post_descr\">\n                            <p>Spark &#038; G1, poz\u00fdvame v\u00e1s na Camp RADOS\u0164, tentoraz s t\u00e9mou H\u013ead\u00e1 sa hrdina. Nev\u00e1hajte, prihlasovanie je u\u017e spusten\u00e9.<\/p><a href=\"https:\/\/www.slovozivota.sk\/en\/2026\/04\/spark-g1-camp-2026\/\" class=\"post_readmore sc_button sc_button_square sc_button_style_filled sc_button_size_small\"><span class=\"post_readmore_label\">cel\u00fd \u010dl\u00e1nok<\/span><\/a>                        <\/div>\n\n                    <\/div>\t\t\t\t<!-- \/.post_content -->\n\t\t\t\t<\/div>\t\t\t\t<!-- \/.massonry_border -->\n\t\t\t<\/div>\t<!-- \/.post_item -->\n\t\t<\/div>\t\t\t\t\t\t<!-- \/.isotope_item -->\n\t\t\t\t<div class=\"isotope_item isotope_item_classic isotope_item_classic_3 isotope_column_3\t\t\t\t\t\">\n\t\t\t<div class=\"post_item post_item_classic post_item_classic_3\t\t\t\t  post_format_standard even\">\n\n\n\n\t\t\t\t\n\t\t\t\t\t\t\t\t\t<div class=\"post_featured\">\n                                                    <div class=\"post_info_item post_info_posted\">\n                                <div class=\"day\">11<\/div>\n                                <div class=\"month_year\">Mar ,26<\/div>\n                            <\/div>\n                        \t\t\t\t\t\t\t\t\t\t\t\t<div class=\"post_thumb\" data-image=\"https:\/\/www.slovozivota.sk\/wp-content\/uploads\/2026\/03\/banner_ranajky_pre_muzov_aktual202603.png\" data-title=\"Ra\u0148ajky pre mu\u017eov &#8211; 21.3.2026\">\n\t\t\t\t\t\t<a class=\"hover_icon hover_icon_link\" href=\"https:\/\/www.slovozivota.sk\/en\/2026\/03\/ranajky-pre-muzov-21-3-2026\/\"><img decoding=\"async\" class=\"wp-post-image\" width=\"370\" height=\"250\" alt=\"Ra\u0148ajky pre mu\u017eov &#8211; 21.3.2026\" src=\"https:\/\/www.slovozivota.sk\/wp-content\/uploads\/2026\/03\/banner_ranajky_pre_muzov_aktual202603-740x500.png\"><\/a>\t\t\t\t\t\t<\/div>\n\t\t\t\t\t\t\t\t\t\t\t<\/div>\n\t\t\t\t\n              <div class=\"massonry_border\">\n                                                <h5 class=\"post_title\"><a href=\"https:\/\/www.slovozivota.sk\/en\/2026\/03\/ranajky-pre-muzov-21-3-2026\/\">Ra\u0148ajky pre mu\u017eov &#8211; 21.3.2026<\/a><\/h5>\n                        \n\n\n                    <div class=\"post_content isotope_item_content\">\n\n\n                        <div class=\"post_descr\">\n                            <p>Srde\u010dne v\u00e1s poz\u00fdvame na sobotn\u00e9 Ra\u0148ajky pre mu\u017eov. Je to jedine\u010dn\u00e1 pr\u00edle\u017eitos\u0165 porozpr\u00e1va\u0165 sa na mu\u017esk\u00e9 t\u00e9my a spozna\u0165 nov\u00fdch priate\u013eov pri jedle, chv\u00e1lach, slovku a \u010dak\u00e1 v\u00e1s aj bonusov\u00fd<\/p><a href=\"https:\/\/www.slovozivota.sk\/en\/2026\/03\/ranajky-pre-muzov-21-3-2026\/\" class=\"post_readmore sc_button sc_button_square sc_button_style_filled sc_button_size_small\"><span class=\"post_readmore_label\">cel\u00fd \u010dl\u00e1nok<\/span><\/a>                        <\/div>\n\n                    <\/div>\t\t\t\t<!-- \/.post_content -->\n\t\t\t\t<\/div>\t\t\t\t<!-- \/.massonry_border -->\n\t\t\t<\/div>\t<!-- \/.post_item -->\n\t\t<\/div>\t\t\t\t\t\t<!-- \/.isotope_item -->\n\t\t\t\t<div class=\"isotope_item isotope_item_classic isotope_item_classic_3 isotope_column_3\t\t\t\t\t\">\n\t\t\t<div class=\"post_item post_item_classic post_item_classic_3\t\t\t\t  post_format_standard odd last\">\n\n\n\n\t\t\t\t\n\t\t\t\t\t\t\t\t\t<div class=\"post_featured\">\n                                                    <div class=\"post_info_item post_info_posted\">\n                                <div class=\"day\">06<\/div>\n                                <div class=\"month_year\">Feb ,26<\/div>\n                            <\/div>\n                        \t\t\t\t\t\t\t\t\t\t\t\t<div class=\"post_thumb\" data-image=\"https:\/\/www.slovozivota.sk\/wp-content\/uploads\/2026\/02\/banner_den_pre_Izrael_2026_aktual.png\" data-title=\"De\u0148 pre Izrael 2026\">\n\t\t\t\t\t\t<a class=\"hover_icon hover_icon_link\" href=\"https:\/\/www.slovozivota.sk\/en\/2026\/02\/den-pre-izrael-2026\/\"><img decoding=\"async\" class=\"wp-post-image\" width=\"370\" height=\"250\" alt=\"De\u0148 pre Izrael 2026\" src=\"https:\/\/www.slovozivota.sk\/wp-content\/uploads\/2026\/02\/banner_den_pre_Izrael_2026_aktual-740x500.png\"><\/a>\t\t\t\t\t\t<\/div>\n\t\t\t\t\t\t\t\t\t\t\t<\/div>\n\t\t\t\t\n              <div class=\"massonry_border\">\n                                                <h5 class=\"post_title\"><a href=\"https:\/\/www.slovozivota.sk\/en\/2026\/02\/den-pre-izrael-2026\/\">De\u0148 pre Izrael 2026<\/a><\/h5>\n                        \n\n\n                    <div class=\"post_content isotope_item_content\">\n\n\n                        <div class=\"post_descr\">\n                            <p>Srde\u010dne v\u00e1s poz\u00fdvame na De\u0148 pre Izrael v priestoroch n\u00e1\u0161ho kres\u0165ansk\u00e9ho centra v nede\u013eu 22.2, na Tom\u00e1\u0161ikovej 30. V spolupr\u00e1ci s organiz\u00e1ciou ICEJ a v r\u00e1mci Medzin\u00e1rodn\u00e9ho d\u0148a pripomienky holokaustu<\/p><a href=\"https:\/\/www.slovozivota.sk\/en\/2026\/02\/den-pre-izrael-2026\/\" class=\"post_readmore sc_button sc_button_square sc_button_style_filled sc_button_size_small\"><span class=\"post_readmore_label\">cel\u00fd \u010dl\u00e1nok<\/span><\/a>                        <\/div>\n\n                    <\/div>\t\t\t\t<!-- \/.post_content -->\n\t\t\t\t<\/div>\t\t\t\t<!-- \/.massonry_border -->\n\t\t\t<\/div>\t<!-- \/.post_item -->\n\t\t<\/div>\t\t\t\t\t\t<!-- \/.isotope_item -->\n\t\t<\/div><\/div>[\/vc_column][\/vc_row][vc_row][vc_column]<h6 class=\"sc_title sc_title_divider sc_align_left\" style=\"margin-top:0px;margin-bottom:0px;text-align:left;\"><span class=\"sc_title_divider_before\"><\/span>E-Shop<span class=\"sc_title_divider_after\"><\/span><\/h6>[vc_images_carousel images=&#8221;1996,4047&#8243; img_size=&#8221;full&#8221; onclick=&#8221;custom_link&#8221; custom_links_target=&#8221;_blank&#8221; autoplay=&#8221;yes&#8221; hide_pagination_control=&#8221;yes&#8221; wrap=&#8221;yes&#8221; css=&#8221;.vc_custom_1568035918926{padding-top: 3% !important;}&#8221; custom_links=&#8221;#E-8_aHR0cHMlM0ElMkYlMkZlc2hvcC5zbG92b3ppdm90YS5zayUyRg==&#8221;][\/vc_column][\/vc_row][vc_row full_width=&#8221;stretch_row&#8221; css=&#8221;.vc_custom_1566487962819{margin-top: 7% !important;padding-top: 7% !important;padding-bottom: 7% !important;background-image: url(https:\/\/new.slovozivota.sk\/wp-content\/uploads\/2019\/08\/bg1.jpg?id=1761) !important;}&#8221;][vc_column]<div id=\"sc_services_1143434921_wrap\" class=\"sc_services_wrap\"><div id=\"sc_services_1143434921\" class=\"sc_services sc_services_style_services-2 sc_services_type_icons  sc_slider_nopagination sc_slider_nocontrols\" style=\"width:100%;\" data-interval=\"6508\" data-slides-per-view=\"3\"><div class=\"sc_columns columns_wrap\"><div class=\"column-1_3 column_padding_bottom\">\t\t\t<div id=\"sc_services_1143434921_1\"\t\t\t\tclass=\"sc_services_item sc_services_item_1 odd first\"\n\t\t\t\t>\n\t\t\t\t<a href=\"https:\/\/www.slovozivota.sk\/en\/services\/4-duchovne-zakony\/\"><span class=\"sc_icon icon-book-open\"><\/span><\/a>\t\t\t\t<div class=\"sc_services_item_content\">\n\t\t\t\t\t<h4 class=\"sc_services_item_title\"><a href=\"https:\/\/www.slovozivota.sk\/en\/services\/4-duchovne-zakony\/\">4 duchovn\u00e9 z\u00e1kony<\/a><\/h4>\n\t\t\t\t\t<div class=\"sc_services_item_description\">\n\t\t\t\t\t\t<p>Evanjelium poch\u00e1dza z\u00a0gr\u00e9ckeho slova evangelion a\u00a0znamen\u00e1 dobr\u00fa spr\u00e1vu, ktor\u00fa sme pre teba zhrnuli do 4 bodov.<\/p><a href=\"https:\/\/www.slovozivota.sk\/en\/services\/4-duchovne-zakony\/\" class=\"sc_button sc_button_square sc_button_style_border sc_button_size_small  sc_services_item_readmore \">More<\/a>                        \t\t\t\t\t<\/div>\n\t\t\t\t<\/div>\n\t\t\t<\/div>\n\t\t<\/div><div class=\"column-1_3 column_padding_bottom\">\t\t\t<div id=\"sc_services_1143434921_2\"\t\t\t\tclass=\"sc_services_item sc_services_item_2 even\"\n\t\t\t\t>\n\t\t\t\t<a href=\"https:\/\/www.slovozivota.sk\/en\/services\/v-co-verime\/\"><span class=\"sc_icon icon-book-open\"><\/span><\/a>\t\t\t\t<div class=\"sc_services_item_content\">\n\t\t\t\t\t<h4 class=\"sc_services_item_title\"><a href=\"https:\/\/www.slovozivota.sk\/en\/services\/v-co-verime\/\">V \u010do ver\u00edme<\/a><\/h4>\n\t\t\t\t\t<div class=\"sc_services_item_description\">\n\t\t\t\t\t\t<p>Ver\u00edm v Boha Otca v\u0161emoh\u00faceho, Stvorite\u013ea neba i zeme. Najvy\u0161\u0161ou autoritou je pre n\u00e1s P\u00edsmo sv\u00e4t\u00e9 \u2013 Biblia.<\/p><a href=\"https:\/\/www.slovozivota.sk\/en\/services\/v-co-verime\/\" class=\"sc_button sc_button_square sc_button_style_border sc_button_size_small  sc_services_item_readmore \">More<\/a>                        \t\t\t\t\t<\/div>\n\t\t\t\t<\/div>\n\t\t\t<\/div>\n\t\t<\/div><div class=\"column-1_3 column_padding_bottom\">\t\t\t<div id=\"sc_services_1143434921_3\"\t\t\t\tclass=\"sc_services_item sc_services_item_3 odd\"\n\t\t\t\t>\n\t\t\t\t<a href=\"https:\/\/www.slovozivota.sk\/en\/services\/pastori\/\"><span class=\"sc_icon icon-book-open\"><\/span><\/a>\t\t\t\t<div class=\"sc_services_item_content\">\n\t\t\t\t\t<h4 class=\"sc_services_item_title\"><a href=\"https:\/\/www.slovozivota.sk\/en\/services\/pastori\/\">T\u00edm ved\u00facich<\/a><\/h4>\n\t\t\t\t\t<div class=\"sc_services_item_description\">\n\t\t\t\t\t\t<p>V\u00a0na\u0161ej cirkvi ver\u00edme v\u00a0t\u00edmov\u00fa pr\u00e1cu. Boh hovor\u00ed k\u00a0jednotlivcom, ale nikdy ich nepovolal, aby dielo vykonali sami.<\/p><a href=\"https:\/\/www.slovozivota.sk\/en\/services\/pastori\/\" class=\"sc_button sc_button_square sc_button_style_border sc_button_size_small  sc_services_item_readmore \">More<\/a>                        \t\t\t\t\t<\/div>\n\t\t\t\t<\/div>\n\t\t\t<\/div>\n\t\t<\/div><\/div><\/div><!-- \/.sc_services --><\/div><!-- \/.sc_services_wrap -->[\/vc_column][\/vc_row][vc_row css=&#8221;.vc_custom_1566485187354{margin-top: 6% !important;margin-bottom: 6% !important;}&#8221;][vc_column width=&#8221;1\/2&#8243;]<h6 class=\"sc_title sc_title_divider sc_align_left\" style=\"margin-bottom:3.125rem;text-align:left;\"><span class=\"sc_title_divider_before\"><\/span>Cirkev Slovo \u017divota<span class=\"sc_title_divider_after\"><\/span><\/h6><div class=\"sc_section margin_left\"><div class=\"sc_section_inner\"><h4 class=\"sc_title sc_title_regular sc_align_left responsive_text\" style=\"margin-top:0px;margin-bottom:2.667rem;text-align:left;font-size:2.667rem;\">Sme kres\u0165ania,<br \/>\nktor\u00ed pre\u017eili osobn\u00e9 obr\u00e1tenie k Bohu.<\/h4>[vc_column_text el_class=&#8221;color_light&#8221;]Sp\u00e1ja n\u00e1s viera v Sv\u00e4t\u00e9 P\u00edsmo\u00a0a ve\u013ek\u00e1 t\u00fa\u017eba nasledova\u0165 Na\u0161ou t\u00fa\u017ebou je nasledova\u0165\u00a0Je\u017ei\u0161a. Pre\u017eili sme nie\u010do podobn\u00e9, \u010do popisuje C.S.Lewis vo svojej knihe \u201eZasko\u010den\u00fd rados\u0165ou\u201c. Pre mnoh\u00fdch je mo\u017eno koncepcia kres\u0165anstva spojen\u00e9ho s rados\u0165ou skoro nezlu\u010dite\u013en\u00e1, no veriaci ranej cirkvi boli neust\u00e1le napl\u0148ovan\u00ed Duchom Sv\u00e4t\u00fdm a rados\u0165ou.[\/vc_column_text]<a href=\"\/services\/v-co-verime\/\" class=\"sc_button sc_button_square sc_button_style_filled sc_button_size_small\" style=\"margin-top:2.667rem;\">V \u010do ver\u00edme<\/a><\/div><\/div>[\/vc_column][vc_column width=&#8221;1\/2&#8243;]<div class=\"figure sc_image  sc_image_shape_square margin_left\" style=\"margin-top:1.35em !important;\"><img decoding=\"async\" src=\"https:\/\/www.slovozivota.sk\/wp-content\/uploads\/2019\/08\/InfoSlovoZivota.jpg\" alt=\"\" \/><\/div>[\/vc_column][\/vc_row]<\/p>\n","protected":false},"excerpt":{"rendered":"<p>[vc_row full_width=&#8221;stretch_row&#8221; css=&#8221;.vc_custom_1565861659899{margin-top: 5% !important;margin-bottom: 5% !important;}&#8221;][vc_column width=&#8221;1\/2&#8243; css=&#8221;.vc_custom_1565250094142{padding-right: 10% !important;}&#8221;][vc_column_text][\/vc_column_text][\/vc_column][vc_column width=&#8221;1\/2&#8243;][vc_column_text el_class=&#8221;color_light&#8221;] Last video from Sunday Pozrite si najnov\u0161ie vyu\u010dovanie z nede\u013enej bohoslu\u017eby, ktor\u00e9 m\u00e1vame ka\u017ed\u00fa nede\u013eu\u00a0o 10:00\u00a0na Tom\u00e1\u0161ikovej [&hellip;]<\/p>\n","protected":false},"author":1,"featured_media":0,"parent":0,"menu_order":0,"comment_status":"open","ping_status":"closed","template":"","meta":{"episode_type":"","audio_file":"","cover_image":"","cover_image_id":"","duration":"","filesize":"","date_recorded":"","explicit":"","block":"","filesize_raw":"","footnotes":""},"class_list":["post-4694","page","type-page","status-publish","hentry"],"_links":{"self":[{"href":"https:\/\/www.slovozivota.sk\/en\/wp-json\/wp\/v2\/pages\/4694","targetHints":{"allow":["GET"]}}],"collection":[{"href":"https:\/\/www.slovozivota.sk\/en\/wp-json\/wp\/v2\/pages"}],"about":[{"href":"https:\/\/www.slovozivota.sk\/en\/wp-json\/wp\/v2\/types\/page"}],"author":[{"embeddable":true,"href":"https:\/\/www.slovozivota.sk\/en\/wp-json\/wp\/v2\/users\/1"}],"replies":[{"embeddable":true,"href":"https:\/\/www.slovozivota.sk\/en\/wp-json\/wp\/v2\/comments?post=4694"}],"version-history":[{"count":0,"href":"https:\/\/www.slovozivota.sk\/en\/wp-json\/wp\/v2\/pages\/4694\/revisions"}],"wp:attachment":[{"href":"https:\/\/www.slovozivota.sk\/en\/wp-json\/wp\/v2\/media?parent=4694"}],"curies":[{"name":"wp","href":"https:\/\/api.w.org\/{rel}","templated":true}]}}