{"id":4780,"date":"2019-10-04T12:11:06","date_gmt":"2019-10-04T10:11:06","guid":{"rendered":"https:\/\/new.slovozivota.sk\/en\/?page_id=4780"},"modified":"2019-10-04T12:14:34","modified_gmt":"2019-10-04T10:14:34","slug":"chcem-dostavat-informacie","status":"publish","type":"page","link":"https:\/\/www.slovozivota.sk\/en\/chcem-dostavat-informacie\/","title":{"rendered":"Chcem dost\u00e1va\u0165 inform\u00e1cie"},"content":{"rendered":"<p>[vc_row][vc_column][vc_column_text]<\/p>\n<h1>Chcem dost\u00e1va\u0165 inform\u00e1cie<\/h1>\n<p>[\/vc_column_text][vc_empty_space][vc_column_text]<script>(function() {\n\twindow.mc4wp = window.mc4wp || {\n\t\tlisteners: [],\n\t\tforms: {\n\t\t\ton: function(evt, cb) {\n\t\t\t\twindow.mc4wp.listeners.push(\n\t\t\t\t\t{\n\t\t\t\t\t\tevent   : evt,\n\t\t\t\t\t\tcallback: cb\n\t\t\t\t\t}\n\t\t\t\t);\n\t\t\t}\n\t\t}\n\t}\n})();\n<\/script><!-- Mailchimp for WordPress v4.10.1 - https:\/\/wordpress.org\/plugins\/mailchimp-for-wp\/ --><form id=\"mc4wp-form-1\" class=\"mc4wp-form mc4wp-form-4713\" method=\"post\" data-id=\"4713\" data-name=\"Informail - E-Shop\" ><div class=\"mc4wp-form-fields\"><p>\r\n  <p>\r\n    <label>Meno<\/label><br>\r\n    <input type=\"text\" name=\"FNAME\" required=\"\">\r\n<\/p>\r\n<p>\r\n    <label>Priezvisko<\/label><br>\r\n    <input type=\"text\" name=\"LNAME\" required=\"\">\r\n<\/p>\r\n\r\n\t<label>E-mailov\u00e1 adresa: <\/label><br>\r\n\t\t<input type=\"email\" name=\"EMAIL\" placeholder=\"Va\u0161a e-mailov\u00e1 adresa\" required \/>&nbsp;&nbsp;&nbsp;&nbsp;&nbsp;&nbsp;&nbsp;\r\n<br><br><input type=\"submit\" value=\"Zaregistrova\u0165 sa\" \/>\r\n  <p><br>\r\n    <label>\r\n        <input name=\"AGREE_TO_TERMS\" type=\"checkbox\" value=\"1\" required=\"\"> <a href=\"https:\/\/new.slovozivota.sk\/zasady-ochrany-osobnych-udajov\/\" target=\"_blank\">M\u00e1m z\u00e1ujem o poskytovanie aktu\u00e1lnych inform\u00e1ci\u00ed o dian\u00ed v spolo\u010denstve a vydavate\u013estve Slovo \u017eivota. S\u00fahlas\u00edm so spracovan\u00edm osobn\u00fdch \u00fadajov. <\/a>\r\n    <\/label>\r\n<\/p>\r\n\r\n<\/p>\t\r\n<\/div><label style=\"display: none !important;\">Leave this field empty if you're human: <input type=\"text\" name=\"_mc4wp_honeypot\" value=\"\" tabindex=\"-1\" autocomplete=\"off\" \/><\/label><input type=\"hidden\" name=\"_mc4wp_timestamp\" value=\"1777603683\" \/><input type=\"hidden\" name=\"_mc4wp_form_id\" value=\"4713\" \/><input type=\"hidden\" name=\"_mc4wp_form_element_id\" value=\"mc4wp-form-1\" \/><div class=\"mc4wp-response\"><\/div><\/form><!-- \/ Mailchimp for WordPress Plugin -->[\/vc_column_text][vc_empty_space][\/vc_column][\/vc_row]<\/p>\n","protected":false},"excerpt":{"rendered":"<p>[vc_row][vc_column][vc_column_text] Chcem dost\u00e1va\u0165 inform\u00e1cie [\/vc_column_text][vc_empty_space][vc_column_text][\/vc_column_text][vc_empty_space][\/vc_column][\/vc_row]<\/p>\n","protected":false},"author":1,"featured_media":0,"parent":0,"menu_order":0,"comment_status":"closed","ping_status":"closed","template":"","meta":{"episode_type":"","audio_file":"","cover_image":"","cover_image_id":"","duration":"","filesize":"","date_recorded":"","explicit":"","block":"","filesize_raw":"","footnotes":""},"class_list":["post-4780","page","type-page","status-publish","hentry"],"_links":{"self":[{"href":"https:\/\/www.slovozivota.sk\/en\/wp-json\/wp\/v2\/pages\/4780","targetHints":{"allow":["GET"]}}],"collection":[{"href":"https:\/\/www.slovozivota.sk\/en\/wp-json\/wp\/v2\/pages"}],"about":[{"href":"https:\/\/www.slovozivota.sk\/en\/wp-json\/wp\/v2\/types\/page"}],"author":[{"embeddable":true,"href":"https:\/\/www.slovozivota.sk\/en\/wp-json\/wp\/v2\/users\/1"}],"replies":[{"embeddable":true,"href":"https:\/\/www.slovozivota.sk\/en\/wp-json\/wp\/v2\/comments?post=4780"}],"version-history":[{"count":0,"href":"https:\/\/www.slovozivota.sk\/en\/wp-json\/wp\/v2\/pages\/4780\/revisions"}],"wp:attachment":[{"href":"https:\/\/www.slovozivota.sk\/en\/wp-json\/wp\/v2\/media?parent=4780"}],"curies":[{"name":"wp","href":"https:\/\/api.w.org\/{rel}","templated":true}]}}