{"id":5379,"date":"2019-11-15T16:14:05","date_gmt":"2019-11-15T15:14:05","guid":{"rendered":"https:\/\/www.slovozivota.sk\/?page_id=5379"},"modified":"2019-12-04T09:36:13","modified_gmt":"2019-12-04T08:36:13","slug":"retreat-pre-veducich-zboru","status":"publish","type":"page","link":"https:\/\/www.slovozivota.sk\/en\/retreat-pre-veducich-zboru\/","title":{"rendered":"Retreat pre ved\u00facich zboru"},"content":{"rendered":"<p>[vc_row][vc_column][vc_column_text]<\/p>\n<h1>Retreat pre ved\u00facich zboru<\/h1>\n<p>Srde\u010dne poz\u00fdvame ved\u00facich n\u00e1\u0161ho zboru v\u00a0Bratislave na sobotu 7.12.2019 na chatu Berea v\u00a0n\u00e1dhernom prostred\u00ed Modry-Harm\u00f3nie na retreat aj za \u00fa\u010dasti hos\u0165a Bengta Wedemalma.<\/p>\n<p>Inform\u00e1cie m\u00e1te poslan\u00e9 mailom, mo\u017enos\u0165 prihl\u00e1si\u0165 sa bola ukon\u010den\u00e1.<\/p>\n<p>Program pre deti nezabezpe\u010dujeme, ale ak je nevyhnutn\u00e9 aby i\u0161li, nap\u00ed\u0161te to do pozn\u00e1mky.[\/vc_column_text][\/vc_column][\/vc_row]<\/p>\n","protected":false},"excerpt":{"rendered":"<p>[vc_row][vc_column][vc_column_text] Retreat pre ved\u00facich zboru Srde\u010dne poz\u00fdvame ved\u00facich n\u00e1\u0161ho zboru v\u00a0Bratislave na sobotu 7.12.2019 na chatu Berea v\u00a0n\u00e1dhernom prostred\u00ed Modry-Harm\u00f3nie na retreat aj za \u00fa\u010dasti hos\u0165a Bengta Wedemalma. Inform\u00e1cie m\u00e1te [&hellip;]<\/p>\n","protected":false},"author":109,"featured_media":5381,"parent":0,"menu_order":0,"comment_status":"closed","ping_status":"closed","template":"","meta":{"episode_type":"","audio_file":"","cover_image":"","cover_image_id":"","duration":"","filesize":"","date_recorded":"","explicit":"","block":"","filesize_raw":"","footnotes":""},"class_list":["post-5379","page","type-page","status-publish","has-post-thumbnail","hentry"],"_links":{"self":[{"href":"https:\/\/www.slovozivota.sk\/en\/wp-json\/wp\/v2\/pages\/5379","targetHints":{"allow":["GET"]}}],"collection":[{"href":"https:\/\/www.slovozivota.sk\/en\/wp-json\/wp\/v2\/pages"}],"about":[{"href":"https:\/\/www.slovozivota.sk\/en\/wp-json\/wp\/v2\/types\/page"}],"author":[{"embeddable":true,"href":"https:\/\/www.slovozivota.sk\/en\/wp-json\/wp\/v2\/users\/109"}],"replies":[{"embeddable":true,"href":"https:\/\/www.slovozivota.sk\/en\/wp-json\/wp\/v2\/comments?post=5379"}],"version-history":[{"count":0,"href":"https:\/\/www.slovozivota.sk\/en\/wp-json\/wp\/v2\/pages\/5379\/revisions"}],"wp:featuredmedia":[{"embeddable":true,"href":"https:\/\/www.slovozivota.sk\/en\/wp-json\/wp\/v2\/media\/5381"}],"wp:attachment":[{"href":"https:\/\/www.slovozivota.sk\/en\/wp-json\/wp\/v2\/media?parent=5379"}],"curies":[{"name":"wp","href":"https:\/\/api.w.org\/{rel}","templated":true}]}}