{"id":5935,"date":"2020-01-23T13:40:57","date_gmt":"2020-01-23T12:40:57","guid":{"rendered":"https:\/\/www.slovozivota.sk\/?page_id=5935"},"modified":"2026-03-02T22:47:49","modified_gmt":"2026-03-02T21:47:49","slug":"detska-sluzba","status":"publish","type":"page","link":"https:\/\/www.slovozivota.sk\/en\/detska-sluzba\/","title":{"rendered":"Children\u00b4s Ministry"},"content":{"rendered":"<p>[vc_row][vc_column width=&#8221;1\/2&#8243;][vc_column_text]<\/p>\n<h1>Children\u00b4s Ministry<\/h1>\n<p>We want to be more than just a ministry that &#8220;watches&#8221; children on Sundays while parents listen to lessons. For us, children are just as important as adults, we want them to get to know the Lord from a young age, learn to recognize what is good and bad, get to know the beauty of God&#8217;s word and have a lot of fun at the same time. Last but not least, we strive for them to have beautiful and friendly relationships with each other. That is why our service runs all year round, an integral part of which is the annual children&#8217;s camps during the summer, the Christmas party and the involvement of children in the Christmas program.<\/p>\n<p>During the Sunday services starting at 10:00 a.m., a parallel program for children takes place (so-called Sunday School), which begins after worship and prayer (before the announcements &#8211; it&#8217;s about 10:35), when it will also be shown on the screen that the children&#8217;s program is starting, usually it will also be pointed out by preacher. Until then the children are under the supervision of their parents. Afterwards, the children meet in the cafeteria for refreshments. There they will be divided into three groups (around 10:50 a.m.).<\/p>\n<ul>\n<li><strong>Sheep<\/strong> (children attending kindergarten who are at least three years old)<\/li>\n<li><strong>Lions<\/strong> (primary school freshmen and older children born before July 1, 2015)<\/li>\n<li><strong>Eagles<\/strong> (born between July 1, 2012 and June 30, 2015)<\/li>\n<\/ul>\n<p>The program for children is adapted to their age &#8211; it includes lessons, games, sometimes even handicrafts, songs or a drama, through which we bring the Bible closer to them. Our intention is for them to have their own relationship with God, so that they don&#8217;t come here just because of their parents&#8217; faith. We also want to help them develop their talents and skills, so that they can use it at school and make use of it in their personal life and later in ministry. At 12:15 Sunday school ends, parents need to pick them up no later than 10 minutes after the end of the service.<\/p>\n<h4>Explanation to which age group the children are assigned<\/h4>\n<p>The above division is valid from 10.9. 2024, the limit of children, according to which we determine where they are classified, moves by one year. We consider this age limit to be fairer than the division according to school classes, as some children have a deferral, others come to Bratislava from other countries and graduate from our regular primary schools at a different age than our Slovak children. The date of birth (boundary 1.7.), in addition to being the same age, also helps us in that children who finish the last year of the &#8220;eagles&#8221; class can continue smoothly in adolescence (G1 &#8211; God first) and enter adolescence &#8211; youth camp for 13-year-olds. If younger people were to go there, it would not be suitable for them. This division will also allow them to spend exactly three years in the &#8220;eagles&#8221; class (where the oldest children are) &#8211; we have a three-year plan where we go through the whole Bible &#8211; so they won&#8217;t miss anything and won&#8217;t spend an extra year there.<\/p>\n<p><strong>Contact for Sunday school<\/strong><strong>:<\/strong> <a href=\"mailto:huncar@slovozivota.sk\">Martin Hun\u010d\u00e1r<\/a>[\/vc_column_text][vc_empty_space][\/vc_column][vc_column width=&#8221;1\/2&#8243;][vc_single_image image=&#8221;9893&#8243; img_size=&#8221;large&#8221;][vc_column_text]<div class='fluentform ff-default fluentform_wrapper_9 ffs_default_wrap'><form data-form_id=\"9\" id=\"fluentform_9\" class=\"frm-fluent-form fluent_form_9 ff-el-form-top ff_form_instance_9_1 ff-form-loading ffs_default\" data-form_instance=\"ff_form_instance_9_1\" method=\"POST\" ><fieldset  style=\"border: none!important;margin: 0!important;padding: 0!important;background-color: transparent!important;box-shadow: none!important;outline: none!important; min-inline-size: 100%;\">\n                    <legend class=\"ff_screen_reader_title\" style=\"display: block; margin: 0!important;padding: 0!important;height: 0!important;text-indent: -999999px;width: 0!important;overflow:hidden;\">Nede\u013en\u00e1 \u0161kola<\/legend><input type='hidden' name='__fluent_form_embded_post_id' value='5935' \/><input type=\"hidden\" id=\"_fluentform_9_fluentformnonce\" name=\"_fluentform_9_fluentformnonce\" value=\"9d89cfbd1b\" \/><input type=\"hidden\" name=\"_wp_http_referer\" value=\"\/en\/wp-json\/wp\/v2\/pages\/5935\" \/><div class='ff-el-group  ff-custom_html' tabindex='-1' data-name=\"custom_html-9_1\" ><p>Potvrdenie o zaregistrovan\u00ed dostanete okam\u017eite na e-mail \u00fa\u010dastn\u00edka (skontrolujte si pr\u00edpadne aj SPAM prie\u010dinok).<\/p><\/div><div data-type=\"name-element\" data-name=\"names\" class=\" ff-field_container ff-name-field-wrapper\" ><div class='ff-t-container'><div class='ff-t-cell '><div class='ff-el-group'><div class=\"ff-el-input--label ff-el-is-required asterisk-right\"><label for='ff_9_names_first_name_' >Meno<\/label><\/div><div class='ff-el-input--content'><input type=\"text\" name=\"names[first_name]\" id=\"ff_9_names_first_name_\" class=\"ff-el-form-control\" placeholder=\"Meno die\u0165a\u0165a\" aria-invalid=\"false\" aria-required=true><\/div><\/div><\/div><div class='ff-t-cell '><div class='ff-el-group ff-el-form-top'><div class=\"ff-el-input--label ff-el-is-required asterisk-right\"><label for='ff_9_names_last_name_' >Priezvisko<\/label><\/div><div class='ff-el-input--content'><input type=\"text\" name=\"names[last_name]\" id=\"ff_9_names_last_name_\" class=\"ff-el-form-control\" placeholder=\"Priezvisko die\u0165a\u0165a\" aria-invalid=\"false\" aria-required=true><\/div><\/div><\/div><\/div><\/div><div data-name=\"ff_cn_id_1\"  class='ff-t-container ff-column-container ff_columns_total_2  '><div class='ff-t-cell ff-t-column-1' style='flex-basis: 50%;'><div class='ff-el-group'><div class=\"ff-el-input--label ff-el-is-required asterisk-right\"><label for='ff_9_input_text_4' aria-label=\"D\u00e1tum narodenia\">D\u00e1tum narodenia<\/label><\/div><div class='ff-el-input--content'><input type=\"text\" name=\"input_text_4\" class=\"ff-el-form-control\" placeholder=\"dd.mm.yyyy\" data-name=\"input_text_4\" id=\"ff_9_input_text_4\"  aria-invalid=\"false\" aria-required=true><\/div><\/div><\/div><div class='ff-t-cell ff-t-column-2' style='flex-basis: 50%;'><div class='ff-el-group'><div class=\"ff-el-input--label asterisk-right\"><label for='ff_9_input_text' aria-label=\"Trieda\">Trieda<\/label><\/div><div class='ff-el-input--content'><input type=\"text\" name=\"input_text\" class=\"ff-el-form-control\" placeholder=\"ro\u010dn\u00edk na Z\u0160\/M\u0160\" data-name=\"input_text\" id=\"ff_9_input_text\"  aria-invalid=\"false\" aria-required=false><\/div><\/div><\/div><\/div><div data-name=\"ff_cn_id_2\"  class='ff-t-container ff-column-container ff_columns_total_2  '><div class='ff-t-cell ff-t-column-1' style='flex-basis: 50%;'><div class='ff-el-group'><div class=\"ff-el-input--label ff-el-is-required asterisk-right\"><label for='ff_9_email_1' aria-label=\"Email rodi\u010da\">Email rodi\u010da<\/label><\/div><div class='ff-el-input--content'><input type=\"email\" name=\"email_1\" id=\"ff_9_email_1\" class=\"ff-el-form-control\" data-name=\"email_1\"  aria-invalid=\"false\" aria-required=true><\/div><\/div><div class='ff-el-group'><div class=\"ff-el-input--label asterisk-right\"><label for='ff_9_email_2' aria-label=\"Email druh\u00e9ho rodi\u010da\">Email druh\u00e9ho rodi\u010da<\/label><\/div><div class='ff-el-input--content'><input type=\"email\" name=\"email_2\" id=\"ff_9_email_2\" class=\"ff-el-form-control\" data-name=\"email_2\"  aria-invalid=\"false\" aria-required=false><\/div><\/div><\/div><div class='ff-t-cell ff-t-column-2' style='flex-basis: 50%;'><div class='ff-el-group'><div class=\"ff-el-input--label ff-el-is-required asterisk-right\"><label for='ff_9_numeric_field_2' aria-label=\"Telef\u00f3n rodi\u010da\">Telef\u00f3n rodi\u010da<\/label><\/div><div class='ff-el-input--content'><input type=\"number\" name=\"numeric_field_2\" id=\"ff_9_numeric_field_2\" class=\"ff-el-form-control\" placeholder=\"zadaj \u010d\u00edslo bez medzier\" data-name=\"numeric_field_2\" inputmode=\"numeric\" step=\"any\"  aria-invalid=\"false\" aria-required=true><\/div><\/div><div class='ff-el-group'><div class=\"ff-el-input--label asterisk-right\"><label for='ff_9_numeric_field_3' aria-label=\"Telef\u00f3n druh\u00e9ho rodi\u010da\">Telef\u00f3n druh\u00e9ho rodi\u010da<\/label><\/div><div class='ff-el-input--content'><input type=\"number\" name=\"numeric_field_3\" id=\"ff_9_numeric_field_3\" class=\"ff-el-form-control\" placeholder=\"zadaj \u010d\u00edslo bez medzier\" data-name=\"numeric_field_3\" inputmode=\"numeric\" step=\"any\"  aria-invalid=\"false\" aria-required=false><\/div><\/div><\/div><\/div><div class='ff-el-group'><div class=\"ff-el-input--label asterisk-right\"><label for='ff_9_description' aria-label=\"Z\u00e1ujmy die\u0165a\u0165a\">Z\u00e1ujmy die\u0165a\u0165a<\/label><\/div><div class='ff-el-input--content'><textarea aria-invalid=\"false\" aria-required=false name=\"description\" id=\"ff_9_description\" class=\"ff-el-form-control\" rows=\"3\" cols=\"2\" data-name=\"description\" ><\/textarea><\/div><\/div><div class='ff-el-group'><div class=\"ff-el-input--label asterisk-right\"><label for='ff_9_description_2' aria-label=\"In\u00e9\">In\u00e9<\/label><\/div><div class='ff-el-input--content'><textarea aria-invalid=\"false\" aria-required=false name=\"description_2\" id=\"ff_9_description_2\" class=\"ff-el-form-control\" placeholder=\"Lieky, handicap...\" rows=\"3\" cols=\"2\" data-name=\"description_2\" ><\/textarea><\/div><\/div><div class='ff-el-group ' ><div class='ff-el-input--content'><div data-fluent_id='9' name='g-recaptcha-response'><div\n\t\tdata-sitekey='6LdMD2csAAAAAJ5F90xKtUYMewXr0LrP5htWk_mr'\n\t\tid='fluentform-recaptcha-9-1'\n\t\tclass='ff-el-recaptcha g-recaptcha'\n\t\tdata-callback='fluentFormrecaptchaSuccessCallback'><\/div><\/div><\/div><\/div><div class='ff-el-group ff-text-left ff_submit_btn_wrapper'><button type=\"submit\" class=\"ff-btn ff-btn-submit ff-btn-md ff_btn_style\" >Odosla\u0165<\/button><\/div><\/fieldset><\/form><div id='fluentform_9_errors' class='ff-errors-in-stack ff_form_instance_9_1 ff-form-loading_errors ff_form_instance_9_1_errors'><\/div><\/div>        <script type=\"text\/javascript\">\n            window.fluent_form_ff_form_instance_9_1 = {\"id\":\"9\",\"settings\":{\"layout\":{\"labelPlacement\":\"top\",\"asteriskPlacement\":\"asterisk-right\",\"helpMessagePlacement\":\"with_label\",\"errorMessagePlacement\":\"inline\",\"cssClassName\":\"\"},\"restrictions\":{\"denyEmptySubmission\":{\"enabled\":false}}},\"form_instance\":\"ff_form_instance_9_1\",\"form_id_selector\":\"fluentform_9\",\"rules\":{\"names[first_name]\":{\"required\":{\"value\":true,\"message\":\"This field is required\",\"global_message\":\"Toto pole je povinn\\u00e9\",\"global\":true}},\"names[middle_name]\":{\"required\":{\"value\":false,\"message\":\"This field is required\",\"global_message\":\"Toto pole je povinn\\u00e9\",\"global\":true}},\"names[last_name]\":{\"required\":{\"value\":true,\"message\":\"This field is required\",\"global_message\":\"Toto pole je povinn\\u00e9\",\"global\":true}},\"input_text_4\":{\"required\":{\"value\":true,\"message\":\"This field is required\",\"global_message\":\"Toto pole je povinn\\u00e9\",\"global\":true}},\"input_text\":{\"required\":{\"value\":false,\"message\":\"This field is required\",\"global_message\":\"Toto pole je povinn\\u00e9\",\"global\":true}},\"email_1\":{\"required\":{\"value\":true,\"message\":\"This field is required\",\"global_message\":\"Toto pole je povinn\\u00e9\",\"global\":true},\"email\":{\"value\":true,\"message\":\"This field must contain a valid email\",\"global_message\":\"Toto pole mus\\u00ed obsahova\\u0165 platn\\u00fd e-mail\",\"global\":true}},\"email_2\":{\"required\":{\"value\":false,\"message\":\"This field is required\",\"global_message\":\"Toto pole je povinn\\u00e9\",\"global\":true},\"email\":{\"value\":true,\"message\":\"This field must contain a valid email\",\"global_message\":\"Toto pole mus\\u00ed obsahova\\u0165 platn\\u00fd e-mail\",\"global\":true}},\"numeric_field_2\":{\"required\":{\"value\":true,\"message\":\"This field is required\",\"global_message\":\"Toto pole je povinn\\u00e9\",\"global\":true},\"numeric\":{\"value\":true,\"message\":\"This field must contain numeric value\",\"global_message\":\"Toto pole mus\\u00ed obsahova\\u0165 \\u010d\\u00edseln\\u00fa hodnotu\",\"global\":true},\"min\":{\"value\":\"\",\"message\":\"Validation fails for minimum value\",\"global_message\":\"Overenie zlyh\\u00e1 pre minim\\u00e1lnu hodnotu\",\"global\":true},\"max\":{\"value\":\"\",\"message\":\"Validation fails for maximum value\",\"global_message\":\"Overenie zlyh\\u00e1 pre maxim\\u00e1lnu hodnotu\",\"global\":true},\"digits\":{\"value\":\"\",\"message\":\"Validation fails for limited digits\",\"global_message\":\"Overenie zlyh\\u00e1 pre obmedzen\\u00fd po\\u010det \\u010d\\u00edslic\",\"global\":true}},\"numeric_field_3\":{\"required\":{\"value\":false,\"message\":\"This field is required\",\"global_message\":\"Toto pole je povinn\\u00e9\",\"global\":true},\"numeric\":{\"value\":true,\"message\":\"This field must contain numeric value\",\"global_message\":\"Toto pole mus\\u00ed obsahova\\u0165 \\u010d\\u00edseln\\u00fa hodnotu\",\"global\":true},\"min\":{\"value\":\"\",\"message\":\"Validation fails for minimum value\",\"global_message\":\"Overenie zlyh\\u00e1 pre minim\\u00e1lnu hodnotu\",\"global\":true},\"max\":{\"value\":\"\",\"message\":\"Validation fails for maximum value\",\"global_message\":\"Overenie zlyh\\u00e1 pre maxim\\u00e1lnu hodnotu\",\"global\":true},\"digits\":{\"value\":\"\",\"message\":\"Validation fails for limited digits\",\"global_message\":\"Overenie zlyh\\u00e1 pre obmedzen\\u00fd po\\u010det \\u010d\\u00edslic\",\"global\":true}},\"description\":{\"required\":{\"value\":false,\"message\":\"This field is required\",\"global_message\":\"Toto pole je povinn\\u00e9\",\"global\":true}},\"description_2\":{\"required\":{\"value\":false,\"message\":\"This field is required\",\"global_message\":\"Toto pole je povinn\\u00e9\",\"global\":true}},\"g-recaptcha-response\":[]},\"debounce_time\":300};\n                    <\/script>\n        [\/vc_column_text][\/vc_column][\/vc_row][vc_row][vc_column][vc_column_text]<\/p>\n<h3><a href=\"https:\/\/www.slovozivota.sk\/detska-sluzba\/#dt_pozvanka\">>>> Camp &#8211; all details <<<<\/a><\/h3>\n<p>[\/vc_column_text][\/vc_column][\/vc_row][vc_row disable_element=&#8221;yes&#8221;][vc_column][vc_column_text]<\/p>\n<h2>Denn\u00fd kres\u0165ansk\u00fd t\u00e1bor Slova \u017eivota 12.-16.7.2021<\/h2>\n<p>[\/vc_column_text][vc_tta_tour][vc_tta_section title=&#8221;Pozv\u00e1nka&#8221; tab_id=&#8221;dt2020_pozvanka&#8221;][vc_single_image image=&#8221;9568&#8243; img_size=&#8221;full&#8221; alignment=&#8221;center&#8221;][vc_column_text]Detsk\u00fd t\u00e1bor Slovo \u017eivota<br \/>\n<strong>10.-16.7. 2022 \u2013 Ubytov\u0148a Zuberec, Orava<\/strong><\/p>\n<p><strong>T\u00edm ved\u00facich:<\/strong> Martin Hun\u010d\u00e1r, Igor Jankulic, Jonat\u00e1n Pavelka a \u010fa\u0161\u00ed pomocn\u00ed mlad\u00ed ved\u00faci z Bratislavy a \u0160tefan Gr\u00e1c z Prievidze<\/p>\n<p><strong>T\u00e9ma:<\/strong> (Ne)stroskotancom sa m\u00f4\u017ee sta\u0165 ka\u017ed\u00fd z n\u00e1s. Spozn\u00e1me biblick\u00e9 pr\u00edbehy, v ktor\u00fdch \u013eudia za\u017eili r\u00f4zne \u0165a\u017ekosti na mori a pou\u010d\u00edme sa, \u010do robi\u0165, aby sme \u201enestroskotali\u201c v na\u0161ich \u017eivotoch.<\/p>\n<p><strong>Preberan\u00e9 biblick\u00e9 pr\u00edbehy a ponau\u010denia na zhromku a skupinke:<\/strong><br \/>\n*** Jon\u00e1\u0161 a ve\u013eryba: Nestroskotaj, rad\u0161ej posl\u00fachaj! *** \u010cerven\u00e9 more &#8211; Niekto to r\u00e1d suchou nohou, in\u00ed&#8230; *** Nestroskotaj&#8221; ako fara\u00f3n, pou\u010d sa *** Stroskotanec Pavol na pustom ostrove. *** Niekedy &#8220;stroskot\u00e1\u0161&#8221; aj ke\u010f si v Bo\u017eej v\u00f4li *** Pr\u00edbeh Samsona. Aby si mal vieru a dobr\u00e9 svedomie (niektor\u00ed ho zavrhli a stroskotali vo viere *** Peter, pre\u010do si pochyboval? Nestroskotaj ani sa neutop, ale d\u00f4veruj Je\u017ei\u0161ovi *** Noe nestroskotal. Nast\u00fapi\u0161 aj ty do \u201ekor\u00e1bu\u201c?<\/p>\n<p><strong>\u010co n\u00e1s \u010dak\u00e1 na t\u00e1bore?<\/strong><br \/>\n*** zhromk\u00e1 s chv\u00e1lami *** star\u00ed zn\u00e1mi, ale aj nov\u00ed kamar\u00e1ti *** divadielko *** v\u00fdlet *** hry *** \u0161portov\u00e9 s\u00fa\u0165a\u017ee *** spolo\u010dn\u00e1 z\u00e1bava *** volite\u013en\u00e9 workshopy *** odmeny ***<\/p>\n<p><strong>\u010co si m\u00e1m na t\u00e1bor prinies\u0165? <\/strong><br \/>\nPodrobn\u00fd zoznam po\u0161leme rodi\u010dom, pred vyplnen\u00edm prihl\u00e1\u0161ky sta\u010d\u00ed dobr\u00e1 n\u00e1lada a chu\u0165 \u00eds\u0165 \u263a<\/p>\n<p><strong>Cestovanie: <\/strong><br \/>\nVlakom Z Bratislavy s doprovodom na\u0161ich ved\u00facich a z Ru\u017eomberka objednan\u00fdm autobusom priamo do are\u00e1lu t\u00e1bora. Deti z in\u00fdch miest bu\u010f nast\u00fapia na ceste alebo ich dovez\u00fa rodi\u010dia priamo na miesto.<\/p>\n<p><strong>Kde to bude:<\/strong><br \/>\n<a href=\"https:\/\/ubytovnazuberec.sk\/\" target=\"_blank\" rel=\"noopener\">Ubytov\u0148a Zuberec<\/a>, Anreja Ba\u017e\u00edka 420, 027 32 Zuberec<\/p>\n<p><strong>Kto m\u00f4\u017ee \u00eds\u0165:<\/strong><br \/>\nDeti vo veku od 7 do 12 rokov (\u0161kolopovinn\u00e9)<\/p>\n<p><strong>Cena:<\/strong><\/p>\n<ul>\n<li>175 Eur<\/li>\n<li>Ved\u00faci maj\u00fa hraden\u00fd pobyt, ale id\u00fa na t\u00e1bor bez n\u00e1roku na honor\u00e1r, preto poskytujeme v\u00fdhodn\u00e9 ceny, ktor\u00e9 zahr\u0148uj\u00fa u\u017e v\u0161etky n\u00e1klady (ubytovanie, stravu, odmeny pre deti, tri\u010dk\u00e1, rekvizity na program, v\u00fdlet, autobusov\u00e1 doprava z vlakovej stanice).<\/li>\n<li>V cene nie je jedine doprava z miesta v\u00e1\u0161ho bydliska pokia\u013e priveziete deti autom a vreckov\u00e9 pre deti (cca 10 Eur).<\/li>\n<li>S\u00farodeneck\u00e1 z\u013eava na druh\u00e9 a \u010fal\u0161ie die\u0165a je 20,- EUR (d\u00e1 sa uplatni\u0165 aj ak va\u0161e die\u0165a ide na ml\u00e1de\u017en\u00edcky t\u00e1bor organizovan\u00fd Slovom \u017eivota).<\/li>\n<li>Na z\u00e1klade va\u0161ej prihl\u00e1\u0161ky v\u00e1s vyzveme k \u00fahrade. Posledn\u00fa prihl\u00e1\u0161ku s \u00fahradou akceptujeme do 10.6.2022, v pr\u00edpade naplnenia kapacity zariadenia aj sk\u00f4r. \u010c\u00edslo \u00fa\u010dtu: SK87 0200 0000 0000 6843 4112, variabiln\u00fd symbol: 54, do pozn\u00e1mky uve\u010fte meno \/ men\u00e1, za koho je poplatok hraden\u00fd.<\/li>\n<\/ul>\n<p><strong>Viac inform\u00e1ci\u00ed:<\/strong> Martin Hun\u010d\u00e1r: <a href=\"mailto:huncar@slovozivota.sk\">huncar@slovozivota.sk<\/a>, 0903440480<\/p>\n<p><a href=\"https:\/\/www.slovozivota.sk\/detska-sluzba\/#dt_prihlaska\">Z\u00e1v\u00e4zn\u00e1 prihl\u00e1\u0161ka na t\u00e1bor<\/a>[\/vc_column_text][\/vc_tta_section][vc_tta_section title=&#8221;Prihl\u00e1\u0161ka&#8221; tab_id=&#8221;dt2020_prihlaska&#8221;][vc_column_text]<\/p>\n<h3>Z\u00e1v\u00e4zn\u00e1 prihl\u00e1\u0161ka na denn\u00fd detsk\u00fd kres\u0165ansk\u00fd t\u00e1bor<\/h3>\n<p>Kapacita t\u00e1bora sa naplnila, preto sme prihlasovanie museli ukon\u010di\u0165. \u010eakujeme za pochopenie.<\/p>\n<p>[\/vc_column_text][\/vc_tta_section][\/vc_tta_tour][\/vc_column][\/vc_row][vc_row][vc_column][vc_column_text]<\/p>\n<h3><iframe loading=\"lazy\"  id=\"_ytid_73039\"  width=\"1170\" height=\"658\"  data-origwidth=\"1170\" data-origheight=\"658\" src=\"https:\/\/www.youtube.com\/embed\/DlHXysH92s4?enablejsapi=1&autoplay=0&cc_load_policy=0&cc_lang_pref=&iv_load_policy=1&loop=0&modestbranding=0&rel=1&fs=1&playsinline=0&autohide=2&theme=dark&color=red&controls=1&\" class=\"__youtube_prefs__  no-lazyload\" title=\"YouTube player\"  allow=\"fullscreen; accelerometer; autoplay; clipboard-write; encrypted-media; gyroscope; picture-in-picture\" allowfullscreen data-no-lazy=\"1\" data-skipgform_ajax_framebjll=\"\"><\/iframe><\/h3>\n<p>[\/vc_column_text][\/vc_column][\/vc_row]<\/p>\n","protected":false},"excerpt":{"rendered":"<p>[vc_row][vc_column width=&#8221;1\/2&#8243;][vc_column_text] Children\u00b4s Ministry We want to be more than just a ministry that &#8220;watches&#8221; children on Sundays while parents listen to lessons. For us, children are just as important [&hellip;]<\/p>\n","protected":false},"author":109,"featured_media":0,"parent":0,"menu_order":0,"comment_status":"closed","ping_status":"closed","template":"","meta":{"episode_type":"","audio_file":"","cover_image":"","cover_image_id":"","duration":"","filesize":"","date_recorded":"","explicit":"","block":"","filesize_raw":"","footnotes":""},"class_list":["post-5935","page","type-page","status-publish","hentry"],"_links":{"self":[{"href":"https:\/\/www.slovozivota.sk\/en\/wp-json\/wp\/v2\/pages\/5935","targetHints":{"allow":["GET"]}}],"collection":[{"href":"https:\/\/www.slovozivota.sk\/en\/wp-json\/wp\/v2\/pages"}],"about":[{"href":"https:\/\/www.slovozivota.sk\/en\/wp-json\/wp\/v2\/types\/page"}],"author":[{"embeddable":true,"href":"https:\/\/www.slovozivota.sk\/en\/wp-json\/wp\/v2\/users\/109"}],"replies":[{"embeddable":true,"href":"https:\/\/www.slovozivota.sk\/en\/wp-json\/wp\/v2\/comments?post=5935"}],"version-history":[{"count":67,"href":"https:\/\/www.slovozivota.sk\/en\/wp-json\/wp\/v2\/pages\/5935\/revisions"}],"predecessor-version":[{"id":14068,"href":"https:\/\/www.slovozivota.sk\/en\/wp-json\/wp\/v2\/pages\/5935\/revisions\/14068"}],"wp:attachment":[{"href":"https:\/\/www.slovozivota.sk\/en\/wp-json\/wp\/v2\/media?parent=5935"}],"curies":[{"name":"wp","href":"https:\/\/api.w.org\/{rel}","templated":true}]}}