{"id":6463,"date":"2020-04-29T15:45:12","date_gmt":"2020-04-29T13:45:12","guid":{"rendered":"https:\/\/www.slovozivota.sk\/?page_id=6463"},"modified":"2020-04-30T13:14:12","modified_gmt":"2020-04-30T11:14:12","slug":"testovacia-stranka","status":"publish","type":"page","link":"https:\/\/www.slovozivota.sk\/en\/testovacia-stranka\/","title":{"rendered":"Testovacia str\u00e1nka"},"content":{"rendered":"<p>[vc_row][vc_column][vc_btn title=&#8221;Blog &#8211; arch\u00edv &#8211; modern &#8211; rounded&#8221; link=&#8221;url:https%3A%2F%2Fwww.slovozivota.sk%2Fkategoria%2Fblog-clanky%2F|||&#8221;][vc_btn title=&#8221;Blog &#8211; arch\u00edv &#8211; modern &#8211; square&#8221; shape=&#8221;square&#8221;][vc_btn title=&#8221;Blog &#8211; arch\u00edv &#8211; modern &#8211; round&#8221; shape=&#8221;round&#8221;][vc_btn title=&#8221;Blog &#8211; arch\u00edv &#8211; clasic &#8211; rounded&#8221; style=&#8221;classic&#8221;][vc_btn title=&#8221;Blog &#8211; arch\u00edv &#8211; flat &#8211; rounded&#8221; style=&#8221;flat&#8221;][vc_btn title=&#8221;Blog &#8211; arch\u00edv &#8211; outline &#8211; rounded&#8221; style=&#8221;outline&#8221;][vc_btn title=&#8221;Blog &#8211; arch\u00edv &#8211; 3d &#8211; rounded&#8221; style=&#8221;3d&#8221;][vc_btn title=&#8221;Blog &#8211; arch\u00edv &#8211; custom &#8211; rounded&#8221; style=&#8221;custom&#8221; custom_background=&#8221;rgba(221,153,51,0.76)&#8221; custom_text=&#8221;rgba(221,51,51,0.58)&#8221;][vc_btn title=&#8221;Blog &#8211; arch\u00edv &#8211; Outline custom &#8211; rounded&#8221; style=&#8221;outline-custom&#8221; outline_custom_color=&#8221;#666666&#8243; outline_custom_hover_background=&#8221;#666666&#8243; outline_custom_hover_text=&#8221;#ffffff&#8221;][vc_btn title=&#8221;Blog &#8211; arch\u00edv &#8211; Gradient &#8211; rounded&#8221; style=&#8221;gradient&#8221;][vc_btn title=&#8221;Blog &#8211; arch\u00edv &#8211; Gradient Custom &#8211; rounded&#8221; style=&#8221;gradient-custom&#8221;][vc_btn title=&#8221;Aktuality &#8211; arch\u00edv &#8211; custom &#8211; rounded&#8221; style=&#8221;custom&#8221; custom_text=&#8221;#666666&#8243; link=&#8221;url:https%3A%2F%2Fwww.slovozivota.sk%2Fkategoria%2Faktuality%2F|||&#8221;][vc_btn title=&#8221;Aktuality &#8211; arch\u00edv&#8221; style=&#8221;outline-custom&#8221; outline_custom_color=&#8221;#ecad00&#8243; outline_custom_hover_background=&#8221;#f0c348&#8243; outline_custom_hover_text=&#8221;#ffffff&#8221; link=&#8221;url:https%3A%2F%2Fwww.slovozivota.sk%2Fkategoria%2Faktuality%2F|||&#8221;][vc_btn title=&#8221;Blog &#8211; arch\u00edv&#8221; style=&#8221;outline-custom&#8221; outline_custom_color=&#8221;#ecad00&#8243; outline_custom_hover_background=&#8221;#f0c348&#8243; outline_custom_hover_text=&#8221;#ffffff&#8221; link=&#8221;url:https%3A%2F%2Fwww.slovozivota.sk%2Fkategoria%2Fblog-clanky%2F|||&#8221;][\/vc_column][\/vc_row][vc_row][vc_column][vc_column_text][vc_btn title=&#8221;Aktuality &#8211; arch\u00edv&#8221; style=&#8221;outline-custom&#8221; outline_custom_color=&#8221;#ecad00&#8243; outline_custom_hover_background=&#8221;#f0c348&#8243; outline_custom_hover_text=&#8221;#ffffff&#8221; align=&#8221;center&#8221; link=&#8221;url:https%3A%2F%2Fwww.slovozivota.sk%2Fkategoria%2Faktuality%2F|||&#8221;][vc_btn title=&#8221;&nbsp;&nbsp;Blog &#8211; arch\u00edv&nbsp;&nbsp;&#8221; style=&#8221;outline-custom&#8221; outline_custom_color=&#8221;#ecad00&#8243; outline_custom_hover_background=&#8221;#f0c348&#8243; outline_custom_hover_text=&#8221;#ffffff&#8221; align=&#8221;center&#8221; link=&#8221;url:https%3A%2F%2Fwww.slovozivota.sk%2Fkategoria%2Fblog-clanky%2F|||&#8221;]<\/p>\n<p>&nbsp;<\/p>\n<p>[vc_btn title=&#8221;Arch\u00edv \u010dl\u00e1nkov&#8221; style=&#8221;outline-custom&#8221; outline_custom_color=&#8221;#ecad00&#8243; outline_custom_hover_background=&#8221;#f0c348&#8243; outline_custom_hover_text=&#8221;#ffffff&#8221; align=&#8221;center&#8221; link=&#8221;url:%2Fblog|||&#8221;][\/vc_column_text][\/vc_column][\/vc_row]<\/p>\n","protected":false},"excerpt":{"rendered":"<p>[vc_row][vc_column][vc_btn title=&#8221;Blog &#8211; arch\u00edv &#8211; modern &#8211; rounded&#8221; link=&#8221;url:https%3A%2F%2Fwww.slovozivota.sk%2Fkategoria%2Fblog-clanky%2F|||&#8221;][vc_btn title=&#8221;Blog &#8211; arch\u00edv &#8211; modern &#8211; square&#8221; shape=&#8221;square&#8221;][vc_btn title=&#8221;Blog &#8211; arch\u00edv &#8211; modern &#8211; round&#8221; shape=&#8221;round&#8221;][vc_btn title=&#8221;Blog &#8211; arch\u00edv &#8211; clasic [&hellip;]<\/p>\n","protected":false},"author":109,"featured_media":0,"parent":0,"menu_order":0,"comment_status":"closed","ping_status":"closed","template":"","meta":{"episode_type":"","audio_file":"","cover_image":"","cover_image_id":"","duration":"","filesize":"","date_recorded":"","explicit":"","block":"","filesize_raw":"","footnotes":""},"class_list":["post-6463","page","type-page","status-publish","hentry"],"_links":{"self":[{"href":"https:\/\/www.slovozivota.sk\/en\/wp-json\/wp\/v2\/pages\/6463","targetHints":{"allow":["GET"]}}],"collection":[{"href":"https:\/\/www.slovozivota.sk\/en\/wp-json\/wp\/v2\/pages"}],"about":[{"href":"https:\/\/www.slovozivota.sk\/en\/wp-json\/wp\/v2\/types\/page"}],"author":[{"embeddable":true,"href":"https:\/\/www.slovozivota.sk\/en\/wp-json\/wp\/v2\/users\/109"}],"replies":[{"embeddable":true,"href":"https:\/\/www.slovozivota.sk\/en\/wp-json\/wp\/v2\/comments?post=6463"}],"version-history":[{"count":0,"href":"https:\/\/www.slovozivota.sk\/en\/wp-json\/wp\/v2\/pages\/6463\/revisions"}],"wp:attachment":[{"href":"https:\/\/www.slovozivota.sk\/en\/wp-json\/wp\/v2\/media?parent=6463"}],"curies":[{"name":"wp","href":"https:\/\/api.w.org\/{rel}","templated":true}]}}