{"id":10213,"date":"2023-01-13T17:10:29","date_gmt":"2023-01-13T16:10:29","guid":{"rendered":"https:\/\/www.slovozivota.sk\/?page_id=10213"},"modified":"2023-01-13T17:35:34","modified_gmt":"2023-01-13T16:35:34","slug":"modlitby-a-post-januar-2023","status":"publish","type":"page","link":"https:\/\/www.slovozivota.sk\/ru-ru\/modlitby-a-post-januar-2023\/","title":{"rendered":"Modlitby a p\u00f4st &#8211; janu\u00e1r 2023"},"content":{"rendered":"<p>[vc_row][vc_column][vc_column_text]<\/p>\n<h1><strong>Modlitebno-p\u00f4stny t\u00fd\u017ede\u0148 16. \u2013 20. 1. 2023<\/strong><\/h1>\n<p>[\/vc_column_text][vc_empty_space][\/vc_column][\/vc_row][vc_row][vc_column width=&#8221;2\/3&#8243;][vc_column_text]<img decoding=\"async\" class=\"alignright wp-image-10214\" src=\"https:\/\/www.slovozivota.sk\/wp-content\/uploads\/2023\/01\/banner_modlitebny_tyzden_2023_ppt-1024x576.jpg\" alt=\"\" width=\"400\" height=\"225\" srcset=\"https:\/\/www.slovozivota.sk\/wp-content\/uploads\/2023\/01\/banner_modlitebny_tyzden_2023_ppt-1024x576.jpg 1024w, https:\/\/www.slovozivota.sk\/wp-content\/uploads\/2023\/01\/banner_modlitebny_tyzden_2023_ppt-300x170.jpg 300w, https:\/\/www.slovozivota.sk\/wp-content\/uploads\/2023\/01\/banner_modlitebny_tyzden_2023_ppt-768x432.jpg 768w, https:\/\/www.slovozivota.sk\/wp-content\/uploads\/2023\/01\/banner_modlitebny_tyzden_2023_ppt-1536x864.jpg 1536w, https:\/\/www.slovozivota.sk\/wp-content\/uploads\/2023\/01\/banner_modlitebny_tyzden_2023_ppt-600x338.jpg 600w, https:\/\/www.slovozivota.sk\/wp-content\/uploads\/2023\/01\/banner_modlitebny_tyzden_2023_ppt-1170x660.jpg 1170w, https:\/\/www.slovozivota.sk\/wp-content\/uploads\/2023\/01\/banner_modlitebny_tyzden_2023_ppt-870x490.jpg 870w, https:\/\/www.slovozivota.sk\/wp-content\/uploads\/2023\/01\/banner_modlitebny_tyzden_2023_ppt-390x220.jpg 390w, https:\/\/www.slovozivota.sk\/wp-content\/uploads\/2023\/01\/banner_modlitebny_tyzden_2023_ppt.jpg 1920w\" sizes=\"(max-width: 767px) 100vw, 400px\" \/><em>&#8220;Modlitba h\u00fdbe rukami, ktor\u00e9 h\u00fdbu svetom&#8221;<\/em><\/p>\n<p>Boh pris\u013e\u00fabil cirkvi vo Filadelfii, \u017ee im otvor\u00ed ve\u013ek\u00e9 dvere, ktor\u00e9 nikto nedok\u00e1\u017ee zavrie\u0165, preto\u017ee maj\u00fa \u201emal\u00fa moc\u201c. Ak\u00e1 zvl\u00e1\u0161tna podmienka! Ver\u00edm, \u017ee to symbolizuje porozumenie, \u017ee na naplnenie Bo\u017eieho poslania n\u00e1m nebude sta\u010di\u0165 vlastn\u00e1 sila. Budeme potrebova\u0165 Bo\u017eiu pomoc a tak sa st\u00e1vame adeptami na otvoren\u00e9 dvere od P\u00e1na (Zj 3:7-8). P\u00f4st je n\u00e1dhern\u00fdm vyjadren\u00edm na\u0161ej z\u00e1vislosti na P\u00e1novi!<\/p>\n<p><strong>Aj preto vyhlasujeme MODLITEBN\u00dd T\u00dd\u017dDE\u0147 na 16.-20.1!<\/strong> Ka\u017ed\u00fd ve\u010der o 18.45, od pondelka do piatka, sa budeme stret\u00e1va\u0165 v na\u0161om zbore na Tom\u00e1\u0161ikovej 30 na modlitb\u00e1ch! P\u00f4st m\u00e1 silu iba vtedy, ak je spojen\u00fd s modlitbou. M\u00e1me sa posti\u0165 tak \u201e<em>aby bolo po\u010du\u0165 n\u00e1\u0161 hlas na v\u00fdsostiach\u201c<\/em> (Iz 58:4), lebo tak\u00fd p\u00f4st m\u00e1 P\u00e1n r\u00e1d (Iz 58:4-6).<\/p>\n<p>Danielov, tzv. zeleninov\u00fd p\u00f4st, nach\u00e1dzame v knihe proroka Daniela:<\/p>\n<p><em>\u201eV t\u00fdch d\u0148och som ja Daniel sm\u00fatil za cel\u00e9 tri t\u00fd\u017edne. \u017diadostn\u00e9ho chleba chutn\u00e9ho som nejedol, a m\u00e4so a v\u00edno nevo\u0161lo do mojich \u00fast, ani mas\u0165ou pomaza\u0165 som sa nepomazal, dokia\u013e sa nevyplnili dni troch t\u00fd\u017ed\u0148ov&#8230; A pozdvihol som svoje o\u010di a videl som&#8230;&#8221;<\/em> (Dan 10:2, 3, 5).<\/p>\n<p><em><strong>Povzbudzujeme v\u00e1s k 21 d\u0148ov\u00e9mu (alebo 14 d\u0148ov\u00e9mu alebo 7 d\u0148ov\u00e9mu) zeleninov\u00e9mu p\u00f4stu, teda bez m\u00e4sa a sladkost\u00ed. M\u00f4\u017eete ho spoji\u0165 aj s 1-3 d\u0148ov\u00fdm p\u00f4stom, kedy budete iba na tekutin\u00e1ch.<\/strong><\/em><\/p>\n<ol>\n<li>Po\u010das p\u00f4stu a modlitby <strong>zrete\u013enej\u0161ie vid\u00edme v duchovnom svete<\/strong>. Dok\u00e1\u017eeme \u013eah\u0161ie uchopi\u0165 Bo\u017eie odpovede.<\/li>\n<li>Po\u010das p\u00f4stu a modlitby <strong>v\u00ed\u0165az\u00edme v duchovnom z\u00e1pase<\/strong>. Boh vypo\u010dul Daniela u\u017e v prv\u00fd de\u0148, ale potreboval, aby v modlitbe a p\u00f4ste VYTRVAL, a\u017e dokia\u013e nebude porazen\u00e9 \u201eknie\u017ea perzsk\u00e9ho kr\u00e1\u013eovstva\u201c (v. 13).<\/li>\n<\/ol>\n<p><strong>O p\u00f4ste sme pre v\u00e1s pripravili <a href=\"https:\/\/www.slovozivota.sk\/post\/\" target=\"_blank\" rel=\"noopener\">samostatn\u00fd \u010dl\u00e1nok<\/a> s bohat\u0161\u00edm mno\u017estvom inform\u00e1ci\u00ed.<\/strong>[\/vc_column_text][vc_empty_space][\/vc_column][vc_column width=&#8221;1\/3&#8243; css=&#8221;.vc_custom_1610298136849{background-color: #f2f2f2 !important;}&#8221;][vc_column_text]<\/p>\n<h3>Modlitebn\u00e1 prosba<\/h3>\n<p>Po\u0161lite n\u00e1m svoje modlitebn\u00e9 prosby, budeme sa za ne po\u010das modlitebno-p\u00f4stneho t\u00fd\u017ed\u0148a prihov\u00e1ra\u0165. Zvl\u00e1\u0161\u0165 ich predlo\u017e\u00edme pred P\u00e1na v piatok ve\u010der na Zoom modlitebnej a po\u010das rannej nede\u013enej bohoslu\u017eby na z\u00e1ver p\u00f4stneho t\u00fd\u017ed\u0148a.[\/vc_column_text][vc_empty_space]\n<div class=\"wpcf7 no-js\" id=\"wpcf7-f4611-o1\" lang=\"sk-SK\" dir=\"ltr\" data-wpcf7-id=\"4611\">\n<div class=\"screen-reader-response\"><p role=\"status\" aria-live=\"polite\" aria-atomic=\"true\"><\/p> <ul><\/ul><\/div>\n<form action=\"\/ru-ru\/wp-json\/wp\/v2\/pages\/10213#wpcf7-f4611-o1\" method=\"post\" class=\"wpcf7-form init\" aria-label=\"Kontaktn\u00fd formul\u00e1r\" novalidate=\"novalidate\" data-status=\"init\">\n<div style=\"display: none;\">\n<input type=\"hidden\" name=\"_wpcf7\" value=\"4611\" \/>\n<input type=\"hidden\" name=\"_wpcf7_version\" value=\"6.0.4\" \/>\n<input type=\"hidden\" name=\"_wpcf7_locale\" value=\"sk_SK\" \/>\n<input type=\"hidden\" name=\"_wpcf7_unit_tag\" value=\"wpcf7-f4611-o1\" \/>\n<input type=\"hidden\" name=\"_wpcf7_container_post\" value=\"0\" \/>\n<input type=\"hidden\" name=\"_wpcf7_posted_data_hash\" value=\"\" \/>\n<input type=\"hidden\" name=\"lang\" value=\"ru-ru\" \/>\n<input type=\"hidden\" name=\"_wpcf7_recaptcha_response\" value=\"\" \/>\n<\/div>\n<p><label> Va\u0161e meno<br \/>\n<span class=\"wpcf7-form-control-wrap\" data-name=\"your-name\"><input size=\"40\" maxlength=\"400\" class=\"wpcf7-form-control wpcf7-text wpcf7-validates-as-required\" aria-required=\"true\" aria-invalid=\"false\" value=\"\" type=\"text\" name=\"your-name\" \/><\/span> <\/label>\n<\/p>\n<p><label> V\u00e1\u0161 e-mail<br \/>\n<span class=\"wpcf7-form-control-wrap\" data-name=\"your-email\"><input size=\"40\" maxlength=\"400\" class=\"wpcf7-form-control wpcf7-email wpcf7-validates-as-required wpcf7-text wpcf7-validates-as-email\" aria-required=\"true\" aria-invalid=\"false\" value=\"\" type=\"email\" name=\"your-email\" \/><\/span> <\/label>\n<\/p>\n<p><label> Modlitebn\u00e1 prosba<br \/>\n<span class=\"wpcf7-form-control-wrap\" data-name=\"your-message\"><textarea cols=\"40\" rows=\"10\" maxlength=\"2000\" class=\"wpcf7-form-control wpcf7-textarea\" aria-invalid=\"false\" name=\"your-message\"><\/textarea><\/span> <\/label>\n<\/p>\n<p><input class=\"wpcf7-form-control wpcf7-submit has-spinner\" type=\"submit\" value=\"Odosla\u0165\" \/>\n<\/p><div class=\"wpcf7-response-output\" aria-hidden=\"true\"><\/div>\n<\/form>\n<\/div>\n[\/vc_column][\/vc_row][vc_row][vc_column][vc_column_text]<\/p>\n<h3>Podrobn\u00fd program:<\/h3>\n<p>Ka\u017ed\u00fd ve\u010der od pondelka do piatka, od 18:45-20:15 budeme ma\u0165 modlitebn\u00e9 stretnutia s tak\u00fdmito t\u00e9mami:[\/vc_column_text][vc_empty_space][\/vc_column][\/vc_row][vc_row][vc_column][vc_tta_tour][vc_tta_section title=&#8221;Pondelok, 16.1.2023&#8243; tab_id=&#8221;pondelok&#8221;][vc_column_text]<\/p>\n<h2>Dom\u00e1ci zbor a duchovn\u00e9 prebudenie<\/h2>\n<p>&nbsp;<\/p>\n<p>CIRKEV &#8211; BO\u017d\u00cd DOM A ST\u0139P PRAVDY<\/p>\n<p>Cirkev je Bo\u017e\u00ed dom a st\u013ap pravdy. <em>\u201eV dome Bo\u017eom, ktor\u00fdm je cirkev \u017eiv\u00e9ho Boha, st\u013ap to a pevn\u00e1 posta\u0165 pravdy\u201c <\/em>(1Tim 3:15). P\u00e1n Je\u017ei\u0161 s\u013e\u00fabil, \u017ee s\u00e1m <em>\u201ezbuduje svoju cirkev a br\u00e1ni pekla ju neprem\u00f4\u017eu!\u201c<\/em> (Mt 16:18)<\/p>\n<p>JEDNOTA CIRKVI<\/p>\n<p>Jednota je k\u013e\u00fa\u010dov\u00fdm faktorom prebudenia. Cirkev, ktor\u00e1 \u017eije v jednote Ducha, je miestom <em>\u201eprik\u00e1zan\u00e9ho \u017eivota a po\u017eehnania\u201c<\/em> (\u017d 133). Pavol n\u00e1s povzbudzuje, aby sme <em>\u201ezachov\u00e1vali jednotu Ducha vo zv\u00e4zku pokoja\u201c<\/em> (Ef 4:3)<\/p>\n<p>SV\u00c4TOS\u0164 A U\u010cEN\u00cdCTVO<\/p>\n<p>Niet prebudenia bez sv\u00e4tosti. Nech P\u00e1n vyleje ve\u013ek\u00fa b\u00e1ze\u0148 na svoj \u013eud (Sk 5:11)<br \/>\nNesta\u010d\u00ed vies\u0165 \u013eud\u00ed k obr\u00e1teniu, Boh n\u00e1s vol\u00e1 k \u010dineniu u\u010den\u00edkov (Mt 28:17).<br \/>\n<em>\u201eTo, \u010do si po\u010dul odo m\u0148a skrze mnoh\u00fdch svedkov, zver to vern\u00fdm \u013eu\u010fom, ktor\u00ed bud\u00fa schopn\u00ed aj in\u00fdch u\u010di\u0165\u201c<\/em> (2Tim 2:2).<\/p>\n<p>BO\u017dIA L\u00c1SKA A VZ\u0164AHY<\/p>\n<p>Neexistuje silnej\u0161ie puto, ne\u017e Bo\u017eia l\u00e1ska. Boh ju vylial do na\u0161ich s\u0155dc prostredn\u00edctvom Ducha Sv\u00e4t\u00e9ho (Rim 5:5). Uvo\u013e\u0148ujme Agap\u00e9: <em>\u201ev bratskej l\u00e1ske bu\u010fte navz\u00e1jom k sebe ne\u017en\u00ed, v \u00facte jedny druh\u00fdch predch\u00e1dzaj\u00faci\u201c<\/em> (Rim 12:10)<\/p>\n<p>NADPRIRODZEN\u00c9 VEDENIE A DARY<\/p>\n<p>Pavol hovor\u00ed, aby sme sa <em>\u201ehorlivo usilovali o duchovn\u00e9 dary\u201c<\/em> (1Kor 14:1).<br \/>\nBo\u017eie vedenie pre cirkev, rodiny, podnikate\u013eov, single, t\u00edned\u017eerov a pre ka\u017ed\u00e9ho z n\u00e1s v roku 2023 (Rim 8:14)<\/p>\n<p>SLU\u017dBA CHV\u00c1L A SLU\u017dOBN\u00cdCI<\/p>\n<p>Ke\u010f Jozafat postavil do \u010dela vojska chv\u00e1li\u010dov, Izrael bitku VYHRAL napriek presile nepriate\u013ea (2Par 20).<br \/>\nModlime sa za vz\u00e1cnych slu\u017eobn\u00edkov vo worship t\u00edme; stoja v prv\u00fdch l\u00edni\u00e1ch a prin\u00e1\u0161aj\u00fa Bo\u017eiu sl\u00e1vu.<\/p>\n<p>ZA PASTOROV A SLU\u017dBY V CIRKVI<\/p>\n<p>Pavol \u017eiada cirkev o modlitby za seba: <em>\u201eI za m\u0148a, \u017eeby mi bolo dan\u00e9 slovo, ke\u010f otvor\u00edm svoje \u00fasta, aby som prosto a smelo ozn\u00e1mil tajomstvo evanjelia\u201c<\/em> (Ef 6:19).<br \/>\nModlime sa za sl\u00fa\u017eiacich: nede\u013en\u00fa \u0161kolu, dom\u00e1ce skupiny, za slu\u017eby v zbore, za vydavate\u013estvo, za cirkev v Uppsale.<\/p>\n<p>RAST V POMAZAN\u00cd A V PO\u010cTE<\/p>\n<p>Uvo\u013enenie pomazania Ducha Bo\u017eieho na posledn\u00e9 \u010dasy. Nech m\u00e1me vo svojich svietnikoch <em>\u201eextra olej\u201c<\/em> (Mt 25).<br \/>\nNech P\u00e1n prid\u00e1va zachr\u00e1nen\u00fdch a u\u010den\u00edkov podobne, ako v ranej cirkvi, kde sa <em>\u201emno\u017eili u\u010den\u00edci ve\u013emi\u201c<\/em> (Sk 6:7).<\/p>\n<p>[\/vc_column_text][\/vc_tta_section][vc_tta_section title=&#8221;Utorok, 17.1.2023&#8243; tab_id=&#8221;utorok&#8221;][vc_column_text]<\/p>\n<h2>Evanjeliz\u00e1cia, misia a slu\u017eba<\/h2>\n<p>&nbsp;<\/p>\n<p>OSOBN\u00c1 EVANJELIZ\u00c1CIA<\/p>\n<p>\u201eOper\u00e1cia Andrej\u201c pod\u013ea J\u00e1na 1:42-43. Andrej uvidel v Je\u017ei\u0161ovi Mesi\u00e1\u0161a a hne\u010f k nemu priviedol svojho brata \u0160imona.<br \/>\nNech n\u00e1m P\u00e1n d\u00e1 \u201ePetrov\u201c v roku 2023! Hojn\u00fa \u017eatvu du\u0161\u00ed!<\/p>\n<p>EVANJELIZ\u00c1CIA MOCOU<\/p>\n<p><em>\u201eCho\u010fte po celom svete a k\u00e1\u017ete evanjelium ka\u017ed\u00e9mu stvoreniu&#8230;A oni vy\u0161li a k\u00e1zali v\u0161ade a P\u00e1n spolu\u00fa\u010dinkoval a potvrdzoval slovo t\u00fdm, \u017ee ho sprev\u00e1dzali divy. Amen!\u201c<\/em> Ke\u010f budeme k\u00e1za\u0165, P\u00e1n bude Slovo potvrdzova\u0165 divmi!<\/p>\n<p>EVANJELIZ\u00c1CIA POMOCOU M\u00c9DI\u00cd<\/p>\n<p>Prostredn\u00edctvom: YouTube S\u017d, Web str\u00e1nka, Podcasty, soci\u00e1lne siete IG a FB, R\u00e1dio 7, \u010dasopis V\u00ed\u0165azn\u00fd \u017eivot, web str\u00e1nky pre h\u013eadaj\u00facich, knihy, prienik do sekul\u00e1rnych m\u00e9di\u00ed.<\/p>\n<p>ZA ROBOTN\u00cdKOV A SLU\u017dBU NA ULICE<\/p>\n<p><em>\u201e\u017datvy je mnoho, ale robotn\u00edkov m\u00e1lo. Preto proste P\u00e1na \u017eatvy, aby vyslal robotn\u00edkov do svojej \u017eatvy\u201c<\/em> (Mt 9:37,38). Boh je P\u00e1nom \u017eatvy a m\u00e1 dostatok robotn\u00edkov aj pre posledn\u00e9 \u010dasy! Za slu\u017ebu evanjeliza\u010dn\u00e9ho t\u00edmu Otka Ill\u00e9\u0161a.<\/p>\n<p>DOM\u00c1CE SKUPINY<\/p>\n<p>Rast dom\u00e1cich skup\u00edn. \u201eA neprest\u00e1vali u\u010di\u0165 ka\u017ed\u00e9ho d\u0148a v chr\u00e1me a po domoch a zvestova\u0165 Je\u017ei\u0161a Krista&#8230; A v t\u00fdch d\u0148och, ke\u010f sa mno\u017eili u\u010den\u00edci\u201c (Sk 5:42 a 6:1a).<\/p>\n<p>MISIJN\u00c9 SKUPINY<\/p>\n<p>Za na\u0161e zbory: Prievidza, Nitra, B. Bystrica, B. \u0160tiavnica a misijn\u00e9 skupiny: Sere\u010f, \u017dilina, Michalovce, Kom\u00e1rno. Za posilnenie ved\u00facich a spasenie du\u0161\u00ed. Modlime sa tie\u017e za na\u0161ich partnerov a \u201eelektronick\u00fa rodinu\u201c po celom Slovensku.<\/p>\n<p>SLU\u017dBA N\u00daDZNYM A MISIA<\/p>\n<p><em>\u201eAle prijmete moc Sv\u00e4t\u00e9ho Ducha, ktor\u00fd pr\u00edde na v\u00e1s a budete mi svedkami i v Jeruzaleme i po celom Judsku i v Sam\u00e1rii a tak a\u017e do poslednej kon\u010diny zeme!\u201c<\/em> (Sk 1:8). Slu\u017eba OVD, Kres\u0165ania v meste (KvM), GFaH v Ugande, misia Uppsalsk\u00e9ho zboru, slu\u017eba Ukrajincom, slu\u017eba Mirky Mi\u0161kovicovej v Indii, zakladanie zborov SR.[\/vc_column_text][\/vc_tta_section][vc_tta_section title=&#8221;Streda, 18.1.2023&#8243; tab_id=&#8221;streda&#8221;][vc_column_text]<\/p>\n<h2>Cirkev, rodina a Izrael<\/h2>\n<p>&nbsp;<\/p>\n<p>BO\u017dIA CIRKEV AKO MAJ\u00c1K<\/p>\n<p><em>\u201eA ja ti hovor\u00edm: Ty si Peter a na tej skale postav\u00edm svoju Cirkev a pekeln\u00e9 br\u00e1ny ju neprem\u00f4\u017eu\u201c<\/em> (Mt 16:18).<br \/>\nAni samotn\u00e9 br\u00e1ny pekla neobstoja pred Cirkvou \u017eiv\u00e9ho Boha!<\/p>\n<p>AUTORITA A VPLYV CIRKVI<\/p>\n<p>Boh dal cirkvi pr\u00e1vo zv\u00e4zova\u0165 a rozv\u00e4zova\u0165. <em>\u201eV\u0161etko, \u010do by ste zviazali na zemi, bude rozviazan\u00e9 aj na nebi. A v\u0161etko, \u010do by ste rozviazali na zemi, bude rozviazan\u00e9 aj v nebi!\u201c<\/em> (Mt 18:18)<br \/>\nBo\u017eie otvoren\u00e9 dvere pre cirkev v 2023: <em>\u201elebo s\u00fa mi otvoren\u00e9 ve\u013ek\u00e9 dvere a \u00fa\u010dinn\u00e9\u201c<\/em> (1Kor 16:9).<\/p>\n<p>RODINY A \u010eAL\u0160IE GENER\u00c1CIE<\/p>\n<p>Zdrav\u00e9 rodiny s\u00fa z\u00e1kladom cirkvi aj spolo\u010dnosti. Boh je autorom man\u017eelstva a rodiny (Kaz 4:12, \u017did 13:4)!<br \/>\nBoh napl\u00e1noval po\u017eehnanie aj do \u010fal\u0161\u00edch gener\u00e1ci\u00ed: <em>\u201eH\u013ea, dedi\u010dstvom od Hospodina s\u00fa synovia, jeho pl\u00e1cou plod \u017eivota. Ako strely v ruke hrdinu, tak synovia mladosti\u201c<\/em> (\u017d 127:3,4).<\/p>\n<p>SPASENIE ROD\u00cdN<\/p>\n<p><em>\u201eJa a m\u00f4j dom budeme sl\u00fa\u017ei\u0165 Hospodinovi&#8221;<\/em> (Joz 24:15). Verme P\u00e1novi za spasenie cel\u00fdch rod\u00edn (Sk 16:31).<br \/>\nNa\u0161a modlitba je ako \u010derven\u00fd povr\u00e1zok z domu Rachab \u2013 ke\u010f pr\u00edbuzn\u00ed vo\u0161li pod jej strechu, v\u0161etci boli zachr\u00e1nen\u00ed.<\/p>\n<p>ODOVZD\u00c1VANIE VIERY DE\u0164OM<\/p>\n<p><em>\u201eaby poznali bud\u00face pokolenie, synovia, ktor\u00ed sa narodia, aby aj t\u00ed povstali a rozpr\u00e1vali to svojim synom\u201c<\/em> (\u017d 78:6)<br \/>\nRodina je najlep\u0161\u00edm miestom pre odovzd\u00e1vanie viery!<\/p>\n<p>DETSK\u00c1 SLU\u017dBA<\/p>\n<p><em>\u201eVychov\u00e1vaj chlapca na po\u010diatku jeho cesty, tak sa ani v starobe neodch\u00fdli z nej\u201c<\/em> (Pr 22:6).<br \/>\nVer\u00edme Bohu za trval\u00e9 ovocie na\u0161ej pr\u00e1ce. Slu\u017eba nede\u013enej \u0161koly, u\u010ditelia N\u0160, duchovn\u00fd \u017eivot na\u0161ich det\u00ed, detsk\u00fd t\u00e1bor.<\/p>\n<p>IZRAEL A BO\u017d\u00cd PL\u00c1N<\/p>\n<p>Ak \u017eehn\u00e1me Izraelu, sami budeme po\u017eehnan\u00ed! Boh nezabudol na svoju zmluvu s Izraelom a m\u00e1 s n\u00edm ve\u010dn\u00fd pl\u00e1n.<br \/>\n<em>\u201e\u017diadajte Jeruzalemu pokoj a hovorte: Nech \u017eij\u00fa v blahu a v pokoji t\u00ed, ktor\u00ed \u0165a miluj\u00fa!\u201d<\/em> (\u017d 122:6)<\/p>\n<p>[\/vc_column_text][\/vc_tta_section][vc_tta_section title=&#8221;\u0160tvrtok, 19.1.2023&#8243; tab_id=&#8221;stvrtok&#8221;][vc_column_text]<\/p>\n<h2>Ml\u00e1de\u017e, dorast, slobodn\u00ed<\/h2>\n<p>&nbsp;<\/p>\n<p>BO\u017d\u00cd PL\u00c1N PRE MLAD\u00ddCH<\/p>\n<p>Boh m\u00e1 pre mlad\u00fdch v dome Bo\u017eom svoje miesto: <em>\u201eNech nikto nepoh\u0155da tvojou mlados\u0165ou\u201c<\/em> (1Tim 4:12a).<br \/>\nBoh m\u00e1 pre mlad\u00fdch \u013eud\u00ed pre \u017eivot ciele a z\u00e1mery: <em>\u201eAko strely v ruke hrdinu, tak synovia mladosti.\u201c<\/em> (\u017d 127:4)<\/p>\n<p>\u017dIVOTN\u00c9 ROZHODNUTIA<\/p>\n<p>Za dobr\u00e9 priate\u013estv\u00e1, spr\u00e1vny v\u00fdber \u0161koly, zamestnania, \u017eivotn\u00e9ho partnera, slu\u017eby pre P\u00e1na.<br \/>\nAby ne\u0161li s pr\u00fadom tohto sveta, ale zachovali si biblick\u00e9 hodnoty podobne, ako Daniel v Babylone.<\/p>\n<p>VED\u00daCI SLU\u017dIEB<\/p>\n<p>Modl\u00edme sa za l\u00eddrov dorastu G1 a ml\u00e1de\u017ee SPARK. S\u00fa d\u00f4le\u017eitou s\u00fa\u010das\u0165ou procesu formovania mlad\u00fdch.<br \/>\nModlime za duchovn\u00fd a osobnostn\u00fd rast mlad\u00fdch, aby dorastali do \u201eplnosti mu\u017eov a \u017eien Bo\u017e\u00edch\u201c (Ef 4:11-14)<\/p>\n<p>VYLIATIE BO\u017dIEHO DUCHA<\/p>\n<p><em>\u201eA bude v posledn\u00fdch d\u0148och, hovor\u00ed Boh, \u017ee vylejem zo svojho Ducha na ka\u017ed\u00e9 telo, a va\u0161i synovia bud\u00fa prorokova\u0165 i va\u0161e dc\u00e9ry, a va\u0161i ml\u00e1denci bud\u00fa v\u00edda\u0165 videnia&#8230;\u201c<\/em> (Sk 2:17).<\/p>\n<p>DUCHOVN\u00dd \u017dIVOT<\/p>\n<p><em>\u201eNech nikto nepoh\u0155da tvojou mlados\u0165ou, ale bu\u010f pr\u00edkladom vern\u00fdch v slove, obcovan\u00ed, v l\u00e1ske, v duchu, vo viere, mravnej \u010distote\u201c<\/em> (1Tim 4:12). Chr\u00e1\u0148me srdcia na\u0161ich mlad\u00fdch na\u0161imi modlitbami! (\u017did 11:23).<\/p>\n<p>VZ\u0164AHY A MENTORI<\/p>\n<p>Kvalitn\u00e9 vz\u0165ahy pre mlad\u00fdch s\u00fa k\u013e\u00fa\u010dov\u00e9. Nech im P\u00e1n d\u00e1 dobr\u00e9 priate\u013estv\u00e1 a vynikaj\u00facich mentorov!<br \/>\n<em>\u201eTen, kto chod\u00ed s m\u00fadrymi, bude m\u00fadry; ale tomu, kto sa dru\u017e\u00ed s bl\u00e1znami, sa zle povod\u00ed\u201c<\/em> (Pr 13:20).<\/p>\n<p>SLOBODN\u00cd<\/p>\n<p>S\u00fa d\u00f4le\u017eitou a plnohodnotnou s\u00fa\u010das\u0165ou cirkvi. Za zosie\u0165ovanie a vytvorenie zdravej komunity, za Bo\u017e\u00ed pl\u00e1n pre ich \u017eivot, za spr\u00e1vne na\u010dasovanie partnersk\u00e9ho vz\u0165ahu.<\/p>\n<p>EVANJELIZ\u00c1CIA A T\u00c1BOR Spark &#038; G1<\/p>\n<p>Nech n\u00e1m P\u00e1n prid\u00e1 nov\u00fdch mlad\u00fdch \u013eud\u00ed zo stredn\u00fdch a vysok\u00fdch \u0161k\u00f4l.<br \/>\nZa letn\u00fd t\u00e1bor Sparku &#038; G1, aby P\u00e1n nav\u0161t\u00edvil mlad\u00fa gener\u00e1ciu.<\/p>\n<p>[\/vc_column_text][\/vc_tta_section][vc_tta_section title=&#8221;Piatok, 20.1.2023&#8243; tab_id=&#8221;piatok&#8221;][vc_column_text]<\/p>\n<h3>18:45 &#8211; 20:30<\/h3>\n<h2>Slovensko, vl\u00e1da, podnikatelia, financie<\/h2>\n<p>&nbsp;<\/p>\n<p>ZA UDRAVENIE KRAJINY<\/p>\n<p><em>\u201ea keby sa zohol, a tak sa pokoril m\u00f4j \u013eud, nad ktor\u00fdm je vz\u00fdvan\u00e9 moje meno, a keby sa modlili a h\u013eadali by moju tv\u00e1r a odvr\u00e1tili by sa od svojich zl\u00fdch ciest, ja vysly\u0161\u00edm z nebies, odpust\u00edm ich hriech a uzdrav\u00edm ich zem\u201c<\/em> (2Par 7:14)<\/p>\n<p>ZA AUTORITY PREDO V\u0160ETK\u00ddM<\/p>\n<p>sa m\u00e1me modli\u0165 za postaven\u00fdch v autorite:<br \/>\n<em>\u201eaby sme \u017eili pokojn\u00fd a tich\u00fd \u017eivot vo v\u0161etkej pobo\u017enosti a po\u010destnosti&#8221;<\/em> (1Tim 2:1,2).<\/p>\n<p>ZA BRATISLAVU A SLOVENSKO<\/p>\n<p><em>\u201eA h\u013eadajte pokoj mesta, do ktor\u00e9ho som v\u00e1s pres\u0165ahoval a modlite sa za\u0148 Hospodinovi lebo v jeho pokoji budete ma\u0165 pokoj.&#8221;<\/em> (Jer 29:7). Pokoj pre Bo\u017e\u00ed \u013eud je vztiahnut\u00fd k pokoju mesta, do ktor\u00e9ho n\u00e1s Boh postavil.<\/p>\n<p>SPRAVODLIVOS\u0164 A PR\u00c1VO<\/p>\n<p><em>\u201eSpravodlivos\u0165 vyvy\u0161uje n\u00e1rod ale hriech je potupou n\u00e1rodov &#8220;<\/em> (Pr 14:34). Modlime sa proti korupcii a bezbo\u017enosti. Ke\u010f sa k\u0148az \u00c1ron postavil s kadidlom medzi \u017eiv\u00fdch a m\u0155tvych, rana bola zastaven\u00e1! (4M 16:48).<\/p>\n<p>EKONOMIKA A PODNIKATELIA<\/p>\n<p>Finan\u010dn\u00fa hojnos\u0165 pre cirkev, na\u0161e mesto a n\u00e1rod. Modlime sa za spr\u00e1vne vedenie krajiny oh\u013eadne ekonomiky<br \/>\nM\u00fadros\u0165, ochrana a vedenie pre v\u0161etk\u00fdch, ktor\u00ed s\u00fa veden\u00ed podnika\u0165. <em>\u201eObchodujte, k\u00fdm sa nevr\u00e1tim\u201c<\/em> (Lk 19:13)<\/p>\n<p>HOJNOS\u0164 PRE KA\u017dD\u00c9HO VERIACEHO<\/p>\n<p>Finan\u010dn\u00fa hojnos\u0165 pre ka\u017ed\u00e9ho \u010dlena zboru. Boh m\u00e1 prosperitu pre svoj \u013eud aj uprostred nedostatku:<br \/>\n<em>\u201eIz\u00e1k za\u010dal v tej krajine sia\u0165 a v tom roku zo\u017eal ston\u00e1sobne, lebo Hospodin ho po\u017eehnal!\u201c<\/em> (1M 26:12).<\/p>\n<p>HOJNOS\u0164 V BO\u017dOM DOME<\/p>\n<p>Verme Bohu za OTVORENIE nebesk\u00fdch prieduchov a VYLIATIA PO\u017dEHNANIA a\u017e prehojne, aby sme v\u017edy a vo v\u0161etkom mali hojnos\u0165 pre seba, rodiny, cirkev, misiu i n\u00fadznych (Mal 3:10-12 a 2Kor 9:8-9).<\/p>\n<p>&nbsp;<\/p>\n<h3>20:30 &#8211; 21:15<\/h3>\n<p>Ob\u010derstvenie v na\u0161ej kaviarni. Hokkaido polievka, d\u017e\u00fasy, \u0161al\u00e1ty.<\/p>\n<p>&nbsp;<\/p>\n<h3>21:15 &#8211; 22:30<\/h3>\n<h2>H\u013eadanie P\u00e1na<\/h2>\n<p>&nbsp;<\/p>\n<p>\u017d 37:4 <em>&#8220;Jedno si \u017eiadam od Hospodina, iba to budem h\u013eada\u0165: aby som mohol b\u00fdva\u0165 v dome Hospodinom po v\u0161etky dni svojho \u017eivota, aby som h\u013eadel na kr\u00e1su Hospodinovu a spytoval v jeho chr\u00e1me.\u201d<\/em><\/p>\n<p>Budeme h\u013eada\u0165 jeho tv\u00e1r oh\u013eadne Bo\u017e\u00edch pl\u00e1nov pre na\u0161e \u017eivoty i pre n\u00e1\u0161 zbor na rok 2023<\/p>\n<p>Budeme vola\u0165 k Bohu za jednotliv\u00e9 prielomy a prehlasova\u0165 Bo\u017eie slovo.<\/p>\n<p>Prineste MODLITEBN\u00c9 PROSBY, budeme \u017eiada\u0165 od Hospodina prielom v t\u00fdch oblastiach.<\/p>\n<p>[\/vc_column_text][\/vc_tta_section][\/vc_tta_tour][\/vc_column][\/vc_row][vc_row][vc_column][vc_column_text]\u017dehn\u00e1m v\u00e1m ob\u010derstvenie P\u00e1novou pr\u00edtomnos\u0165ou, posilnenie na vn\u00fatornom \u010dloveku, zdravie pre va\u0161e telo, prosperitu v pr\u00e1ci a\u00a0e\u0161te v\u00e4\u010d\u0161iu l\u00e1sku k\u00a0Spasite\u013eovi![\/vc_column_text][\/vc_column][\/vc_row]<\/p>\n","protected":false},"excerpt":{"rendered":"<p>[vc_row][vc_column][vc_column_text] Modlitebno-p\u00f4stny t\u00fd\u017ede\u0148 16. \u2013 20. 1. 2023 [\/vc_column_text][vc_empty_space][\/vc_column][\/vc_row][vc_row][vc_column width=&#8221;2\/3&#8243;][vc_column_text]&#8220;Modlitba h\u00fdbe rukami, ktor\u00e9 h\u00fdbu svetom&#8221; Boh pris\u013e\u00fabil cirkvi vo Filadelfii, \u017ee im otvor\u00ed ve\u013ek\u00e9 dvere, ktor\u00e9 nikto nedok\u00e1\u017ee zavrie\u0165, preto\u017ee [&hellip;]<\/p>\n","protected":false},"author":109,"featured_media":0,"parent":0,"menu_order":0,"comment_status":"closed","ping_status":"closed","template":"","meta":{"episode_type":"","audio_file":"","cover_image":"","cover_image_id":"","duration":"","filesize":"","date_recorded":"","explicit":"","block":"","filesize_raw":"","footnotes":""},"class_list":["post-10213","page","type-page","status-publish","hentry"],"_links":{"self":[{"href":"https:\/\/www.slovozivota.sk\/ru-ru\/wp-json\/wp\/v2\/pages\/10213","targetHints":{"allow":["GET"]}}],"collection":[{"href":"https:\/\/www.slovozivota.sk\/ru-ru\/wp-json\/wp\/v2\/pages"}],"about":[{"href":"https:\/\/www.slovozivota.sk\/ru-ru\/wp-json\/wp\/v2\/types\/page"}],"author":[{"embeddable":true,"href":"https:\/\/www.slovozivota.sk\/ru-ru\/wp-json\/wp\/v2\/users\/109"}],"replies":[{"embeddable":true,"href":"https:\/\/www.slovozivota.sk\/ru-ru\/wp-json\/wp\/v2\/comments?post=10213"}],"version-history":[{"count":6,"href":"https:\/\/www.slovozivota.sk\/ru-ru\/wp-json\/wp\/v2\/pages\/10213\/revisions"}],"predecessor-version":[{"id":10261,"href":"https:\/\/www.slovozivota.sk\/ru-ru\/wp-json\/wp\/v2\/pages\/10213\/revisions\/10261"}],"wp:attachment":[{"href":"https:\/\/www.slovozivota.sk\/ru-ru\/wp-json\/wp\/v2\/media?parent=10213"}],"curies":[{"name":"wp","href":"https:\/\/api.w.org\/{rel}","templated":true}]}}