{"id":10964,"date":"2023-09-23T16:59:01","date_gmt":"2023-09-23T14:59:01","guid":{"rendered":"https:\/\/www.slovozivota.sk\/?page_id=10964"},"modified":"2023-09-23T16:59:01","modified_gmt":"2023-09-23T14:59:01","slug":"konferencia-viery-2019","status":"publish","type":"page","link":"https:\/\/www.slovozivota.sk\/ru-ru\/konferencia-viery-2019\/","title":{"rendered":"Konferencia viery 2019"},"content":{"rendered":"<p>[vc_row][vc_column][vc_column_text]<\/p>\n<h1 style=\"text-align: center;\">Konferencia viery 2019<\/h1>\n<p>[\/vc_column_text][vc_empty_space][\/vc_column][\/vc_row][vc_row][vc_column width=&#8221;3\/4&#8243;][vc_single_image image=&#8221;4326&#8243; img_size=&#8221;full&#8221; alignment=&#8221;center&#8221;][vc_column_text]<\/p>\n<h2>Program:<\/h2>\n<h3>Sobota &#8211; Istropolis:<\/h3>\n<p>10:00 \u2013 12:15 Zhroma\u017edenie s chv\u00e1lou &#8211; Ville M\u00e4nnist\u00f6<br \/>\n12:45 \u2013 14:00 Obed s hos\u0165ami a misijn\u00fdmi ved\u00facimi<br \/>\n14:30 \u2013 15:45 Panelov\u00e1 diskusia na t\u00e9mu vplyv Kr\u00e1\u013eovstva<br \/>\n16:00 \u2013 17:30 Zhroma\u017edenie s chv\u00e1lou &#8211; Peter \u010cu\u0159\u00edk<br \/>\n18:30 \u2013 21:00 Zhroma\u017edenie s chv\u00e1lou &#8211; Rune Borgs\u00f8<\/p>\n<h3>Nede\u013ea &#8211; Tom\u00e1\u0161ikova:<\/h3>\n<p>10:00 \u2013 12:15 Ville M\u00e4nnist\u00f6<br \/>\n13:30 \u2013 15:30 Stretnutie pre ved\u00facich &#8211; Rune Borgs\u00f8[\/vc_column_text][vc_empty_space][vc_column_text]<\/p>\n<h3>Hostia:<\/h3>\n<p><strong><img decoding=\"async\" class=\"alignleft wp-image-4345 size-thumbnail\" src=\"https:\/\/new.slovozivota.sk\/wp-content\/uploads\/2019\/10\/rune_borgso-150x150.png\" alt=\"\" width=\"150\" height=\"150\" srcset=\"https:\/\/www.slovozivota.sk\/wp-content\/uploads\/2019\/10\/rune_borgso-150x150.png 150w, https:\/\/www.slovozivota.sk\/wp-content\/uploads\/2019\/10\/rune_borgso-870x870.png 870w, https:\/\/www.slovozivota.sk\/wp-content\/uploads\/2019\/10\/rune_borgso-390x390.png 390w, https:\/\/www.slovozivota.sk\/wp-content\/uploads\/2019\/10\/rune_borgso-300x300.png 300w, https:\/\/www.slovozivota.sk\/wp-content\/uploads\/2019\/10\/rune_borgso-75x75.png 75w\" sizes=\"(max-width: 150px) 100vw, 150px\" \/><br \/>\nRune Borgs\u00f8<\/strong> poch\u00e1dza z N\u00f3rska. V 90-tych rokoch za\u017eil prebudenie v Rusku, kde sl\u00fa\u017eil ako mision\u00e1r. Dnes je pastorom a u\u010dite\u013eom biblickej \u0161koly vo \u0160v\u00e9dsku, ktor\u00e1 za\u017e\u00edva vyliatie Ducha Sv\u00e4t\u00e9ho a zodpoved\u00e1 za pr\u00e1cu hnutia Word of Life v Eur\u00f3pe. P\u00e1n Boh si ho mocne pou\u017e\u00edva aj v duchovn\u00fdch daroch, o ktor\u00fdch nap\u00edsal knihu <em>Step into the Life of the Spirit<\/em>.<\/p>\n<p>&nbsp;<\/p>\n<p><strong><img decoding=\"async\" class=\"alignleft size-thumbnail wp-image-4346\" src=\"https:\/\/new.slovozivota.sk\/wp-content\/uploads\/2019\/10\/ville_mannisto-150x150.png\" alt=\"\" width=\"150\" height=\"150\" srcset=\"https:\/\/www.slovozivota.sk\/wp-content\/uploads\/2019\/10\/ville_mannisto-150x150.png 150w, https:\/\/www.slovozivota.sk\/wp-content\/uploads\/2019\/10\/ville_mannisto-870x870.png 870w, https:\/\/www.slovozivota.sk\/wp-content\/uploads\/2019\/10\/ville_mannisto-390x390.png 390w, https:\/\/www.slovozivota.sk\/wp-content\/uploads\/2019\/10\/ville_mannisto-300x300.png 300w, https:\/\/www.slovozivota.sk\/wp-content\/uploads\/2019\/10\/ville_mannisto-75x75.png 75w\" sizes=\"(max-width: 150px) 100vw, 150px\" \/><\/strong><strong><br \/>\nVille M\u00e4nnist\u00f6<\/strong> \u017eije evanjelium n\u00e1deje, ktor\u00e9 so z\u00e1palom k\u00e1\u017ee druh\u00fdm. Je misijn\u00fdm koordin\u00e1torom a jedn\u00fdm z pastorov Slova \u017eivota v Uppsale vo \u0160v\u00e9dsku. Bol mision\u00e1rom v mnoh\u00fdch krajin\u00e1ch sveta a Boh mu otvoril dvere aj do kraj\u00edn ako je Irak, S\u00fdria alebo Severn\u00e1 K\u00f3rea. Pravidelne vyu\u010duje vo viacer\u00fdch biblick\u00fdch \u0161kol\u00e1ch a je autorom 6 kn\u00edh.[\/vc_column_text][vc_empty_space][vc_column_text]<\/p>\n<h2>Pozv\u00e1nky:<\/h2>\n<p>[\/vc_column_text][vc_empty_space][\/vc_column][vc_column width=&#8221;1\/4&#8243;][vc_cta h2=&#8221;Miesto:&#8221; style=&#8221;flat&#8221; color=&#8221;orange&#8221;]<span style=\"color: #ffffff;\"><strong>Sobota:<\/strong> Istropolis, Trnavsk\u00e9 m\u00fdto 1, kinos\u00e1la na I. poschod\u00ed, Bratislava<\/span><\/p>\n<p><span style=\"color: #ffffff;\"><strong><br \/>\nNede\u013ea:<\/strong> Slovo \u017eivota, Tom\u00e1\u0161ikova 30, II. poschodie, Bratislava<\/span>[\/vc_cta][vc_cta h2=&#8221;Vstup:&#8221; style=&#8221;flat&#8221; color=&#8221;orange&#8221;]<span style=\"color: #ffffff;\">Vstup je vo\u013en\u00fd, bez registr\u00e1cie.<\/span><\/p>\n<p><span style=\"color: #ffffff;\">Po\u010das konferencie bud\u00fa vykon\u00e1van\u00e9 dobrovo\u013en\u00e9 zbierky.<\/span>[\/vc_cta][vc_btn title=&#8221;Modlitebn\u00e1 re\u0165az 20.-25.10.2019&#8243; color=&#8221;danger&#8221; align=&#8221;center&#8221; button_block=&#8221;true&#8221; link=&#8221;url:https%3A%2F%2Fwww.24-7prayer.com%2Fsignup%2Fc2b93c||target:%20_blank|&#8221;][vc_btn title=&#8221;Star\u0161ie konferencie&#8221; color=&#8221;orange&#8221; align=&#8221;center&#8221; button_block=&#8221;true&#8221; link=&#8221;url:%2Fkategoria%2Fkonferencie%2F|||&#8221;][\/vc_column][\/vc_row][vc_row][vc_column width=&#8221;1\/2&#8243;][vc_empty_space][vc_column_text]<iframe loading=\"lazy\"  id=\"_ytid_61042\"  width=\"1170\" height=\"658\"  data-origwidth=\"1170\" data-origheight=\"658\" src=\"https:\/\/www.youtube.com\/embed\/48CK_faCuhw?enablejsapi=1&autoplay=0&cc_load_policy=0&cc_lang_pref=&iv_load_policy=1&loop=0&modestbranding=0&rel=1&fs=1&playsinline=0&autohide=2&theme=dark&color=red&controls=1&\" class=\"__youtube_prefs__  no-lazyload\" title=\"YouTube player\"  allow=\"fullscreen; accelerometer; autoplay; clipboard-write; encrypted-media; gyroscope; picture-in-picture\" allowfullscreen data-no-lazy=\"1\" data-skipgform_ajax_framebjll=\"\"><\/iframe>[\/vc_column_text][\/vc_column][vc_column width=&#8221;1\/2&#8243;][vc_empty_space][vc_column_text]<iframe loading=\"lazy\"  id=\"_ytid_75742\"  width=\"1170\" height=\"658\"  data-origwidth=\"1170\" data-origheight=\"658\" src=\"https:\/\/www.youtube.com\/embed\/EkbQ7g1ylrQ?enablejsapi=1&autoplay=0&cc_load_policy=0&cc_lang_pref=&iv_load_policy=1&loop=0&modestbranding=0&rel=1&fs=1&playsinline=0&autohide=2&theme=dark&color=red&controls=1&\" class=\"__youtube_prefs__  no-lazyload\" title=\"YouTube player\"  allow=\"fullscreen; accelerometer; autoplay; clipboard-write; encrypted-media; gyroscope; picture-in-picture\" allowfullscreen data-no-lazy=\"1\" data-skipgform_ajax_framebjll=\"\"><\/iframe>[\/vc_column_text][\/vc_column][\/vc_row][vc_row][vc_column width=&#8221;1\/2&#8243;][vc_empty_space][vc_column_text]<\/p>\n<h3>Dom odborov Istropolis<\/h3>\n<p>Adresa:<br \/>\nTrnavsk\u00e9 m\u00fdto 1<br \/>\n832 21\u00a0 Bratislava<\/p>\n<p>MHD:<\/p>\n<ul>\n<li>Elektri\u010dky: 4, 9,<\/li>\n<li>Autobusy: 39, 51, 53, 61, 63, 68, 74, 78,<\/li>\n<li>Trolejbusy: 64, 201, 204, 209<\/li>\n<li>No\u010dn\u00e9 spoje: N53, N74<\/li>\n<li>Cestovn\u00e9 poriadky: www.imhd.sk<\/li>\n<\/ul>\n<p>[\/vc_column_text][vc_empty_space][vc_gmaps link=&#8221;#E-8_JTNDaWZyYW1lJTIwc3JjJTNEJTIyaHR0cHMlM0ElMkYlMkZ3d3cuZ29vZ2xlLmNvbSUyRm1hcHMlMkZlbWJlZCUzRnBiJTNEJTIxMW0xOCUyMTFtMTIlMjExbTMlMjExZDEzMzAuNzMwMzIzMjc4MjA4MyUyMTJkMTcuMTI1ODY4ODE3ODA2MzE3JTIxM2Q0OC4xNTkyMDI1NDMwNDM2OSUyMTJtMyUyMTFmMCUyMTJmMCUyMTNmMCUyMTNtMiUyMTFpMTAyNCUyMTJpNzY4JTIxNGYxMy4xJTIxM20zJTIxMW0yJTIxMXMweDQ3NmM4ZWI0YzdmZjk1NmIlMjUzQTB4ZTYzNjVlY2U3YzZlYWRhMyUyMTJzVGVhdHJvJTI1MjBXJTI1QzMlMjVCQ3N0ZW5yb3QlMjE1ZTAlMjEzbTIlMjExc3NrJTIxMnNzayUyMTR2MTU3MDA1NDY2MDIyNyUyMTVtMiUyMTFzc2slMjEyc3NrJTIyJTIwaGVpZ2h0JTNEJTIyMzAwJTIyJTIwZnJhbWVib3JkZXIlM0QlMjIwJTIyJTIwc3R5bGUlM0QlMjJib3JkZXIlM0EwJTNCJTIyJTIwYWxsb3dmdWxsc2NyZWVuJTNEJTIyJTIyJTNFJTNDJTJGaWZyYW1lJTNF&#8221;][\/vc_column][vc_column width=&#8221;1\/2&#8243;][vc_empty_space][vc_column_text]<\/p>\n<h3>Slovo \u017eivota<\/h3>\n<p>Adresa:<br \/>\nTom\u00e1\u0161ikova 30<br \/>\n821 01\u00a0 Bratislava<\/p>\n<p>MHD:<\/p>\n<ul>\n<li>zast\u00e1vka Habursk\u00e1 (na Ul. Tom\u00e1\u0161ikova): 50, 96, 196, N61<\/li>\n<li>zast\u00e1vka Trnavsk\u00e1 (na Ul. Trnavsk\u00e1 cesta): 39, 50, 53, 61, 63, 96, 196, 204, 205, N61, N74<\/li>\n<li>zast\u00e1vka Trnavsk\u00e1 NAD: 39, 61, N74<\/li>\n<li>Cestovn\u00e9 poriadky: www.imhd.sk<\/li>\n<\/ul>\n<h2><\/h2>\n<p>[\/vc_column_text][vc_gmaps link=&#8221;#E-8_JTNDaWZyYW1lJTIwc3JjJTNEJTIyaHR0cHMlM0ElMkYlMkZ3d3cuZ29vZ2xlLmNvbSUyRm1hcHMlMkZlbWJlZCUzRnBiJTNEJTIxMW0xOCUyMTFtMTIlMjExbTMlMjExZDEzMzAuNTkyODMzMjk3MDIwNyUyMTJkMTcuMTUzMzMyNjU4MjIzNjc1JTIxM2Q0OC4xNjQ1MDI3ODM4MjUwNSUyMTJtMyUyMTFmMCUyMTJmMCUyMTNmMCUyMTNtMiUyMTFpMTAyNCUyMTJpNzY4JTIxNGYxMy4xJTIxM20zJTIxMW0yJTIxMXMweDAlMjUzQTB4MCUyMTJ6TkRqQ3NEQTVKelV5TGpJaVRpQXhOOEt3TURrbk1UVXVPU0pGJTIxNWUwJTIxM20yJTIxMXNzayUyMTJzc2slMjE0djE1Njk4NzY4OTk1ODclMjE1bTIlMjExc3NrJTIxMnNzayUyMiUyMCUyMGhlaWdodCUzRCUyMjMwMCUyMiUyMGZyYW1lYm9yZGVyJTNEJTIyMCUyMiUyMHN0eWxlJTNEJTIyYm9yZGVyJTNBMCUzQiUyMiUyMGFsbG93ZnVsbHNjcmVlbiUzRCUyMiUyMiUzRSUzQyUyRmlmcmFtZSUzRQ==&#8221;][\/vc_column][\/vc_row][vc_row][vc_column][vc_column_text]<\/p>\n<h2>Program pre deti:<\/h2>\n<p>Pre deti vo veku 3 &#8211; 12 rokov bude zabezpe\u010den\u00fd program. V sobotu je potrebn\u00e9 deti zaregistrova\u0165, registr\u00e1cia je pred vchodom do kinos\u00e1ly. Program je zabezpe\u010den\u00fd len po\u010das zhroma\u017eden\u00ed, preto si pros\u00edm deti vyzdvihnite v\u017edy okam\u017eite po skon\u010den\u00ed zhroma\u017edenia.<\/p>\n<p>Ob\u010derstvenie pre deti nezabezpe\u010dujeme.<\/p>\n<p><a href=\"\/program-pre-deti-pocas-konferencie\/\" target=\"_blank\" rel=\"noopener noreferrer\">Bli\u017e\u0161ie inform\u00e1cie o programe pre deti.<\/a><\/p>\n<h2>Ubytovanie:<\/h2>\n<p>V pr\u00edpade, \u017ee potrebujete ubytovanie po\u010das konferencie, tu je nieko\u013eko mo\u017enost\u00ed, kde si sami m\u00f4\u017eete vybavi\u0165 rezerv\u00e1ciu:<\/p>\n<ul>\n<li>Hotel Set &#8211; pekn\u00e9, \u010dist\u00e9 ubytovanie priamo na mieste konferencie, kontakt www.hotelset.sk tel. 00421 2 49109600<\/li>\n<li>Hotel Blue &#8211; pri Poluse na Riazanskej 38, www.hotelblue.sk, tel.00421 2 49492222<\/li>\n<li>Horsky hotel Eva Sv\u00e4ty Jur, potrebne auto, cca 8 km za Bratislavou,horskyhotel-eva.sk<\/li>\n<\/ul>\n<p>kontakt recepcia: 02 44 97 05 07, 0903 928 054<\/p>\n<p>Inform\u00e1cie o konferencii budeme priebe\u017ene dop\u013a\u0148a\u0165 na tomto mieste.[\/vc_column_text][\/vc_column][\/vc_row]<\/p>\n","protected":false},"excerpt":{"rendered":"<p>[vc_row][vc_column][vc_column_text] Konferencia viery 2019 [\/vc_column_text][vc_empty_space][\/vc_column][\/vc_row][vc_row][vc_column width=&#8221;3\/4&#8243;][vc_single_image image=&#8221;4326&#8243; img_size=&#8221;full&#8221; alignment=&#8221;center&#8221;][vc_column_text] Program: Sobota &#8211; Istropolis: 10:00 \u2013 12:15 Zhroma\u017edenie s chv\u00e1lou &#8211; Ville M\u00e4nnist\u00f6 12:45 \u2013 14:00 Obed s hos\u0165ami a misijn\u00fdmi [&hellip;]<\/p>\n","protected":false},"author":109,"featured_media":0,"parent":0,"menu_order":0,"comment_status":"closed","ping_status":"closed","template":"","meta":{"episode_type":"","audio_file":"","cover_image":"","cover_image_id":"","duration":"","filesize":"","date_recorded":"","explicit":"","block":"","filesize_raw":"","footnotes":""},"class_list":["post-10964","page","type-page","status-publish","hentry"],"_links":{"self":[{"href":"https:\/\/www.slovozivota.sk\/ru-ru\/wp-json\/wp\/v2\/pages\/10964","targetHints":{"allow":["GET"]}}],"collection":[{"href":"https:\/\/www.slovozivota.sk\/ru-ru\/wp-json\/wp\/v2\/pages"}],"about":[{"href":"https:\/\/www.slovozivota.sk\/ru-ru\/wp-json\/wp\/v2\/types\/page"}],"author":[{"embeddable":true,"href":"https:\/\/www.slovozivota.sk\/ru-ru\/wp-json\/wp\/v2\/users\/109"}],"replies":[{"embeddable":true,"href":"https:\/\/www.slovozivota.sk\/ru-ru\/wp-json\/wp\/v2\/comments?post=10964"}],"version-history":[{"count":1,"href":"https:\/\/www.slovozivota.sk\/ru-ru\/wp-json\/wp\/v2\/pages\/10964\/revisions"}],"predecessor-version":[{"id":10965,"href":"https:\/\/www.slovozivota.sk\/ru-ru\/wp-json\/wp\/v2\/pages\/10964\/revisions\/10965"}],"wp:attachment":[{"href":"https:\/\/www.slovozivota.sk\/ru-ru\/wp-json\/wp\/v2\/media?parent=10964"}],"curies":[{"name":"wp","href":"https:\/\/api.w.org\/{rel}","templated":true}]}}