{"id":11218,"date":"2023-11-10T20:16:24","date_gmt":"2023-11-10T19:16:24","guid":{"rendered":"https:\/\/www.slovozivota.sk\/?page_id=11218"},"modified":"2025-08-11T14:44:15","modified_gmt":"2025-08-11T12:44:15","slug":"boh-ta-miluje","status":"publish","type":"page","link":"https:\/\/www.slovozivota.sk\/ru-ru\/boh-ta-miluje\/","title":{"rendered":"Boh \u0165a miluje"},"content":{"rendered":"<p>[vc_row][vc_column width=&#8221;2\/3&#8243;][vc_column_text]<a href=\"https:\/\/www.slovozivota.sk\/en\/boh-ta-miluje\/\"><img decoding=\"async\" class=\"size-full wp-image-3170 alignright\" src=\"https:\/\/www.slovozivota.sk\/wp-content\/uploads\/2015\/04\/en.gif\" alt=\"\" width=\"18\" height=\"12\" \/><\/a>[\/vc_column_text][vc_column_text]<\/p>\n<h1>Boh \u0165a miluje<\/h1>\n<p>[\/vc_column_text][vc_empty_space][vc_column_text]Sta\u0165 sa s\u00fa\u010das\u0165ou Bo\u017eej rodiny je to najlep\u0161ie, \u010do sa ti v \u017eivote mohlo sta\u0165.<\/p>\n<p>Bo\u017eie slovo hovor\u00ed, \u017ee &#8220;v\u0161etk\u00fdm, ktor\u00ed ho prijali, dal pr\u00e1vo a moc sta\u0165 sa de\u0165mi Bo\u017e\u00edmi.&#8221; (Evanjelium J\u00e1na 1:12) Biblia n\u00e1s tie\u017e naz\u00fdva &#8220;dom\u00e1cimi Bo\u017e\u00edmi a spoluob\u010danmi neba&#8221;. Nie je to \u00fa\u017easn\u00e9? Boh dok\u00e1\u017ee premeni\u0165 srdce \u010dloveka do takej miery, \u017ee n\u00e1s poklad\u00e1 za s\u00fa\u010das\u0165 svojej rodiny a naz\u00fdva n\u00e1s svojimi de\u0165mi. Do n\u00e1\u0161ho duchovn\u00e9ho pasu n\u00e1m navy\u0161e pridal nebesk\u00e9 ob\u010dianstvo.<\/p>\n<p>Dovo\u013e mi, aby som e\u0161te raz zopakoval, \u010do je evanjelium a \u010do sa odohralo v tvojom \u017eivote.<\/p>\n<p>Evanjelium poch\u00e1dza z\u00a0gr\u00e9ckeho slova evangelion a\u00a0znamen\u00e1 dobr\u00fa spr\u00e1vu, ktor\u00fa sme pre teba zhrnuli do 4 bodov.<\/p>\n<p><strong><img decoding=\"async\" class=\"alignleft wp-image-4104 size-thumbnail\" src=\"https:\/\/new.slovozivota.sk\/wp-content\/uploads\/2019\/09\/ikony_zlte_miluje-150x150.png\" alt=\"\" width=\"150\" height=\"150\" srcset=\"https:\/\/www.slovozivota.sk\/wp-content\/uploads\/2019\/09\/ikony_zlte_miluje-150x150.png 150w, https:\/\/www.slovozivota.sk\/wp-content\/uploads\/2019\/09\/ikony_zlte_miluje-300x300.png 300w, https:\/\/www.slovozivota.sk\/wp-content\/uploads\/2019\/09\/ikony_zlte_miluje-768x768.png 768w, https:\/\/www.slovozivota.sk\/wp-content\/uploads\/2019\/09\/ikony_zlte_miluje-600x600.png 600w, https:\/\/www.slovozivota.sk\/wp-content\/uploads\/2019\/09\/ikony_zlte_miluje-870x870.png 870w, https:\/\/www.slovozivota.sk\/wp-content\/uploads\/2019\/09\/ikony_zlte_miluje-390x390.png 390w, https:\/\/www.slovozivota.sk\/wp-content\/uploads\/2019\/09\/ikony_zlte_miluje-75x75.png 75w, https:\/\/www.slovozivota.sk\/wp-content\/uploads\/2019\/09\/ikony_zlte_miluje.png 1000w\" sizes=\"(max-width: 150px) 100vw, 150px\" \/>Boh ma miluje!<br \/>\n<\/strong>Prv\u00fdm bodom je, \u017ee Boh \u0165a ve\u013emi miluje! Ist\u00fd m\u00fadry mu\u017e raz povedal: \u201eBiblia nezd\u00f4raz\u0148uje ni\u010d tak ve\u013emi ako pr\u00e1ve Bo\u017eiu l\u00e1sku.\u201c Ka\u017ed\u00fd jeden \u010dlovek je pre Boha d\u00f4le\u017eit\u00fd. Jeho l\u00e1ska k\u00a0n\u00e1m je bezhrani\u010dn\u00e1 a\u00a0bezpodmiene\u010dn\u00e1. Boh si \u0165a zamiloval ve\u010dnou l\u00e1skou. Otvor mu svoje srdce a\u00a0prijmi jeho objatie. (Biblia: 1. J\u00e1na 4:16,\u00a0Jeremi\u00e1\u0161 31:3)<\/p>\n<p>&nbsp;<\/p>\n<p><strong><img decoding=\"async\" class=\"alignleft wp-image-4105 size-thumbnail\" src=\"https:\/\/new.slovozivota.sk\/wp-content\/uploads\/2019\/09\/ikony_zlte_hriech-150x150.png\" alt=\"\" width=\"150\" height=\"150\" srcset=\"https:\/\/www.slovozivota.sk\/wp-content\/uploads\/2019\/09\/ikony_zlte_hriech-150x150.png 150w, https:\/\/www.slovozivota.sk\/wp-content\/uploads\/2019\/09\/ikony_zlte_hriech-300x300.png 300w, https:\/\/www.slovozivota.sk\/wp-content\/uploads\/2019\/09\/ikony_zlte_hriech-768x768.png 768w, https:\/\/www.slovozivota.sk\/wp-content\/uploads\/2019\/09\/ikony_zlte_hriech-600x600.png 600w, https:\/\/www.slovozivota.sk\/wp-content\/uploads\/2019\/09\/ikony_zlte_hriech-870x870.png 870w, https:\/\/www.slovozivota.sk\/wp-content\/uploads\/2019\/09\/ikony_zlte_hriech-390x390.png 390w, https:\/\/www.slovozivota.sk\/wp-content\/uploads\/2019\/09\/ikony_zlte_hriech-75x75.png 75w, https:\/\/www.slovozivota.sk\/wp-content\/uploads\/2019\/09\/ikony_zlte_hriech.png 1000w\" sizes=\"(max-width: 150px) 100vw, 150px\" \/>Zhre\u0161il som<br \/>\n<\/strong>Hriech n\u00e1s oddelil od Bo\u017eej l\u00e1sky. Hriech sa po gr\u00e9cky povie hamartia a\u00a0znamen\u00e1 minutie cie\u013ea. Hre\u0161\u00edme, ke\u010f ignorujeme Bo\u017eiu v\u00f4\u013eu a\u00a0poru\u0161ujeme jeho z\u00e1kony. Hre\u0161\u00edme, ke\u010f sa spr\u00e1vame sebecky. Hriech nar\u00fa\u0161a na\u0161e vz\u0165ahy s\u00a0priate\u013emi, rodinou a\u00a0v\u00a0kone\u010dnom d\u00f4sledku vedie k\u00a0ve\u010dn\u00e9mu odl\u00fa\u010deniu Boha. (Biblia: Izai\u00e1\u0161 59:2, Rimanom 6:23)<\/p>\n<p>&nbsp;<\/p>\n<p><strong>Je\u017ei\u0161 za m\u0148a zomrel<\/strong><strong><img decoding=\"async\" class=\"alignleft size-thumbnail wp-image-4106\" src=\"https:\/\/new.slovozivota.sk\/wp-content\/uploads\/2019\/09\/ikony_zlte_zomrel-150x150.png\" alt=\"\" width=\"150\" height=\"150\" srcset=\"https:\/\/www.slovozivota.sk\/wp-content\/uploads\/2019\/09\/ikony_zlte_zomrel-150x150.png 150w, https:\/\/www.slovozivota.sk\/wp-content\/uploads\/2019\/09\/ikony_zlte_zomrel-300x300.png 300w, https:\/\/www.slovozivota.sk\/wp-content\/uploads\/2019\/09\/ikony_zlte_zomrel-768x768.png 768w, https:\/\/www.slovozivota.sk\/wp-content\/uploads\/2019\/09\/ikony_zlte_zomrel-600x600.png 600w, https:\/\/www.slovozivota.sk\/wp-content\/uploads\/2019\/09\/ikony_zlte_zomrel-870x870.png 870w, https:\/\/www.slovozivota.sk\/wp-content\/uploads\/2019\/09\/ikony_zlte_zomrel-390x390.png 390w, https:\/\/www.slovozivota.sk\/wp-content\/uploads\/2019\/09\/ikony_zlte_zomrel-75x75.png 75w, https:\/\/www.slovozivota.sk\/wp-content\/uploads\/2019\/09\/ikony_zlte_zomrel.png 1000w\" sizes=\"(max-width: 150px) 100vw, 150px\" \/><br \/>\n<\/strong>Tret\u00edm bodom je najzn\u00e1mej\u0161ia udalos\u0165 v\u00a0hist\u00f3rii \u013eudstva, ktor\u00e1 v\u0161ak \u010dasto zost\u00e1va nepochopen\u00e1. Odplatou za hriech je smr\u0165. V\u0161etci sme zhre\u0161ili a\u00a0stratili sme pr\u00edstup k\u00a0stromu \u017eivota. Ale Boh n\u00e1s tak ve\u013emi miluje, \u017ee poslal svojho Syna Je\u017ei\u0161a Krista, aby za n\u00e1s zomrel. Zomrel, aby sme z\u00edskali odpustenie a\u00a0ve\u010dn\u00fd \u017eivot. (Biblia: J\u00e1n 3:16, Rimanom 5:8)<\/p>\n<p>&nbsp;<\/p>\n<p><strong>Potrebujem sa rozhodn\u00fa\u0165<\/strong><strong><img decoding=\"async\" class=\"alignleft size-thumbnail wp-image-4107\" src=\"https:\/\/new.slovozivota.sk\/wp-content\/uploads\/2019\/09\/ikony_zlte_rozhodnut-150x150.png\" alt=\"\" width=\"150\" height=\"150\" srcset=\"https:\/\/www.slovozivota.sk\/wp-content\/uploads\/2019\/09\/ikony_zlte_rozhodnut-150x150.png 150w, https:\/\/www.slovozivota.sk\/wp-content\/uploads\/2019\/09\/ikony_zlte_rozhodnut-300x300.png 300w, https:\/\/www.slovozivota.sk\/wp-content\/uploads\/2019\/09\/ikony_zlte_rozhodnut-768x768.png 768w, https:\/\/www.slovozivota.sk\/wp-content\/uploads\/2019\/09\/ikony_zlte_rozhodnut-600x600.png 600w, https:\/\/www.slovozivota.sk\/wp-content\/uploads\/2019\/09\/ikony_zlte_rozhodnut-870x870.png 870w, https:\/\/www.slovozivota.sk\/wp-content\/uploads\/2019\/09\/ikony_zlte_rozhodnut-390x390.png 390w, https:\/\/www.slovozivota.sk\/wp-content\/uploads\/2019\/09\/ikony_zlte_rozhodnut-75x75.png 75w, https:\/\/www.slovozivota.sk\/wp-content\/uploads\/2019\/09\/ikony_zlte_rozhodnut.png 1000w\" sizes=\"(max-width: 150px) 100vw, 150px\" \/><br \/>\n<\/strong>Boh urobil v\u0161etko pre to, aby ti uk\u00e1zal, ako ve\u013emi \u0165a miluje. Ale rozhodnutie je na tebe. Je\u017ei\u0161 pri\u0161iel na to, aby ti dal \u017eivot v\u00a0hojnosti. Sta\u010d\u00ed, aby si vyznal svoj hriech a\u00a0poprosil Boha o\u00a0odpustenie. Potom pozvi Je\u017ei\u0161a do svojho \u017eivota ako P\u00e1na a\u00a0Spasite\u013ea a\u00a0bude\u0161 zachr\u00e1nen\u00fd. Rozhodni sa e\u0161te dnes! (Biblia: Zjavenie 3:20, J\u00e1n 1:12)<\/p>\n<p>&nbsp;<\/p>\n<h3><strong>Modlitba<\/strong><\/h3>\n<p><em>Drah\u00fd Bo\u017ee, \u010fakujem ti \u017ee ma miluje\u0161 a\u00a0v\u017edy chce\u0161 pre m\u0148a len to najlep\u0161ie. Je mi \u013e\u00fato, \u017ee som \u0165a ignoroval a\u00a0\u0161iel svojou vlastnou cestou. Uvedomujem si, \u017ee m\u00f4j hriech zra\u0148oval teba i\u00a0\u013eud\u00ed okolo m\u0148a. Pros\u00edm, odpusti mi to. Ver\u00edm, \u017ee Je\u017ei\u0161 Kristus zomrel za moje hriechy a\u00a0na tret\u00ed de\u0148 vstal z\u00a0m\u0155tvych. Prij\u00edmam Je\u017ei\u0161a za svojho P\u00e1na a\u00a0Spasite\u013ea. Amen. <\/em><\/p>\n<p>Nezab\u00fadaj dobre stava\u0165 svoj duchovn\u00fd \u017eivot. Stoj\u00ed na 4 z\u00e1kladn\u00fdch pilieroch: 1. Modlitba, \u010do je rozhovor so Stvorite\u013eom, ke\u010f hovor\u00ed\u0161 s Bohom, 2. \u010c\u00edtanie Bo\u017eieho slova, prostredn\u00edctvom ktor\u00e9ho Boh hovor\u00ed k tebe 3. Spolo\u010denstvo veriacich &#8211; bu\u010f zasaden\u00fd v dome Bo\u017eom, v cirkvi, aby si doniesol hojn\u00e9 ovocie 4. Vyd\u00e1vaj svedectvo o svojej viere v P\u00e1na Je\u017ei\u0161a Krista. Daj mo\u017enos\u0165 aj druh\u00fdm, aby zak\u00fasili odpustenie hriechov a rados\u0165 z nov\u00e9ho \u017eivota. P\u00e1n Je\u017ei\u0161 n\u00e1m povedal. &#8220;Cho\u010fte po celom svete a k\u00e1\u017ete evanjelium ka\u017ed\u00e9mu stvoreniu.&#8221; (Evanjelium Marka 16:15)[\/vc_column_text][\/vc_column][vc_column width=&#8221;1\/3&#8243;][vc_column_text css=&#8221;.vc_custom_1754916219199{border-top-width: 4px !important;border-right-width: 4px !important;border-bottom-width: 4px !important;border-left-width: 4px !important;padding-right: 10px !important;padding-bottom: 30px !important;padding-left: 10px !important;border-left-color: #ecac00 !important;border-left-style: solid !important;border-right-color: #ecac00 !important;border-right-style: solid !important;border-top-color: #ecac00 !important;border-top-style: solid !important;border-bottom-color: #ecac00 !important;border-bottom-style: solid !important;border-radius: 5px !important;}&#8221;]<\/p>\n<h3 style=\"text-align: center;\">Kontaktn\u00e1 karta<\/h3>\n<div class='fluentform ff-default fluentform_wrapper_15 ffs_default_wrap'><form data-form_id=\"15\" id=\"fluentform_15\" class=\"frm-fluent-form fluent_form_15 ff-el-form-top ff_form_instance_15_1 ff-form-loading ffs_default\" data-form_instance=\"ff_form_instance_15_1\" method=\"POST\" ><fieldset  style=\"border: none!important;margin: 0!important;padding: 0!important;background-color: transparent!important;box-shadow: none!important;outline: none!important; min-inline-size: 100%;\">\n                    <legend class=\"ff_screen_reader_title\" style=\"display: block; margin: 0!important;padding: 0!important;height: 0!important;text-indent: -999999px;width: 0!important;overflow:hidden;\">Kontaktn\u00e1 karta<\/legend><input type='hidden' name='__fluent_form_embded_post_id' value='11218' \/><input type=\"hidden\" id=\"_fluentform_15_fluentformnonce\" name=\"_fluentform_15_fluentformnonce\" value=\"2fcc49ce86\" \/><input type=\"hidden\" name=\"_wp_http_referer\" value=\"\/ru-ru\/wp-json\/wp\/v2\/pages\/11218\" \/><div data-type=\"name-element\" data-name=\"names\" class=\" ff-field_container ff-name-field-wrapper\" ><div class='ff-t-container'><div class='ff-t-cell '><div class='ff-el-group ff-el-form-top'><div class=\"ff-el-input--label ff-el-is-required asterisk-right\"><label for='ff_15_names_first_name_' >Meno<\/label><\/div><div class='ff-el-input--content'><input type=\"text\" name=\"names[first_name]\" id=\"ff_15_names_first_name_\" class=\"ff-el-form-control\" aria-invalid=\"false\" aria-required=true><\/div><\/div><\/div><div class='ff-t-cell '><div class='ff-el-group ff-el-form-top'><div class=\"ff-el-input--label asterisk-right\"><label for='ff_15_names_last_name_' >Priezvisko<\/label><\/div><div class='ff-el-input--content'><input type=\"text\" name=\"names[last_name]\" id=\"ff_15_names_last_name_\" class=\"ff-el-form-control\" aria-invalid=\"false\" aria-required=false><\/div><\/div><\/div><\/div><\/div><div class='ff-el-group'><div class=\"ff-el-input--label ff-el-is-required asterisk-right\"><label for='ff_15_email' aria-label=\"Email\">Email<\/label><\/div><div class='ff-el-input--content'><input type=\"email\" name=\"email\" id=\"ff_15_email\" class=\"ff-el-form-control\" data-name=\"email\"  aria-invalid=\"false\" aria-required=true><\/div><\/div><div class='ff-el-group'><div class=\"ff-el-input--label asterisk-right\"><label  aria-label=\"Dajte n\u00e1m o sebe vedie\u0165:\">Dajte n\u00e1m o sebe vedie\u0165:<\/label><\/div><div class='ff-el-input--content'><div class='ff-el-form-check ff-el-form-check-'><label class='ff-el-form-check-label' for=checkbox_8c80df749ccbfe40b6bea9076ef2c162><input  type=\"checkbox\" name=\"checkbox[]\" data-name=\"checkbox\" class=\"ff-el-form-check-input ff-el-form-check-checkbox\" value=\"Dnes som prijal Je\u017ei\u0161a ako svojho P\u00e1na\"  id='checkbox_8c80df749ccbfe40b6bea9076ef2c162' aria-label='Dnes som prijal Je\u017ei\u0161a ako svojho P\u00e1na' aria-invalid='false' aria-required=false> <span>Dnes som prijal Je\u017ei\u0161a ako svojho P\u00e1na<\/span><\/label><\/div><div class='ff-el-form-check ff-el-form-check-'><label class='ff-el-form-check-label' for=checkbox_8b5b728cace0bc42a71759added75ab9><input  type=\"checkbox\" name=\"checkbox[]\" data-name=\"checkbox\" class=\"ff-el-form-check-input ff-el-form-check-checkbox\" value=\"Dnes som prijal uzdravenie\"  id='checkbox_8b5b728cace0bc42a71759added75ab9' aria-label='Dnes som prijal uzdravenie' aria-invalid='false' aria-required=false> <span>Dnes som prijal uzdravenie<\/span><\/label><\/div><div class='ff-el-form-check ff-el-form-check-'><label class='ff-el-form-check-label' for=checkbox_1a51f806390ff36adc1d8b697b2061e5><input  type=\"checkbox\" name=\"checkbox[]\" data-name=\"checkbox\" class=\"ff-el-form-check-input ff-el-form-check-checkbox\" value=\"Prajem si dost\u00e1va\u0165 inform\u00e1cie o kres\u0165ansk\u00fdch akci\u00e1ch\"  id='checkbox_1a51f806390ff36adc1d8b697b2061e5' aria-label='Prajem si dost\u00e1va\u0165 inform\u00e1cie o kres\u0165ansk\u00fdch akci\u00e1ch' aria-invalid='false' aria-required=false> <span>Prajem si dost\u00e1va\u0165 inform\u00e1cie o kres\u0165ansk\u00fdch akci\u00e1ch<\/span><\/label><\/div><\/div><\/div><div class='ff-el-group'><div class=\"ff-el-input--label asterisk-right\"><label for='ff_15_description' aria-label=\"Nap\u00ed\u0161te n\u00e1m (prosbu o modlitbu, svedectvo...):\">Nap\u00ed\u0161te n\u00e1m (prosbu o modlitbu, svedectvo...):<\/label><\/div><div class='ff-el-input--content'><textarea aria-invalid=\"false\" aria-required=false name=\"description\" id=\"ff_15_description\" class=\"ff-el-form-control\" rows=\"3\" cols=\"2\" data-name=\"description\" ><\/textarea><\/div><\/div><div class='ff-el-group ' ><div class='ff-el-input--content'><div data-fluent_id='15' name='g-recaptcha-response'><div\n\t\tdata-sitekey='6LdMD2csAAAAAJ5F90xKtUYMewXr0LrP5htWk_mr'\n\t\tid='fluentform-recaptcha-15-1'\n\t\tclass='ff-el-recaptcha g-recaptcha'\n\t\tdata-callback='fluentFormrecaptchaSuccessCallback'><\/div><\/div><\/div><\/div><div class='ff-el-group ff-text-left ff_submit_btn_wrapper'><button type=\"submit\" class=\"ff-btn ff-btn-submit ff-btn-md ff_btn_style\" >Odosla\u0165<\/button><\/div><\/fieldset><\/form><div id='fluentform_15_errors' class='ff-errors-in-stack ff_form_instance_15_1 ff-form-loading_errors ff_form_instance_15_1_errors'><\/div><\/div>        <script type=\"text\/javascript\">\n            window.fluent_form_ff_form_instance_15_1 = {\"id\":\"15\",\"settings\":{\"layout\":{\"labelPlacement\":\"top\",\"asteriskPlacement\":\"asterisk-right\",\"helpMessagePlacement\":\"with_label\",\"errorMessagePlacement\":\"inline\",\"cssClassName\":\"\"},\"restrictions\":{\"denyEmptySubmission\":{\"enabled\":false}}},\"form_instance\":\"ff_form_instance_15_1\",\"form_id_selector\":\"fluentform_15\",\"rules\":{\"names[first_name]\":{\"required\":{\"value\":true,\"message\":\"\\u041e\\u0431\\u044f\\u0437\\u0430\\u0442\\u0435\\u043b\\u044c\\u043d\\u043e\\u0435 \\u043f\\u043e\\u043b\\u0435\",\"global_message\":\"Toto pole je povinn\\u00e9\",\"global\":true}},\"names[middle_name]\":{\"required\":{\"value\":false,\"message\":\"\\u041e\\u0431\\u044f\\u0437\\u0430\\u0442\\u0435\\u043b\\u044c\\u043d\\u043e\\u0435 \\u043f\\u043e\\u043b\\u0435\",\"global_message\":\"Toto pole je povinn\\u00e9\",\"global\":true}},\"names[last_name]\":{\"required\":{\"value\":false,\"message\":\"\\u041e\\u0431\\u044f\\u0437\\u0430\\u0442\\u0435\\u043b\\u044c\\u043d\\u043e\\u0435 \\u043f\\u043e\\u043b\\u0435\",\"global_message\":\"Toto pole je povinn\\u00e9\",\"global\":true}},\"email\":{\"required\":{\"value\":true,\"message\":\"\\u041e\\u0431\\u044f\\u0437\\u0430\\u0442\\u0435\\u043b\\u044c\\u043d\\u043e\\u0435 \\u043f\\u043e\\u043b\\u0435\",\"global_message\":\"Toto pole je povinn\\u00e9\",\"global\":true},\"email\":{\"value\":true,\"message\":\"\\u042d\\u0442\\u043e \\u043f\\u043e\\u043b\\u0435 \\u0434\\u043e\\u043b\\u0436\\u043d\\u043e \\u0441\\u043e\\u0434\\u0435\\u0440\\u0436\\u0430\\u0442\\u044c \\u0434\\u0435\\u0439\\u0441\\u0442\\u0432\\u0438\\u0442\\u0435\\u043b\\u044c\\u043d\\u044b\\u0439 \\u0430\\u0434\\u0440\\u0435\\u0441 \\u044d\\u043b\\u0435\\u043a\\u0442\\u0440\\u043e\\u043d\\u043d\\u043e\\u0439 \\u043f\\u043e\\u0447\\u0442\\u044b\",\"global_message\":\"Toto pole mus\\u00ed obsahova\\u0165 platn\\u00fd e-mail\",\"global\":true}},\"checkbox\":{\"required\":{\"value\":false,\"message\":\"\\u041e\\u0431\\u044f\\u0437\\u0430\\u0442\\u0435\\u043b\\u044c\\u043d\\u043e\\u0435 \\u043f\\u043e\\u043b\\u0435\",\"global_message\":\"Toto pole je povinn\\u00e9\",\"global\":true}},\"description\":{\"required\":{\"value\":false,\"message\":\"\\u041e\\u0431\\u044f\\u0437\\u0430\\u0442\\u0435\\u043b\\u044c\\u043d\\u043e\\u0435 \\u043f\\u043e\\u043b\\u0435\",\"global_message\":\"Toto pole je povinn\\u00e9\",\"global\":true}},\"g-recaptcha-response\":[]},\"debounce_time\":300};\n                    <\/script>\n        [\/vc_column_text][vc_empty_space][vc_btn title=&#8221;Inform\u00e1cie o stretnutiach&#8221; color=&#8221;orange&#8221; align=&#8221;center&#8221; button_block=&#8221;true&#8221; link=&#8221;url:https%3A%2F%2Fwww.slovozivota.sk%2Fkontakt%2F|||&#8221;][\/vc_column][\/vc_row]<\/p>\n","protected":false},"excerpt":{"rendered":"<p>[vc_row][vc_column width=&#8221;2\/3&#8243;][vc_column_text][\/vc_column_text][vc_column_text] Boh \u0165a miluje [\/vc_column_text][vc_empty_space][vc_column_text]Sta\u0165 sa s\u00fa\u010das\u0165ou Bo\u017eej rodiny je to najlep\u0161ie, \u010do sa ti v \u017eivote mohlo sta\u0165. Bo\u017eie slovo hovor\u00ed, \u017ee &#8220;v\u0161etk\u00fdm, ktor\u00ed ho prijali, dal pr\u00e1vo [&hellip;]<\/p>\n","protected":false},"author":109,"featured_media":0,"parent":0,"menu_order":0,"comment_status":"closed","ping_status":"closed","template":"","meta":{"episode_type":"","audio_file":"","cover_image":"","cover_image_id":"","duration":"","filesize":"","date_recorded":"","explicit":"","block":"","filesize_raw":"","footnotes":""},"class_list":["post-11218","page","type-page","status-publish","hentry"],"_links":{"self":[{"href":"https:\/\/www.slovozivota.sk\/ru-ru\/wp-json\/wp\/v2\/pages\/11218","targetHints":{"allow":["GET"]}}],"collection":[{"href":"https:\/\/www.slovozivota.sk\/ru-ru\/wp-json\/wp\/v2\/pages"}],"about":[{"href":"https:\/\/www.slovozivota.sk\/ru-ru\/wp-json\/wp\/v2\/types\/page"}],"author":[{"embeddable":true,"href":"https:\/\/www.slovozivota.sk\/ru-ru\/wp-json\/wp\/v2\/users\/109"}],"replies":[{"embeddable":true,"href":"https:\/\/www.slovozivota.sk\/ru-ru\/wp-json\/wp\/v2\/comments?post=11218"}],"version-history":[{"count":27,"href":"https:\/\/www.slovozivota.sk\/ru-ru\/wp-json\/wp\/v2\/pages\/11218\/revisions"}],"predecessor-version":[{"id":13595,"href":"https:\/\/www.slovozivota.sk\/ru-ru\/wp-json\/wp\/v2\/pages\/11218\/revisions\/13595"}],"wp:attachment":[{"href":"https:\/\/www.slovozivota.sk\/ru-ru\/wp-json\/wp\/v2\/media?parent=11218"}],"curies":[{"name":"wp","href":"https:\/\/api.w.org\/{rel}","templated":true}]}}