{"id":12915,"date":"2025-03-25T18:15:36","date_gmt":"2025-03-25T17:15:36","guid":{"rendered":"https:\/\/www.slovozivota.sk\/?page_id=12915"},"modified":"2025-07-09T17:49:25","modified_gmt":"2025-07-09T15:49:25","slug":"vbs-2025","status":"publish","type":"page","link":"https:\/\/www.slovozivota.sk\/ru-ru\/vbs-2025\/","title":{"rendered":"Ve\u010dern\u00e1 biblick\u00e1 \u0161kola 2025"},"content":{"rendered":"","protected":false},"excerpt":{"rendered":"[vc_row][vc_column][vc_column_text] Ve\u010dern\u00e1 biblick\u00e1 \u0161kola 2025 [\/vc_column_text][vc_empty_space][\/vc_column][\/vc_row][vc_row][vc_column width=\"1\/2\"][vc_single_image image=\"12833\" img_size=\"full\"][vc_empty_space][vc_column_text]Drah\u00ed \u0161tudenti, na tejto str\u00e1nke budeme postupne zverej\u0148ova\u0165 audio nahr\u00e1vky a v\u0161etky potrebn\u00e9 inform\u00e1cie k jednotliv\u00fdm lekci\u00e1m.[\/vc_column_text][vc_empty_space]Preberan\u00e9 kapitoly z knihy Biblick\u00e9 z\u00e1klady[vc_column_text][\/vc_column_text][vc_column_text]Vyu\u010duje: [...]","protected":false},"author":109,"featured_media":0,"parent":0,"menu_order":0,"comment_status":"closed","ping_status":"closed","template":"","meta":{"episode_type":"","audio_file":"","cover_image":"","cover_image_id":"","duration":"","filesize":"","date_recorded":"","explicit":"","block":"","filesize_raw":"","footnotes":""},"class_list":["post-12915","page","type-page","status-publish","hentry"],"_links":{"self":[{"href":"https:\/\/www.slovozivota.sk\/ru-ru\/wp-json\/wp\/v2\/pages\/12915","targetHints":{"allow":["GET"]}}],"collection":[{"href":"https:\/\/www.slovozivota.sk\/ru-ru\/wp-json\/wp\/v2\/pages"}],"about":[{"href":"https:\/\/www.slovozivota.sk\/ru-ru\/wp-json\/wp\/v2\/types\/page"}],"author":[{"embeddable":true,"href":"https:\/\/www.slovozivota.sk\/ru-ru\/wp-json\/wp\/v2\/users\/109"}],"replies":[{"embeddable":true,"href":"https:\/\/www.slovozivota.sk\/ru-ru\/wp-json\/wp\/v2\/comments?post=12915"}],"version-history":[{"count":35,"href":"https:\/\/www.slovozivota.sk\/ru-ru\/wp-json\/wp\/v2\/pages\/12915\/revisions"}],"predecessor-version":[{"id":13298,"href":"https:\/\/www.slovozivota.sk\/ru-ru\/wp-json\/wp\/v2\/pages\/12915\/revisions\/13298"}],"wp:attachment":[{"href":"https:\/\/www.slovozivota.sk\/ru-ru\/wp-json\/wp\/v2\/media?parent=12915"}],"curies":[{"name":"wp","href":"https:\/\/api.w.org\/{rel}","templated":true}]}}