{"id":4129,"date":"2019-10-03T01:49:57","date_gmt":"2019-10-02T23:49:57","guid":{"rendered":"https:\/\/new.slovozivota.sk\/?page_id=4129"},"modified":"2025-10-02T15:53:27","modified_gmt":"2025-10-02T13:53:27","slug":"zasady-ochrany-osobnych-udajov","status":"publish","type":"page","link":"https:\/\/www.slovozivota.sk\/ru-ru\/zasady-ochrany-osobnych-udajov\/","title":{"rendered":"Z\u00e1sady ochrany osobn\u00fdch \u00fadajov"},"content":{"rendered":"<p>[vc_row][vc_column][vc_column_text]<\/p>\r\n<h1 class=\"wp-block-heading\">Z\u00e1sady ochrany osobn\u00fdch \u00fadajov<\/h1>\r\n<p>Majite\u013e a prev\u00e1dzkovate\u013e webstr\u00e1nky je Slovo \u017eivota international Bratislava, Tom\u00e1\u0161ikova 30, 821 01\u00a0 Bratislava, I\u010cO: 30839998, DI\u010c: 2020992237, I\u010c DI\u010c: SK 2020992237.<br \/>Rob\u00edme v\u0161etko preto, aby ste sa u\u00a0n\u00e1s c\u00edtili bezpe\u010dne. Pre poskytnutie na\u0161ich slu\u017eieb (predaj a doru\u010denie tovaru) potrebujeme od V\u00e1s z\u00e1kladn\u00e9 inform\u00e1cie, z ktor\u00fdch niektor\u00e9 maj\u00fa povahu osobn\u00fdch \u00fadajov.<\/p>\r\n<h3>Ak\u00e9 \u00fadaje zbierame:<\/h3>\r\n<p>\u00dadaje pri vytvoren\u00ed konta:<\/p>\r\n<ul>\r\n<li>V\u00a0pr\u00edpade, \u017ee sa rozhodnete zaregistrova\u0165 sa a\u00a0t\u00fdm p\u00e1dom si u n\u00e1s vytvori\u0165 u\u017e\u00edvate\u013esk\u00e9 konto, zbierame v\u0161etky \u00fadaje, ktor\u00e9 tam uvediete. Povinn\u00fdmi s\u00fa login a\u00a0e-mailov\u00e1 adresa, ktor\u00fa vyu\u017e\u00edvame na komunik\u00e1ciu s\u00a0vami.<\/li>\r\n<\/ul>\r\n<p>Registr\u00e1cia na akcie:<\/p>\r\n<ul>\r\n<li>Ak n\u00e1m udel\u00edte s\u00fahlas, uchov\u00e1vame va\u0161u e-mailov\u00fa adresu aj za \u00fa\u010delom zasielania inform\u00e1ci\u00ed o\u00a0novink\u00e1ch a\u00a0akci\u00e1ch, ktor\u00e9 pre v\u00e1s pripravujeme. Pri registrovan\u00ed na akcie zad\u00e1vate meno, priezvisko, e-mailov\u00fa adresu, adresu a telef\u00f3nne \u010d\u00edslo.<\/li>\r\n<\/ul>\r\n<h3>Ako \u00fadaje pou\u017e\u00edvame:<\/h3>\r\n<p>Poskytovanie slu\u017eieb:<\/p>\r\n<ul>\r\n<li>Na z\u00e1klade \u00fadajov, ktor\u00e9 od v\u00e1s z\u00edskame, v\u00e1m vieme poskytn\u00fa\u0165 slu\u017eby.<\/li>\r\n<\/ul>\r\n<p>Komunik\u00e1cia s\u00a0vami:<\/p>\r\n<ul>\r\n<li>Va\u0161e kontaktn\u00e9 \u00fadaje pou\u017e\u00edvame v\u00a0pr\u00edpade potreby na z\u00edskanie ch\u00fdbaj\u00facich, alebo opravu chybne zadan\u00fdch inform\u00e1ci\u00ed, na zasielanie na\u0161ich ozn\u00e1men\u00ed o\u00a0stave objedn\u00e1vky, alebo ke\u010f chceme reagova\u0165 na va\u0161e ot\u00e1zky.<\/li>\r\n<li>Ak ste n\u00e1m udelili s\u00fahlas, posielame v\u00e1m tie\u017e na e-mail komer\u010dn\u00e9 inform\u00e1cie o novink\u00e1ch a aktu\u00e1lnych ponuk\u00e1ch, ktor\u00e9 by v\u00e1s mohli zauj\u00edma\u0165. Zasielanie t\u00fdchto e-mailov z\u00e1klade v\u00e1\u0161ho podnetu ukon\u010d\u00edme. Je to mo\u017en\u00e9 cez funkciu \u201eOdhl\u00e1si\u0165 sa zo zasielania odberu\u201c umiestnen\u00fa v mailoch, zaslan\u00edm e-mailu s takouto \u017eiados\u0165ou na slovozivota@slovozivota.sk.<\/li>\r\n<\/ul>\r\n<p>Bezpe\u010dnos\u0165 a\u00a0ochrana pr\u00e1v:<\/p>\r\n<ul>\r\n<li>Va\u0161e \u00fadaje pou\u017e\u00edvame tie\u017e na zaistenie bezpe\u010dnosti poskytovan\u00fdch slu\u017eieb, aby sme reagovali na n\u00e1roky, ktor\u00e9 boli vo\u010di n\u00e1m uplatnen\u00e9 pri konaniach pred \u0161t\u00e1tnymi a\u00a0in\u00fdmi org\u00e1nmi, ktor\u00e9 kontroluj\u00fa na\u0161u \u010dinnos\u0165, a\u00a0aby sme vym\u00e1hali n\u00e1roky, ktor\u00e9 n\u00e1m vznikli.<\/li>\r\n<\/ul>\r\n<p>Cookies:<\/p>\r\n<ul>\r\n<li>Niektor\u00e9 \u010dasti internetovej str\u00e1nky s\u00fa chr\u00e1nen\u00e9 heslom. Pou\u017e\u00edvame cookies (mal\u00e9 k\u00fasky \u00fadajov, ktor\u00e9 sa ukladaj\u00fa vo va\u0161om prehliada\u010di alebo mobilnom zariaden\u00ed), ktor\u00e9 n\u00e1m umo\u017e\u0148uj\u00fa zapam\u00e4ta\u0165 si va\u0161e \u00fakony a\u00a0preferencie (napr\u00edklad prihlasovacie \u00fadaje a\u00a0\u00fadaje o\u00a0objedn\u00e1vke v\u00a0ko\u0161\u00edku) v\u00a0priebehu ur\u010dit\u00e9ho \u010dasov\u00e9ho obdobia, aby ste ich nemuseli zad\u00e1va\u0165 opakovane v\u017edy, ke\u010f prech\u00e1dzate z\u00a0jednej webovej str\u00e1nky na druh\u00fa.<\/li>\r\n<li>S\u00fabory cookies m\u00f4\u017eu tie\u017e zaznamen\u00e1va\u0165 \u010fal\u0161ie inform\u00e1cie, ako po\u010det n\u00e1v\u0161tevn\u00edkov na na\u0161ich webov\u00fdch str\u00e1nkach.<\/li>\r\n<li>Tieto \u00fadaje v\u00a0s\u00fa\u010dasnosti nijako nespracov\u00e1vame a\u00a0nevyhodnocujeme a Cookies n\u00e1m sl\u00fa\u017eia na to, aby v\u00e1m zjednodu\u0161ili prezeranie a\u00a0nakupovanie na na\u0161ich str\u00e1nkach.<\/li>\r\n<\/ul>\r\n<h3>Pr\u00e1vne z\u00e1klady:<\/h3>\r\n<p>Z\u00e1kon:<\/p>\r\n<ul>\r\n<li>Pri spracovan\u00ed Va\u0161ich osobn\u00fdch \u00fadajov postupujeme v zmysle z\u00e1kona \u010d. 18\/2018 Z.z. o\u00a0ochrane osobn\u00fdch \u00fadajov a\u00a0nariadenia Eur\u00f3pskeho parlamentu a\u00a0Rady (E\u00da) 2016\/679 (GDPR).<\/li>\r\n<\/ul>\r\n<p>S\u00fahlas:<\/p>\r\n<ul>\r\n<li>Najm\u00e4 v\u00a0spojitosti so zasielan\u00edm komer\u010dnej komunik\u00e1cie o\u00a0novink\u00e1ch a\u00a0aktu\u00e1lnych ponuk\u00e1ch, \u010di pri in\u00fdch form\u00e1ch marketingu, ka\u017ed\u00fd udelen\u00fd s\u00fahlas je dobrovo\u013en\u00fd a\u00a0m\u00f4\u017eete ho kedyko\u013evek odvola\u0165, \u010do v\u0161ak nem\u00e1 vplyv na z\u00e1konnos\u0165 sprac\u00favania pred jeho odvolan\u00edm.<\/li>\r\n<li>Odvolanie udelen\u00e9ho s\u00fahlasu sa nevz\u0165ahuje na \u00fa\u010dtovn\u00e9 doklady, kedy mus\u00edme plni\u0165 na\u0161e z\u00e1konn\u00e9 povinnosti v\u00a0\u00fa\u010dtovn\u00edctve a uschov\u00e1vanie spad\u00e1 pod z\u00e1kony o\u00a0\u00fa\u010dtovn\u00edctve a\u00a0archiv\u00e1cii.<\/li>\r\n<\/ul>\r\n<p>N\u00e1\u0161 opr\u00e1vnen\u00fd z\u00e1ujem:<\/p>\r\n<ul>\r\n<li>Pri zlep\u0161ovan\u00ed a\u00a0personaliz\u00e1cii na\u0161ich slu\u017eieb, marketingov\u00fdch \u010dinnost\u00ed, \u010di v\u00a0s\u00favislosti s\u00a0bezpe\u010dnos\u0165ou a\u00a0ochranou pr\u00e1v v\u017edy starostlivo zva\u017eujeme, \u010di sprac\u00favanie osobn\u00fdch \u00fadajov nebude predstavova\u0165 neprimeran\u00fd z\u00e1sah do va\u0161ich pr\u00e1v.<\/li>\r\n<\/ul>\r\n<h3>Komu \u00fadaje spr\u00edstup\u0148ujeme:<\/h3>\r\n<ul>\r\n<li>Va\u0161e osobn\u00e9 \u00fadaje nezverej\u0148ujeme, nespr\u00edstup\u0148ujeme, neposkytujeme \u017eiadnym in\u00fdm subjektom<\/li>\r\n<li>Extern\u00ed spolupracovn\u00edci \u2013 nako\u013eko sme mal\u00e1 spolo\u010dnos\u0165, niektor\u00e9 \u00fakony pre n\u00e1s vykon\u00e1vaj\u00fa extern\u00ed spolupracovn\u00edci, ktor\u00ed s\u00fa viazan\u00ed ml\u010danlivos\u0165ou a\u00a0v\u0161etky \u00fadaje sprac\u00favaj\u00fa len pre na\u0161e potreby a\u00a0z\u00e1ujmy. \u00dadaje, s\u00a0ktor\u00fdmi pr\u00eddu do styku nesm\u00fa vyu\u017ei\u0165 v\u00a0pr\u00edpade vlastn\u00e9ho podnikania.<\/li>\r\n<li>Tak isto m\u00f4\u017ee d\u00f4js\u0165 k povinnosti zverej\u0148ova\u0165 \u00fadaje vypl\u00fdvaj\u00face zo z\u00e1kona a\u00a0v\u00a0rozsahu stanovenom z\u00e1konmi SR \u2013 po\u017eiadavky \u0161t\u00e1tnych a\u00a0in\u00fdch org\u00e1nov, aby sme si uplat\u0148ovali na\u0161e n\u00e1roky alebo sa obhajovali v\u00a0konaniach, kde si in\u00ed uplat\u0148uj\u00fa n\u00e1roky vo\u010di n\u00e1m, da\u0148ov\u00e9 kontroly a\u00a0pod..<\/li>\r\n<li>Analytick\u00e9 a\u00a0reklamn\u00e9 slu\u017eby \u2013 pracujeme tie\u017e s\u00a0partnermi, ktor\u00ed n\u00e1m poskytuj\u00fa analytick\u00e9 a\u00a0reklamn\u00e9 slu\u017eby. Tie n\u00e1m umo\u017e\u0148uj\u00fa lep\u0161ie rozumie\u0165, ak\u00e9 s\u00fa potreby trhy, ako pou\u017e\u00edvatelia pou\u017e\u00edvaj\u00fa na\u0161u internetov\u00fa str\u00e1nku, umiest\u0148uj\u00fa na\u0161u reklamu na internete a\u00a0meraj\u00fa jej v\u00fdkonnos\u0165. Tieto spolo\u010dnosti m\u00f4\u017eu vyu\u017e\u00edva\u0165 cookies a\u00a0podobn\u00e9 technol\u00f3gie, aby zbierali \u00fadaje o\u00a0va\u0161ej interakcii s\u00a0na\u0161imi slu\u017ebami, ale aj in\u00fdmi str\u00e1nkami.<\/li>\r\n<li>V\u00a0pr\u00edpade \u0161peci\u00e1lnych akci\u00ed a\u00a0zbierok, do ktor\u00fdch sa prostredn\u00edctvom n\u00e1s zapoj\u00edte (napr. po\u0161lete cez n\u00e1s dar charitat\u00edvnej organiz\u00e1cii s\u00a0ktorou spolupracujeme), m\u00f4\u017ee d\u00f4js\u0165 k\u00a0poskytnutiu va\u0161ich kontaktn\u00fdch \u00fadajov tejto organiz\u00e1cii aby v\u00e1m mohla po\u010fakova\u0165 za poskytnut\u00fa podporu. V\u017edy sa v\u00e1s v\u0161ak dopredu op\u00fdtame, \u010di si \u017eel\u00e1te, aby boli va\u0161e osobn\u00e9 \u00fadaje takto poskytnut\u00e9 konkr\u00e9tnej organiz\u00e1cii, alebo chcete zosta\u0165 v\u00a0anonymite.<\/li>\r\n<\/ul>\r\n<h3>Prenos do tret\u00edch kraj\u00edn:<\/h3>\r\n<ul>\r\n<li>Va\u0161e osobn\u00e9 \u00fadaje akt\u00edvne do tret\u00edch kraj\u00edn mimo E\u00da nepren\u00e1\u0161ame. V\u00fdnimku tvor\u00ed vyu\u017e\u00edvanie slu\u017eieb extern\u00e9ho sprac\u00favania e-mailov\u00fdch kontaktov (mailchimp.com, USA). Ale aj t\u00e1to spolo\u010dnos\u0165 je povinn\u00e1 dodr\u017eiava\u0165 podmienky US-E\u00da Privacy a\u00a0t\u00fdm poskytuje primeran\u00fa \u00farove\u0148 ochrany pre va\u0161e osobn\u00e9 \u00fadaje.<\/li>\r\n<\/ul>\r\n<h3>Ako va\u0161e \u00fadaje chr\u00e1nime:<\/h3>\r\n<ul>\r\n<li>Pracujeme ve\u013emi tvrdo, aby sme sa uistili, \u017ee Va\u0161e osobn\u00e9 \u00fadaje s\u00fa v\u00a0bezpe\u010d\u00ed. V\u00a0s\u00falade s\u00a0po\u017eiadavkami platnej legislat\u00edvy vykon\u00e1vame v\u0161etky potrebn\u00e9 bezpe\u010dnostn\u00e9, technick\u00e9 a\u00a0organiza\u010dn\u00e9 opatrenia, aby sme va\u0161e \u00fadaje chr\u00e1nili. Elektronick\u00e9 \u00fadaje s\u00fa uchov\u00e1van\u00e9 v\u00a0chr\u00e1nenej datab\u00e1ze na serveri, ktor\u00fd je n\u00e1\u0161 alebo je pre n\u00e1s vyhraden\u00fd. Datab\u00e1zu obsahuj\u00facu osobn\u00e9 \u00fadaje chr\u00e1nime pred jej po\u0161koden\u00edm, zni\u010den\u00edm, stratou, zneu\u017eit\u00edm.<\/li>\r\n<\/ul>\r\n<h3>Ako dlho \u00fadaje uchov\u00e1vame:<\/h3>\r\n<ul>\r\n<li>Osobn\u00e9 \u00fadaje s\u00favisiace s\u00a0va\u0161im u\u017e\u00edvate\u013esk\u00fdm kontom uchov\u00e1vame, k\u00fdm m\u00e1te konto zriaden\u00e9, ke\u010f\u017ee je nevyhnutn\u00e9 na to, aby sme vedeli pre v\u00e1s konto prev\u00e1dzkova\u0165. Pokia\u013e nem\u00e1te konto vytvoren\u00e9 (nevytvorili ste si ho po\u010das vytv\u00e1rania objedn\u00e1vky), uchov\u00e1vame va\u0161e osobn\u00e9 \u00fadaje t\u00fdkaj\u00face sa vybavenej objedn\u00e1vky po\u010das nevyhnutnej doby, ktorou je spravidla p\u00e4\u0165 rokov od jej doru\u010denia.<\/li>\r\n<li>V\u00a0pr\u00edpade, ak pou\u017e\u00edvame Va\u0161e osobn\u00e9 \u00fadaje za \u00fa\u010delom komunik\u00e1cie s\u00a0vami (zasielanie newsletterov) alebo v\u00a0in\u00fdch pr\u00edpadoch, kedy ste n\u00e1m udelili s\u00fahlas, uchov\u00e1vame tieto \u00fadaje, k\u00fdm n\u00e1m pr\u00edslu\u0161n\u00fd s\u00fahlas neodvol\u00e1te. V\u00a0pr\u00edpadoch vyu\u017e\u00edvania va\u0161ich \u00fadajov na z\u00e1klade opr\u00e1vnen\u00e9ho z\u00e1ujmu uchov\u00e1vame va\u0161e \u00fadaje, k\u00fdm neodpadne d\u00f4vod ich sprac\u00favania. Mus\u00edme v\u00e1s v\u0161ak upozorni\u0165, \u017ee aj ke\u010f odpadne niektor\u00fd z\u00a0d\u00f4vodov sprac\u00favania nemus\u00ed to ma\u0165 za n\u00e1sledok, \u017ee uchov\u00e1vanie va\u0161ich osobn\u00fdch \u00fadajov ukon\u010d\u00edme. Tieto osobn\u00e9 \u00fadaje toti\u017e m\u00f4\u017eeme a\u00a0ob\u010das mus\u00edme sprac\u00fava\u0165 aj na in\u00fd \u00fa\u010del s\u00a0in\u00fdm pr\u00e1vnym z\u00e1kladom.<\/li>\r\n<\/ul>\r\n<h3>Ak\u00e9 s\u00fa va\u0161e pr\u00e1va<\/h3>\r\n<ul>\r\n<li>Z\u00a0toho, \u017ee sprac\u00favame va\u0161e osobn\u00e9 \u00fadaje, v\u00e1m vypl\u00fdvaj\u00fa viacer\u00e9 pr\u00e1va. V\u00a0pr\u00edpade, ak si uplatn\u00edte ak\u00e9ko\u013evek z\u00a0ni\u017e\u0161ie uveden\u00fdch pr\u00e1v, budeme v\u00e1s v\u00a0pr\u00edpade potreby informova\u0165 do 30 dn\u00ed odo d\u0148a jej doru\u010denia k\u00a0n\u00e1m. V\u00a0od\u00f4vodnen\u00fdch pr\u00edpadoch m\u00f4\u017eeme uveden\u00fa lehotu pred\u013a\u017ei\u0165 na 60 dn\u00ed, o\u00a0\u010dom v\u00e1s budeme informova\u0165.<\/li>\r\n<\/ul>\r\n<p>Ako si uplatni\u0165 va\u0161e pr\u00e1va:<\/p>\r\n<ul>\r\n<li>Uplatni\u0165 va\u0161e pr\u00e1va si m\u00f4\u017eete zaslan\u00edm e-mailovej spr\u00e1vy alebo p\u00edsomnej \u017eiados\u0165 na na\u0161e kontaktn\u00e9 \u00fadaje uveden\u00e9 na webovej str\u00e1nke v\u00a0\u010dasti \u201eKontakt\u201c.<\/li>\r\n<li>Pros\u00edm uve\u010fte vo Va\u0161ej \u017eiadosti va\u0161e meno, priezvisko, e-mailov\u00fa adresu, pr\u00edpadne po\u0161tov\u00fa adresu bydliska. Ak n\u00e1m uveden\u00e9 \u00fadaje neposkytnete, nebude mo\u017en\u00e9 vyhovie\u0165 va\u0161ej \u017eiadosti. Tieto inform\u00e1cie od v\u00e1s po\u017eadujeme preto, aby sme si overili va\u0161u toto\u017enos\u0165 a\u00a0neposkytli Va\u0161e osobn\u00e9 \u00fadaje neopr\u00e1vnenej osobe.<\/li>\r\n<\/ul>\r\n<p>Pr\u00e1vo na pr\u00edstup k\u00a0\u00fadajom:<\/p>\r\n<ul>\r\n<li>M\u00e1te pr\u00e1vo z\u00edska\u0165 od n\u00e1s potvrdenie o\u00a0tom, \u010di sa o\u00a0v\u00e1s sprac\u00favaj\u00fa osobn\u00e9 \u00fadaje a\u00a0v\u00a0pr\u00edpade, ak va\u0161e osobn\u00e9 sprac\u00favame, poskytneme v\u00e1m inform\u00e1ciu o\u00a0tom, ak\u00e9 \u00fadaje o\u00a0v\u00e1s sprac\u00favame, za ak\u00fdm \u00fa\u010delom, komu boli va\u0161e osobn\u00e9 \u00fadaje poskytnut\u00e9, \u010di boli prenesen\u00e9 do tretej krajiny a\u00a0ako dlho budeme va\u0161e osobn\u00e9 \u00fadaje uchov\u00e1va\u0165.<\/li>\r\n<\/ul>\r\n<p>Pr\u00e1vo na opravu:<\/p>\r\n<ul>\r\n<li>Ak zist\u00edte, alebo sa domnievate, \u017ee o\u00a0v\u00e1s sprac\u00favame nespr\u00e1vne, alebo neaktu\u00e1lne \u00fadaje, m\u00f4\u017eete vyu\u017ei\u0165 pr\u00e1vo priamo v\u00a0nastaveniach v\u00e1\u0161ho konta ich aktualizova\u0165, alebo n\u00e1s po\u017eiada\u0165 o\u00a0ich opravu. Pros\u00edme, aby ste toto pr\u00e1vo vyu\u017eili v\u017edy, ke\u010f sa pres\u0165ahujete, alebo zmen\u00edte niektor\u00fd v\u00a0va\u0161ich osobn\u00fdch \u00fadajov, ktor\u00e9 o\u00a0v\u00e1s m\u00e1me.<\/li>\r\n<\/ul>\r\n<p>Pr\u00e1vo na vymazanie:<\/p>\r\n<ul>\r\n<li>M\u00e1te pr\u00e1vo na vymazanie Va\u0161ich osobn\u00fdch \u00fadajov, ktor\u00e9 o\u00a0v\u00e1s sprac\u00favame, v\u00a0pr\u00edpade ak s\u00fa splnen\u00e9 nasledovn\u00e9 podmienky a\u00a0neuplat\u0148uj\u00fa sa in\u00e9 z\u00e1konn\u00e9 v\u00fdnimky:\r\n<ul>\r\n<li>\u00fadaje u\u017e nie s\u00fa potrebn\u00e9 na \u00fa\u010dely, na ktor\u00e9 boli poskytnut\u00e9<\/li>\r\n<li>odvol\u00e1te s\u00fahlas na sprac\u00favanie Va\u0161ich osobn\u00fdch \u00fadajov a\u00a0na ich sprac\u00favanie neexistuje in\u00fd pr\u00e1vny z\u00e1klad<\/li>\r\n<li>namietnete na z\u00e1klade Va\u0161ej konkr\u00e9tnej situ\u00e1cie sprac\u00favanie Va\u0161ich osobn\u00fdch \u00fadajov, sprac\u00favanie na z\u00e1klade opr\u00e1vnen\u00e9ho z\u00e1ujmu a\u00a0nepreva\u017euj\u00fa opr\u00e1vnen\u00e9 d\u00f4vody na sprac\u00favanie alebo namietnete sprac\u00favanie za \u00fa\u010delom priameho marketingu<\/li>\r\n<li>osobn\u00e9 \u00fadaje sa sprac\u00favali nez\u00e1konne<\/li>\r\n<\/ul>\r\n<\/li>\r\n<li>V\u00a0pr\u00edpade, ak by boli Va\u0161e osobn\u00e9 \u00fadaje zverejnen\u00e9 a\u00a0Vy si u\u00a0n\u00e1s uplatn\u00edte pr\u00e1vo na vymazanie, vyma\u017eeme aj tak\u00e9to zverejnen\u00e9 \u00fadaje ak to bude technicky mo\u017en\u00e9 so zrete\u013eom na dostupn\u00fa technol\u00f3giu a\u00a0n\u00e1klady na vykonanie t\u00fdchto opatren\u00ed.<\/li>\r\n<\/ul>\r\n<p>Pr\u00e1vo na obmedzenie sprac\u00favania<\/p>\r\n<ul>\r\n<li>M\u00e1te tie\u017e pr\u00e1vo n\u00e1s po\u017eiada\u0165 o\u00a0do\u010dasn\u00e9 obmedzenie sprac\u00favania, a\u00a0to v\u00a0t\u00fdchto pr\u00edpadoch:\r\n<ul>\r\n<li>ak sa domnievate, \u017ee o\u00a0v\u00e1s sprac\u00favame nespr\u00e1vne osobn\u00e9 \u00fadaje, do doby, ne\u017e sa over\u00ed spr\u00e1vnos\u0165 t\u00fdchto osobn\u00fdch \u00fadajov<\/li>\r\n<li>sprac\u00favanie Va\u0161ich osobn\u00fdch \u00fadajov je protiz\u00e1konn\u00e9 a\u00a0vy sa rozhodnete namiesto vymazania osobn\u00fdch \u00fadajov \u017eiada\u0165 o\u00a0obmedzenie ich sprac\u00favania<\/li>\r\n<li>u\u017e nepotrebujeme osobn\u00e9 \u00fadaje na \u00fa\u010dely sprac\u00favania, av\u0161ak tieto s\u00fa potrebn\u00e9 pre Va\u0161e vlastn\u00e9 \u00fa\u010dely preuk\u00e1zania, uplat\u0148ovania alebo obhajovania va\u0161ich pr\u00e1vnych \u00fakonov<\/li>\r\n<li>v\u00a0pr\u00edpade ak namietate sprac\u00favanie Va\u0161ich osobn\u00fdch \u00fadajov, do doby overenia \u010di opr\u00e1vnen\u00e9 d\u00f4vody pre sprac\u00favanie osobn\u00fdch \u00fadajov preva\u017euj\u00fa nad va\u0161imi opr\u00e1vnen\u00fdmi z\u00e1ujmami<\/li>\r\n<\/ul>\r\n<\/li>\r\n<\/ul>\r\n<p>Pr\u00e1vo na presnos\u0165 \u00fadajov<\/p>\r\n<ul>\r\n<li>M\u00e1te pr\u00e1vo z\u00edska\u0165 osobn\u00e9 \u00fadaje, ktor\u00e9 o\u00a0v\u00e1s sprac\u00favame na z\u00e1klade s\u00fahlasu a\/alebo zmluvy a\u00a0sprac\u00favame ich automatizovan\u00fdmi prostriedkami, a\u00a0to v\u00a0\u0161trukt\u00farovanom, be\u017ene pou\u017e\u00edvanom a\u00a0strojovo \u010ditate\u013enom form\u00e1te. Tieto \u00fadaje m\u00f4\u017eete prenies\u0165 aj inej osobe, preto ak je to teoreticky mo\u017en\u00e9, prenesieme na Va\u0161u \u017eiados\u0165 Va\u0161e osobn\u00e9 \u00fadaje priamo k\u00a0Vami zvolen\u00e9mu prev\u00e1dzkovate\u013eovi.<\/li>\r\n<\/ul>\r\n<p>Pr\u00e1vo namieta\u0165<\/p>\r\n<ul>\r\n<li>M\u00e1te pr\u00e1vo namieta\u0165 z\u00a0d\u00f4vodov t\u00fdkaj\u00facich sa Va\u0161ej konkr\u00e9tnej situ\u00e1cie sprac\u00favanie Va\u0161ich osobn\u00fdch \u00fadajov, ktor\u00e9 je vykon\u00e1van\u00e9 na z\u00e1klade n\u00e1\u0161ho opr\u00e1vnen\u00e9ho z\u00e1ujmu, vr\u00e1tane pr\u00e1va namieta\u0165 proti profilovaniu zalo\u017een\u00e9mu na na\u0161om opr\u00e1vnenom z\u00e1ujme.<\/li>\r\n<li>V\u017edy m\u00e1te pr\u00e1vo namieta\u0165 vo\u010di sprac\u00favaniu Va\u0161ich osobn\u00fdch \u00fadajov, ak sa tieto sprac\u00favaj\u00fa na \u00fa\u010dely priameho marketingu.<\/li>\r\n<\/ul>\r\n<h3>Pod\u00e1vanie s\u0165a\u017enost\u00ed<\/h3>\r\n<ul>\r\n<li>V\u00a0pr\u00edpade, ak sa domnievate, \u017ee sprac\u00favanie va\u0161ich osobn\u00fdch \u00fadajov na\u0161ou spolo\u010dnos\u0165ou je v\u00a0rozpore s\u00a0platn\u00fdmi pr\u00e1vnymi predpismi na ochranu osobn\u00fdch \u00fadajov, m\u00e1te pr\u00e1vo poda\u0165 s\u0165a\u017enos\u0165 na n\u00e1\u0161 hlavn\u00fd dozorn\u00fd org\u00e1n \u2013 \u00darad na ochranu osobn\u00fdch \u00fadajov Slovenskej republiky.<\/li>\r\n<\/ul>\r\n<h3>Kontaktujte n\u00e1s<\/h3>\r\n<ul>\r\n<li>Ak by ste mali k\u00a0tomuto dokumentu ak\u00e9ko\u013evek ot\u00e1zky, p\u00fdtajte sa n\u00e1s na slovozivota@slovozivota.sk<\/li>\r\n<\/ul>\r\n<p>&nbsp;<\/p>\r\n<p>\u00a0<\/p>\r\n<p>[\/vc_column_text][\/vc_column][\/vc_row]<\/p>","protected":false},"excerpt":{"rendered":"<p>[vc_row][vc_column][vc_column_text] Z\u00e1sady ochrany osobn\u00fdch \u00fadajov Majite\u013e a prev\u00e1dzkovate\u013e webstr\u00e1nky je Slovo \u017eivota international Bratislava, Tom\u00e1\u0161ikova 30, 821 01\u00a0 Bratislava, I\u010cO: 30839998, DI\u010c: 2020992237, I\u010c DI\u010c: SK 2020992237.Rob\u00edme v\u0161etko preto, aby [&hellip;]<\/p>\n","protected":false},"author":1,"featured_media":0,"parent":0,"menu_order":0,"comment_status":"closed","ping_status":"closed","template":"","meta":{"episode_type":"","audio_file":"","cover_image":"","cover_image_id":"","duration":"","filesize":"","date_recorded":"","explicit":"","block":"","filesize_raw":"","footnotes":""},"class_list":["post-4129","page","type-page","status-publish","hentry"],"_links":{"self":[{"href":"https:\/\/www.slovozivota.sk\/ru-ru\/wp-json\/wp\/v2\/pages\/4129","targetHints":{"allow":["GET"]}}],"collection":[{"href":"https:\/\/www.slovozivota.sk\/ru-ru\/wp-json\/wp\/v2\/pages"}],"about":[{"href":"https:\/\/www.slovozivota.sk\/ru-ru\/wp-json\/wp\/v2\/types\/page"}],"author":[{"embeddable":true,"href":"https:\/\/www.slovozivota.sk\/ru-ru\/wp-json\/wp\/v2\/users\/1"}],"replies":[{"embeddable":true,"href":"https:\/\/www.slovozivota.sk\/ru-ru\/wp-json\/wp\/v2\/comments?post=4129"}],"version-history":[{"count":1,"href":"https:\/\/www.slovozivota.sk\/ru-ru\/wp-json\/wp\/v2\/pages\/4129\/revisions"}],"predecessor-version":[{"id":13660,"href":"https:\/\/www.slovozivota.sk\/ru-ru\/wp-json\/wp\/v2\/pages\/4129\/revisions\/13660"}],"wp:attachment":[{"href":"https:\/\/www.slovozivota.sk\/ru-ru\/wp-json\/wp\/v2\/media?parent=4129"}],"curies":[{"name":"wp","href":"https:\/\/api.w.org\/{rel}","templated":true}]}}