{"id":4138,"date":"2019-09-30T09:46:25","date_gmt":"2019-09-30T07:46:25","guid":{"rendered":"https:\/\/new.slovozivota.sk\/?page_id=4138"},"modified":"2025-03-19T18:32:56","modified_gmt":"2025-03-19T17:32:56","slug":"live-stream","status":"publish","type":"page","link":"https:\/\/www.slovozivota.sk\/ru-ru\/live-stream\/","title":{"rendered":"Live Stream"},"content":{"rendered":"<p>[vc_row][vc_column][vc_column_text]<\/p>\n<h1>Live Stream<\/h1>\n<p>[\/vc_column_text][vc_empty_space][vc_column_text]Ak prenos nefunguje priamo tu, je mo\u017en\u00e9 ho sledova\u0165 cez <a href=\"https:\/\/www.youtube.com\/c\/SlovozivotaBratislava\" target=\"_blank\" rel=\"noopener\">youtube<\/a>.[\/vc_column_text][vc_column_text]<iframe loading=\"lazy\" src=\"https:\/\/www.youtube.com\/embed\/live_stream?channel=UCuU_oxsf3f3dohBQZj5P82w\" width=\"1120\" height=\"630\" frameborder=\"0\" allowfullscreen=\"allowfullscreen\"><\/iframe>[\/vc_column_text][vc_empty_space][vc_separator][vc_column_text]<\/p>\n<h1>Audio Stream<\/h1>\n<p>[\/vc_column_text][vc_empty_space][vc_raw_html]JTNDcCUzRSUwQSUzQ2F1ZGlvJTIwY29udHJvbHMlMjBhdXRvcGxheSUzRCUyMmF1dG9wbGF5JTIyJTNFJTNDc291cmNlJTIwc3JjJTNEJTIyaHR0cHMlM0ElMkYlMkZpY2Uuc2xvdm96aXZvdGEuc2slM0E4NDQzJTJGc3RyZWFtLm9nZyUyMiUyMHR5cGUlM0QlMjJhdWRpbyUyRm1wZWclMjIlM0VZb3VyJTIwYnJvd3NlciUyMGRvZXMlMjBub3QlMjBzdXBwb3J0JTIwdGhlJTIwYXVkaW8lMjBlbGVtZW50LiUzQyUyRmF1ZGlvJTNFJTIwJTIwJTIwJTIwJTIwJTIwJTIwJTIwJTIwJTIwJTBBJTNDJTJGcCUzRQ==[\/vc_raw_html][vc_empty_space][vc_column_text]Link pre po\u010d\u00favanie streamu v aplik\u00e1ci\u00e1ch: https:\/\/ice.slovozivota.sk:8443\/stream.ogg[\/vc_column_text][\/vc_column][\/vc_row]<\/p>\n","protected":false},"excerpt":{"rendered":"<p>[vc_row][vc_column][vc_column_text] Live Stream [\/vc_column_text][vc_empty_space][vc_column_text]Ak prenos nefunguje priamo tu, je mo\u017en\u00e9 ho sledova\u0165 cez youtube.[\/vc_column_text][vc_column_text][\/vc_column_text][vc_empty_space][vc_separator][vc_column_text] Audio Stream [\/vc_column_text][vc_empty_space][vc_raw_html]JTNDcCUzRSUwQSUzQ2F1ZGlvJTIwY29udHJvbHMlMjBhdXRvcGxheSUzRCUyMmF1dG9wbGF5JTIyJTNFJTNDc291cmNlJTIwc3JjJTNEJTIyaHR0cHMlM0ElMkYlMkZpY2Uuc2xvdm96aXZvdGEuc2slM0E4NDQzJTJGc3RyZWFtLm9nZyUyMiUyMHR5cGUlM0QlMjJhdWRpbyUyRm1wZWclMjIlM0VZb3VyJTIwYnJvd3NlciUyMGRvZXMlMjBub3QlMjBzdXBwb3J0JTIwdGhlJTIwYXVkaW8lMjBlbGVtZW50LiUzQyUyRmF1ZGlvJTNFJTIwJTIwJTIwJTIwJTIwJTIwJTIwJTIwJTIwJTIwJTBBJTNDJTJGcCUzRQ==[\/vc_raw_html][vc_empty_space][vc_column_text]Link pre po\u010d\u00favanie streamu v aplik\u00e1ci\u00e1ch: https:\/\/ice.slovozivota.sk:8443\/stream.ogg[\/vc_column_text][\/vc_column][\/vc_row]<\/p>\n","protected":false},"author":1,"featured_media":6261,"parent":0,"menu_order":0,"comment_status":"closed","ping_status":"closed","template":"","meta":{"episode_type":"","audio_file":"","cover_image":"","cover_image_id":"","duration":"","filesize":"","date_recorded":"","explicit":"","block":"","filesize_raw":"","footnotes":""},"class_list":["post-4138","page","type-page","status-publish","has-post-thumbnail","hentry"],"_links":{"self":[{"href":"https:\/\/www.slovozivota.sk\/ru-ru\/wp-json\/wp\/v2\/pages\/4138","targetHints":{"allow":["GET"]}}],"collection":[{"href":"https:\/\/www.slovozivota.sk\/ru-ru\/wp-json\/wp\/v2\/pages"}],"about":[{"href":"https:\/\/www.slovozivota.sk\/ru-ru\/wp-json\/wp\/v2\/types\/page"}],"author":[{"embeddable":true,"href":"https:\/\/www.slovozivota.sk\/ru-ru\/wp-json\/wp\/v2\/users\/1"}],"replies":[{"embeddable":true,"href":"https:\/\/www.slovozivota.sk\/ru-ru\/wp-json\/wp\/v2\/comments?post=4138"}],"version-history":[{"count":4,"href":"https:\/\/www.slovozivota.sk\/ru-ru\/wp-json\/wp\/v2\/pages\/4138\/revisions"}],"predecessor-version":[{"id":12893,"href":"https:\/\/www.slovozivota.sk\/ru-ru\/wp-json\/wp\/v2\/pages\/4138\/revisions\/12893"}],"wp:featuredmedia":[{"embeddable":true,"href":"https:\/\/www.slovozivota.sk\/ru-ru\/wp-json\/wp\/v2\/media\/6261"}],"wp:attachment":[{"href":"https:\/\/www.slovozivota.sk\/ru-ru\/wp-json\/wp\/v2\/media?parent=4138"}],"curies":[{"name":"wp","href":"https:\/\/api.w.org\/{rel}","templated":true}]}}