{"id":4147,"date":"2019-09-30T19:34:20","date_gmt":"2019-09-30T17:34:20","guid":{"rendered":"https:\/\/new.slovozivota.sk\/?page_id=4147"},"modified":"2025-04-15T15:06:39","modified_gmt":"2025-04-15T13:06:39","slug":"duchovny-rast","status":"publish","type":"page","link":"https:\/\/www.slovozivota.sk\/ru-ru\/duchovny-rast\/","title":{"rendered":"Duchovn\u00fd rast"},"content":{"rendered":"<p>[vc_row][vc_column width=&#8221;2\/3&#8243;][vc_column_text]<\/p>\n<h2>Dom\u00e1ce skupiny<\/h2>\n<p>Jedn\u00fdm z nosn\u00fdch prehl\u00e1sen\u00ed n\u00e1\u0161ho zboru v\u017edy bolo: \u201eChceme by\u0165 dos\u0165 ve\u013ek\u00ed na to, aby sme ti mohli sl\u00fa\u017ei\u0165, ale z\u00e1rove\u0148 dos\u0165 mal\u00ed na to, aby sme \u0165a mohli pozna\u0165.\u201c Hne\u010f od za\u010diatku zboru boli dom\u00e1ce skupiny nevyhnutn\u00fdm stavebn\u00fdm kame\u0148om jeho vn\u00fatornej stavby. Tu sa veriaci spolu modlia, \u0161tuduj\u00fa Bo\u017eie slovo, ale z\u00e1rove\u0148 sa m\u00f4\u017eu akt\u00edvne budova\u0165 na procese u\u010den\u00edctva. Ak m\u00e1te z\u00e1ujem spozna\u0165 n\u00e1s bli\u017e\u0161ie, poz\u00fdvame v\u00e1s zak\u00fasi\u0165 atmosf\u00e9ry tak\u00fdchto neform\u00e1lnych stretnut\u00ed.<\/p>\n<p><i><b>Pros\u00edm, <a href=\"\/kontakt#kontakt\">nap\u00ed\u0161te n\u00e1m<\/a> a my v\u00e1m radi odporu\u010d\u00edme vhodn\u00fa skupinku<\/b><\/i>[\/vc_column_text][\/vc_column][vc_column width=&#8221;1\/3&#8243;][vc_empty_space][vc_column_text][vc_btn title=&#8221;Nap\u00ed\u0161te n\u00e1m&#8221; style=&#8221;outline-custom&#8221; outline_custom_color=&#8221;#ecad00&#8243; outline_custom_hover_background=&#8221;#f0c348&#8243; outline_custom_hover_text=&#8221;#ffffff&#8221; size=&#8221;lg&#8221; align=&#8221;left&#8221; \u00a0i_icon_fontawesome=&#8221;fa fa-envelope-o&#8221; add_icon=&#8221;true&#8221; link=&#8221;url:\/kontakt#kontakt||target:%20_blank|&#8221;][\/vc_column_text][\/vc_column][\/vc_row][vc_row][vc_column width=&#8221;1\/2&#8243;][vc_empty_space height=&#8221;50px&#8221;][vc_raw_html]JTNDYSUyMG5hbWUlM0QlMjJrdXJ6JTIyJTNFJTNDJTJGYSUzRSUwQSUzQ2ElMjBuYW1lJTNEJTIya3VyeiUyRiUyMiUzRSUzQyUyRmElM0U=[\/vc_raw_html]<div id=\"Program\" class=\"columns_wrap sc_columns columns_nofluid sc_columns_count_2\"><\/div>[vc_column_text]<\/p>\n<h2><b><span lang=\"SK\">Ve\u010dern\u00e1 biblick\u00e1 \u0161kola 2025<\/span><\/b><\/h2>\n<p>V\u00edzia rodiny cirkv\u00ed Slovo \u017eivota: <em>\u201eVybavte veriacich slovami viery, uk\u00e1\u017ete im duchovn\u00e9 zbrane, ktor\u00e9 maj\u00fa, nau\u010dte ich ako ich pou\u017e\u00edva\u0165 a po\u0161lite ich do v\u00ed\u0165azn\u00e9ho boja pre P\u00e1na!\u201c<\/em><\/p>\n<p>Na\u0161ou t\u00fa\u017ebou je: <em>\u201eVybudova\u0165 a vytr\u00e9nova\u0165 veriacich, aby zasiahli a zmenili svet!\u201c<\/em><\/p>\n<p>Ve\u010dern\u00e1 biblick\u00e1 \u0161kola (VBS) bude trva\u0165 4 mesiace a spolo\u010dne prejdeme 14-timi lekciami z Bo\u017eieho slova: <em>Boh a jeho charakter, \u017div\u00e1 viera, Autorita veriaceho, Posledn\u00e9 \u010dasy, zm\u0155tvychvstanie a s\u00fady, Uzdravenie, Ako rozv\u00edja\u0165 modlitebn\u00fd \u017eivot, Vyslobodenie, Autorita Biblie a moc Bo\u017eieho slova, Krst Duchom Sv\u00e4t\u00fdm a Jeho dary, Bo\u017e\u00ed poh\u013ead na peniaze, Kres\u0165ansk\u00e1 rodina, Evanjeliz\u00e1cia a misia.<\/em><\/p>\n<p><strong>Za\u010d\u00edname v UTOROK 18.3.2025 a kon\u010d\u00edme 24.6.2025.<\/strong> Biblick\u00e1 \u0161kola bude <strong>ka\u017ed\u00fd utorok od 18:30 do 20:30<\/strong>. Po chv\u00e1lach a modlitbe bud\u00fa v\u017edy 2 lekcie.<\/p>\n<p><strong>Pros\u00edme v\u00e1s, aby ste lekci\u00e1m Biblickej \u0161koly dali prioritu.<\/strong> Ak sa niektorej lekcie nem\u00f4\u017eete z\u00fa\u010dastni\u0165 fyzicky, pon\u00fakame v\u00e1m mo\u017enos\u0165 pripoji\u0165 sa cez ZOOM. Pre absolvovanie VBS v\u0161ak vy\u017eadujeme, aby ste sa z\u00fa\u010dastnili aspo\u0148 polovice lekci\u00ed fyzicky, \u010do je 7.<\/p>\n<p><strong>Ak by ste sa v dan\u00fa lekciu nemohli z\u00fa\u010dastni\u0165 ani ZOOM-u, potom si potrebujete lekciu vypo\u010du\u0165.<\/strong> Lekcie budeme nahr\u00e1va\u0165, nahr\u00e1vky bud\u00fa v\u00fdhradne k dispoz\u00edcii iba v\u00e1m, \u0161tudentom VBS.<\/p>\n<p><strong>Ak sa nem\u00f4\u017eete z\u00fa\u010dastni\u0165 lekcie, ani sa napoji\u0165 na ZOOM, v\u017edy n\u00e1m to dajte dopredu vedie\u0165.<\/strong> Pre absolvovanie \u0161koly m\u00f4\u017eete takto ch\u00fdba\u0165 maxim\u00e1lne 5 x s t\u00fdm, \u017ee lekcie si do najbli\u017e\u0161ieho testu dopo\u010dujete.<\/p>\n<p><strong>Dvakr\u00e1t budeme p\u00edsa\u0165 jednoduch\u00e9 testy.<\/strong> Ur\u010dite ich zvl\u00e1dnete! Na\u0161im z\u00e1merom je pom\u00f4c\u0165 v\u00e1m, aby ste si Bo\u017eie slovo zamilovali a stali sa \u201ezru\u010dn\u00fdmi v slove spravodlivosti\u201c (\u017did 5:13).<\/p>\n<p><strong>U\u010dite\u013emi<\/strong> bud\u00fa pastori a slu\u017eobn\u00edci n\u00e1\u0161ho zboru.<\/p>\n<p><strong>Pri vyu\u010dovan\u00ed si robte pozn\u00e1mky a pou\u017e\u00edvajte <em>Bibliu<\/em> a knihu <em>Biblick\u00e9 z\u00e1klady<\/em><\/strong> (nov\u00e9 revidovan\u00e9 vydanie z r. 2017). Ak knihu nem\u00e1te, <strong>povinnos\u0165ou \u0161tudenta je zak\u00fapi\u0165 si ju<\/strong>.[\/vc_column_text][vc_empty_space][vc_column_text]<!--noptimize--><script type=\"text\/javascript\">\r\n    var captainformCustomVars = {};\r\n    var captainformThemeStyle = {};\r\n    var append_element = append_element || function(e){if(void 0==e)return!1;if(!(\"elementType\"in e))return!1;var n=null;if(n=e.following?e.following.parentElement:e.inside?e.inside:e.replacing?e.replacing.parentElement:\"script\"==e.elementType?document.head:document.body,null==n)return!1;var l=document.createElement(e.elementType);delete e.elementType,l=jQuery.extend(l,e),e.replacing?n.replaceChild(l,e.replacing):n.appendChild(l)};\r\n    var captainformDomReady = captainformDomReady || function(e){var t=!1,n=function(){document.addEventListener?(document.removeEventListener(\"DOMContentLoaded\",d),window.removeEventListener(\"load\",d)):(document.detachEvent(\"onreadystatechange\",d),window.detachEvent(\"onload\",d))},d=function(){t||!document.addEventListener&&\"load\"!==event.type&&\"complete\"!==document.readyState||(t=!0,n(),e())};if(\"complete\"===document.readyState)e();else if(document.addEventListener)document.addEventListener(\"DOMContentLoaded\",d),window.addEventListener(\"load\",d);else{document.attachEvent(\"onreadystatechange\",d),window.attachEvent(\"onload\",d);var o=!1;try{o=null==window.frameElement&&document.documentElement}catch(a){}o&&o.doScroll&&!function c(){if(!t){try{o.doScroll(\"left\")}catch(d){return setTimeout(c,50)}t=!0,n(),e()}}()}};\r\n    var readyStateOverflowInterval;\r\n    captainformDomReady(function() {\r\n        if (document.getElementById('captainform_js_global_vars') == null) {\r\n            append_element({\r\n                elementType: \"script\",\r\n                type: \"text\/javascript\",\r\n                id: \"captainform_js_global_vars\",\r\n                textContent: 'var frmRef=\"\"; try { frmRef=window.top.location.href; } catch(err) {}; var captainform_servicedomain=\"app.captainform.com\";var cfJsHost = \"https:\/\/\";',\r\n            });\r\n        }\r\n                try {\r\n            clearInterval(readyStateOverflowInterval);\r\n        }\r\n        catch(e) {\r\n            console.warn('[CaptainForm] Clear readyStateOverflowInterval error');\r\n        }\r\n        readyStateOverflowInterval = setInterval(function () {\r\n            try {\r\n                var elements = ['html', 'body'];\r\n                var foundElementWithOverflowHidden = false;\r\n                jQuery(elements).each(function (index, element) {\r\n                    if (jQuery(element).css('overflow-y') == 'hidden') {\r\n                        foundElementWithOverflowHidden = true;\r\n                        if(jQuery(element).height() > jQuery('window').height()){\r\n                            jQuery(window).resize();\r\n                        }\r\n                    }\r\n                    if(!foundElementWithOverflowHidden) {\r\n                        clearInterval(readyStateOverflowInterval);\r\n                    }\r\n                });\r\n            }\r\n            catch (e) {\r\n                console.warn('[CaptainForm] Overflow check error');\r\n            }\r\n        }, 300);\r\n            });\r\n<\/script><!--\/noptimize--><div id=\"1345885\"><\/div>\n<!--noptimize--><script type=\"text\/javascript\">\n    captainformCustomVars['1345885'] = '';\n    captainformThemeStyle['1345885'] = '';\n    captainformDomReady(function () {\n        if (document.getElementById('captainform_easyxdmjs') == null) {\n            append_element({\n                elementType: \"script\",\n                type: \"text\/javascript\",\n                id: \"captainform_easyxdmjs\",\n                src: cfJsHost + captainform_servicedomain + \"\/includes\/easyXDM.min.js\",\n            });\n        }\n        if (document.getElementById('iframeresizer_embedding_system') == null) {\n            append_element({\n                elementType: \"script\",\n                type: \"text\/javascript\",\n                id: \"iframeresizer_embedding_system\",\n                src: cfJsHost + captainform_servicedomain + \"\/modules\/captainform\/js\/iframe_resizer\/3.5\/iframeResizer.min.js\",\n            });\n        }\n        append_element({\n            elementType: \"script\",\n            type: \"text\/javascript\",\n            id: \"jsform-1345885\",\n            src: cfJsHost + captainform_servicedomain + \"\/jsform-1345885.js?\" + captainformCustomVars['1345885'] + captainformThemeStyle['1345885'],\n            replacing: document.getElementById(\"1345885\"),\n        });\n    });\n<\/script><!--\/noptimize-->[\/vc_column_text][\/vc_column][vc_column width=&#8221;1\/2&#8243;][vc_empty_space height=&#8221;50px&#8221;][vc_column_text][\/vc_column_text][vc_single_image image=&#8221;12833&#8243; img_size=&#8221;large&#8221;][vc_empty_space][vc_column_text]<\/p>\n<h3><strong>Program:<\/strong><\/h3>\n<div class=\"wpb_text_column wpb_content_element \">\n<div class=\"wpb_wrapper\">\n<ol>\n<li>lekcia 18.03 (utorok) <strong>\u00davod + Boh a Jeho charakter<\/strong><\/li>\n<li>lekcia 25.03. (utorok) <strong>\u017div\u00e1 viera<\/strong><\/li>\n<li>lekcia 01.04. (utorok) <strong>Autorita veriaceho<\/strong><\/li>\n<li>lekcia 08.04. (utorok) <strong>Ako rozv\u00edja\u0165 modlitebn\u00fd \u017eivot?<\/strong><\/li>\n<li>lekcia 15.04. (utorok)\u00a0<strong>Posledn\u00e9 \u010dasy, zm\u0155tvychvstanie, s\u00fady<\/strong><\/li>\n<li>lekcia 29.04 (utorok) <strong>Uzdravenie<\/strong><\/li>\n<li>lekcia 06.05. (utorok) <strong>Vyslobodenie<\/strong><br \/>\n<strong>Test \u010d. 1<\/strong><\/li>\n<li>lekcia 13.05. (utorok) <strong>Autorita Biblie a moc Bo\u017eieho slova<\/strong><\/li>\n<li>lekcia 20.05. (utorok) <strong>Krst Duchom Sv\u00e4t\u00fdm a Jeho dary<\/strong><\/li>\n<li>lekcia 27.05. (utorok) <strong>Kres\u0165ansk\u00e1 rodina\u00a0<\/strong><\/li>\n<li>lekcia 03.06. (utorok)\u00a0<strong>Bo\u017e\u00ed poh\u013ead na peniaze<br \/>\n<\/strong><\/li>\n<li>lekcia 10.06. (utorok) <strong>Cirkev \u017eiv\u00e9ho Boha a Izrael<\/strong><\/li>\n<li>lekcia 17.06 (utorok) <strong>Evanjeliz\u00e1cia a misia<\/strong><br \/>\n<strong>Test \u010d. 2<\/strong><\/li>\n<li>lekcia 24.06. (utorok) <strong>Z\u00e1vere\u010dn\u00e1 lekcia<\/strong><\/li>\n<\/ol>\n<\/div>\n<\/div>\n<p>[\/vc_column_text][\/vc_column][\/vc_row][vc_row][vc_column width=&#8221;2\/3&#8243;][vc_column_text]<\/p>\n<h2>\u010eal\u0161ie vzdel\u00e1vanie<\/h2>\n<ul>\n<li><a href=\"http:\/\/bisb.cz\/\" target=\"_blank\" rel=\"noopener noreferrer\">Brnensk\u00e1 internetov\u00e1 biblick\u00e1 \u0161kola<\/a><\/li>\n<li><a href=\"https:\/\/lobc.se\/en\/\" target=\"_blank\" rel=\"noopener noreferrer\">Biblick\u00e1 \u0161kola v Uppsale<\/a><\/li>\n<li><a href=\"https:\/\/dobrylider.sk\/\" target=\"_blank\" rel=\"noopener noreferrer\">Global leadership summit<\/a><\/li>\n<\/ul>\n<p>[\/vc_column_text][\/vc_column][vc_column width=&#8221;1\/3&#8243;][\/vc_column][\/vc_row]<\/p>\n","protected":false},"excerpt":{"rendered":"<p>[vc_row][vc_column width=&#8221;2\/3&#8243;][vc_column_text] Dom\u00e1ce skupiny Jedn\u00fdm z nosn\u00fdch prehl\u00e1sen\u00ed n\u00e1\u0161ho zboru v\u017edy bolo: \u201eChceme by\u0165 dos\u0165 ve\u013ek\u00ed na to, aby sme ti mohli sl\u00fa\u017ei\u0165, ale z\u00e1rove\u0148 dos\u0165 mal\u00ed na to, aby [&hellip;]<\/p>\n","protected":false},"author":1,"featured_media":0,"parent":0,"menu_order":0,"comment_status":"closed","ping_status":"closed","template":"","meta":{"episode_type":"","audio_file":"","cover_image":"","cover_image_id":"","duration":"","filesize":"","date_recorded":"","explicit":"","block":"","filesize_raw":"","footnotes":""},"class_list":["post-4147","page","type-page","status-publish","hentry"],"_links":{"self":[{"href":"https:\/\/www.slovozivota.sk\/ru-ru\/wp-json\/wp\/v2\/pages\/4147","targetHints":{"allow":["GET"]}}],"collection":[{"href":"https:\/\/www.slovozivota.sk\/ru-ru\/wp-json\/wp\/v2\/pages"}],"about":[{"href":"https:\/\/www.slovozivota.sk\/ru-ru\/wp-json\/wp\/v2\/types\/page"}],"author":[{"embeddable":true,"href":"https:\/\/www.slovozivota.sk\/ru-ru\/wp-json\/wp\/v2\/users\/1"}],"replies":[{"embeddable":true,"href":"https:\/\/www.slovozivota.sk\/ru-ru\/wp-json\/wp\/v2\/comments?post=4147"}],"version-history":[{"count":39,"href":"https:\/\/www.slovozivota.sk\/ru-ru\/wp-json\/wp\/v2\/pages\/4147\/revisions"}],"predecessor-version":[{"id":13028,"href":"https:\/\/www.slovozivota.sk\/ru-ru\/wp-json\/wp\/v2\/pages\/4147\/revisions\/13028"}],"wp:attachment":[{"href":"https:\/\/www.slovozivota.sk\/ru-ru\/wp-json\/wp\/v2\/media?parent=4147"}],"curies":[{"name":"wp","href":"https:\/\/api.w.org\/{rel}","templated":true}]}}