{"id":5683,"date":"2019-12-19T17:14:56","date_gmt":"2019-12-19T16:14:56","guid":{"rendered":"https:\/\/www.slovozivota.sk\/?page_id=5683"},"modified":"2024-11-13T15:51:10","modified_gmt":"2024-11-13T14:51:10","slug":"stretnutia-veducich-skupin","status":"publish","type":"page","link":"https:\/\/www.slovozivota.sk\/ru-ru\/stretnutia-veducich-skupin\/","title":{"rendered":"Stretnutia ved\u00facich skup\u00edn"},"content":{"rendered":"<p>[vc_row][vc_column][vc_column_text]<\/p>\n<h1>Stretnutia ved\u00facich skup\u00edn<\/h1>\n<p>Na tomto mieste v\u00e1m spr\u00edstupn\u00edme r\u00f4zne nahr\u00e1vky zo stretnut\u00ed ved\u00facich skup\u00edn. Nahr\u00e1vky s\u00fa d\u00f4vern\u00e9, ur\u010den\u00e9 len v\u00e1m. Pros\u00edme, aby ste ich \u010falej nezdie\u013eali.[\/vc_column_text]<br \/>[\/vc_column][\/vc_row][vc_row][vc_column]<audio class=\"sc_audio sc_audio_type_\" src=\"\/wp-content\/uploads\/audio\/proroctva\/20241110_Rune_Borgso_proroctvo_pre_nas_zbor.mp3\" width=\"\" height=\"\" data-title=\"Prorock\u00e9 slovo pre n\u00e1\u0161 zbor - 10.11.2024 - Rune Borgs\u00f8\"><\/audio>[\/vc_column][\/vc_row][vc_row][vc_column]<audio class=\"sc_audio sc_audio_type_\" src=\"\/wp-content\/uploads\/audio\/veduci_skupin\/20210226_stretnutie_lidrov.mp3\" width=\"\" height=\"\" data-title=\"Stretnutie ved\u00facich skup\u00edn - 26.2.2021 - Peter \u010cu\u0159\u00edk\"><\/audio>[\/vc_column][\/vc_row][vc_row][vc_column]<audio class=\"sc_audio sc_audio_type_\" src=\"\/wp-content\/uploads\/audio\/retreat_veducich_zboru\/20191207_Bengt_Wedemalm.mp3\" width=\"\" height=\"\" data-title=\"Retreat ved\u00facich skup\u00edn - 7.12.2019 - Bengt Wedemalm\"><\/audio>[\/vc_column][\/vc_row][vc_row][vc_column]<audio class=\"sc_audio sc_audio_type_\" src=\"\/wp-content\/uploads\/audio\/retreat_veducich_zboru\/20191207_diskusia.mp3\" width=\"\" height=\"\" data-title=\"Retreat ved\u00facich skup\u00edn - 7.12.2019 - diskusia\"><\/audio>[\/vc_column][\/vc_row][vc_row][vc_column]<audio class=\"sc_audio sc_audio_type_\" src=\"\/wp-content\/uploads\/audio\/retreat_veducich_zboru\/20191207_Curik_Nehemias.mp3\" width=\"\" height=\"\" data-title=\"Retreat ved\u00facich skup\u00edn - 7.12.2019 - Peter \u010cu\u0159\u00edk\"><\/audio>[\/vc_column][\/vc_row][vc_row][vc_column]<audio class=\"sc_audio sc_audio_type_\" src=\"\/wp-content\/uploads\/audio\/lidri_rune_borgso\/20180428_Rune_lidri.mp3\" width=\"\" height=\"\" data-title=\"Stretnutie s l\u00eddrami - 28.4.2018 - Rune Borgs\u00f8\"><\/audio>[\/vc_column][\/vc_row]<\/p>\n","protected":false},"excerpt":{"rendered":"<p>[vc_row][vc_column][vc_column_text] Stretnutia ved\u00facich skup\u00edn Na tomto mieste v\u00e1m spr\u00edstupn\u00edme r\u00f4zne nahr\u00e1vky zo stretnut\u00ed ved\u00facich skup\u00edn. Nahr\u00e1vky s\u00fa d\u00f4vern\u00e9, ur\u010den\u00e9 len v\u00e1m. Pros\u00edme, aby ste ich \u010falej nezdie\u013eali.[\/vc_column_text][\/vc_column][\/vc_row][vc_row][vc_column][\/vc_column][\/vc_row][vc_row][vc_column][\/vc_column][\/vc_row][vc_row][vc_column][\/vc_column][\/vc_row][vc_row][vc_column][\/vc_column][\/vc_row][vc_row][vc_column][\/vc_column][\/vc_row][vc_row][vc_column][\/vc_column][\/vc_row]<\/p>\n","protected":false},"author":109,"featured_media":0,"parent":0,"menu_order":0,"comment_status":"closed","ping_status":"closed","template":"","meta":{"episode_type":"","audio_file":"","cover_image":"","cover_image_id":"","duration":"","filesize":"","date_recorded":"","explicit":"","block":"","filesize_raw":"","footnotes":""},"class_list":["post-5683","page","type-page","status-publish","hentry"],"_links":{"self":[{"href":"https:\/\/www.slovozivota.sk\/ru-ru\/wp-json\/wp\/v2\/pages\/5683","targetHints":{"allow":["GET"]}}],"collection":[{"href":"https:\/\/www.slovozivota.sk\/ru-ru\/wp-json\/wp\/v2\/pages"}],"about":[{"href":"https:\/\/www.slovozivota.sk\/ru-ru\/wp-json\/wp\/v2\/types\/page"}],"author":[{"embeddable":true,"href":"https:\/\/www.slovozivota.sk\/ru-ru\/wp-json\/wp\/v2\/users\/109"}],"replies":[{"embeddable":true,"href":"https:\/\/www.slovozivota.sk\/ru-ru\/wp-json\/wp\/v2\/comments?post=5683"}],"version-history":[{"count":2,"href":"https:\/\/www.slovozivota.sk\/ru-ru\/wp-json\/wp\/v2\/pages\/5683\/revisions"}],"predecessor-version":[{"id":12365,"href":"https:\/\/www.slovozivota.sk\/ru-ru\/wp-json\/wp\/v2\/pages\/5683\/revisions\/12365"}],"wp:attachment":[{"href":"https:\/\/www.slovozivota.sk\/ru-ru\/wp-json\/wp\/v2\/media?parent=5683"}],"curies":[{"name":"wp","href":"https:\/\/api.w.org\/{rel}","templated":true}]}}